{"id":97,"date":"2015-06-12T11:56:42","date_gmt":"2015-06-12T10:56:42","guid":{"rendered":"http:\/\/www.nature-comminges.asso.fr\/?page_id=97"},"modified":"2024-05-06T20:06:25","modified_gmt":"2024-05-06T19:06:25","slug":"presentation","status":"publish","type":"page","link":"http:\/\/www.nature-comminges.asso.fr\/index.php\/presentation\/","title":{"rendered":"L&#8217;association"},"content":{"rendered":"<p style=\"text-align: justify;\"><span style=\"font-family: Liberation Serif,serif;\"><span style=\"font-size: large;\">\u00a0 <\/span><\/span><\/p>\n<p style=\"text-align: left;\"><span style=\"font-family: Liberation Serif,serif;\"><span style=\"font-size: xx-large;\"><a href=\"http:\/\/www.nature-comminges.asso.fr\/wp-content\/uploads\/2015\/06\/logo-ANC-rvb-small.jpg\" rel=\"lightbox[97]\"><img loading=\"lazy\" class=\"alignleft wp-image-1624 \" src=\"http:\/\/www.nature-comminges.asso.fr\/wp-content\/uploads\/2015\/06\/logo-ANC-rvb-small.jpg\" alt=\"logo ANC rvb-small\" width=\"222\" height=\"214\" srcset=\"http:\/\/www.nature-comminges.asso.fr\/wp-content\/uploads\/2015\/06\/logo-ANC-rvb-small.jpg 576w, http:\/\/www.nature-comminges.asso.fr\/wp-content\/uploads\/2015\/06\/logo-ANC-rvb-small-300x290.jpg 300w\" sizes=\"(max-width: 222px) 100vw, 222px\" \/><\/a><\/span><\/span><span style=\"font-family: Liberation Serif,serif;\"><span style=\"font-size: xx-large;\">\u00a0\u00a0\u00a0\u00a0 <br class=' sb-br' \/>\u00a0\u00a0\u00a0 NATURE COMMINGES <\/span><\/span><\/p>\n<p style=\"text-align: left;\"><span style=\"font-family: Liberation Serif,serif;\"><span style=\"font-size: xx-large;\">\u00a0\u00a0\u00a0 Connaitre, aimer et pr\u00e9server la nature<\/span><\/span><\/p>\n<p style=\"text-align: justify;\"><span style=\"font-family: Liberation Serif,serif;\"><span style=\"font-size: large;\">\u00a0<br class=' sb-br' \/> <br class=' sb-br' \/> <br class=' sb-br' \/> Depuis 1996, Nature Comminges \u0153uvre pour la protection de la nature et du cadre de vie dans le Comminges. <\/span><\/span><\/p>\n<p style=\"text-align: justify;\"><span style=\"font-family: Liberation Serif,serif;\"><span style=\"font-size: large;\">Ind\u00e9pendante financi\u00e8rement, forte selon les ann\u00e9es de 80 \u00e0 120 adh\u00e9rents, l&#8217;association assure l\u2019enti\u00e8re ma\u00eetrise de ses actions. <\/span><\/span><\/p>\n<p style=\"text-align: justify;\"><span style=\"font-family: Liberation Serif,serif;\"><span style=\"font-size: large;\">Elle est ouverte \u00e0 toutes les personnes qui souhaitent s\u2019investir en faveur de notre environnement. <br class=' sb-br' \/>\u00a0<\/span><\/span><\/p>\n<div id=\"attachment_1000\" style=\"width: 1511px\" class=\"wp-caption alignnone\"><a href=\"http:\/\/www.nature-comminges.asso.fr\/wp-content\/uploads\/2015\/06\/compr-saint-gau.jpg\" rel=\"lightbox[97]\"><img aria-describedby=\"caption-attachment-1000\" loading=\"lazy\" class=\"wp-image-1000 size-full\" src=\"http:\/\/www.nature-comminges.asso.fr\/wp-content\/uploads\/2015\/06\/compr-saint-gau.jpg\" alt=\"compr saint gau\" width=\"1501\" height=\"516\" srcset=\"http:\/\/www.nature-comminges.asso.fr\/wp-content\/uploads\/2015\/06\/compr-saint-gau.jpg 1501w, http:\/\/www.nature-comminges.asso.fr\/wp-content\/uploads\/2015\/06\/compr-saint-gau-300x103.jpg 300w, http:\/\/www.nature-comminges.asso.fr\/wp-content\/uploads\/2015\/06\/compr-saint-gau-1024x352.jpg 1024w, http:\/\/www.nature-comminges.asso.fr\/wp-content\/uploads\/2015\/06\/compr-saint-gau-624x215.jpg 624w\" sizes=\"(max-width: 1501px) 100vw, 1501px\" \/><\/a><p id=\"caption-attachment-1000\" class=\"wp-caption-text\">Le Pays Commingeois est situ\u00e9 au sud de la Haute-Garonne. Il s\u2019\u00e9tend des coteaux de Gascogne jusqu\u2019\u00e0 la fronti\u00e8re espagnole. \u00a9 Yvan Puntous<\/p><\/div>\n<h2 class=\"western\"><span style=\"font-family: Liberation Serif,serif;\"><span style=\"font-size: x-large;\">\u00a0 <br class=' sb-br' \/>\u00a0\u00a0 La faune et la flore\u00a0: Une richesse \u00e0 conna\u00eetre et pr\u00e9server<br \/>\n<\/span><\/span><\/h2>\n<p style=\"text-align: justify;\"><span style=\"font-family: Liberation Serif,serif;\"><span style=\"font-size: large;\">Participations \u00e0 des inventaires et atlas floristiques et faunistiques, \u00e0 l&#8217;\u00e9tude et la d\u00e9termination des habitats sensibles, suivis des rapaces, des galliformes de montagne et de l&#8217;ours brun\u00a0: Les b\u00e9n\u00e9voles de l\u2019Association Nature Comminges contribuent \u00e0 l&#8217;\u00e9tude et \u00e0 la connaissance des milieux naturels et de ses esp\u00e8ces dans le Comminges. <br class=' sb-br' \/>\u00a0<\/span><\/span><\/p>\n<h2 class=\"western\"><span style=\"font-family: Liberation Serif,serif;\"><span style=\"font-size: x-large;\">\u00a0 La veille \u00e9cologique : une n\u00e9cessit\u00e9\u00a0<\/span><\/span><\/h2>\n<p style=\"text-align: justify;\"><span style=\"font-family: Liberation Serif,serif;\"><span style=\"font-size: large;\">Risques industriels, pesticides, d\u00e9chets, am\u00e9liorations de la prise en compte de la biodiversit\u00e9, am\u00e9nagements illicites, veille sur la destruction d&#8217;habitats naturels\u00a0sensibles, parmi lesquels zones humides et espaces forestiers \u00e0 haute naturalit\u00e9 : L&#8217;association surveille les cons\u00e9quences des activit\u00e9s de l\u2019homme sur la nature. <\/span><\/span><\/p>\n<p style=\"text-align: justify;\"><span style=\"font-family: Liberation Serif,serif;\"><span style=\"font-size: large;\">Vigilance, accompagnement des acteurs, actions cibl\u00e9es et recours juridiques permettent de d\u00e9noncer ou d\u2019infl\u00e9chir certains projets aux cons\u00e9quences n\u00e9fastes pour l\u2019environnement. <br class=' sb-br' \/>\u00a0<\/span><\/span><\/p>\n<h2 class=\"western\"><span style=\"font-family: Liberation Serif,serif;\"><span style=\"font-size: x-large;\">\u00a0 La sensibilisation\u00a0<\/span><\/span><\/h2>\n<p style=\"text-align: justify;\"><span style=\"font-family: Liberation Serif,serif;\"><span style=\"font-size: large;\">Sorties nature, animations, participation \u00e0 des manifestations, collaborations, op\u00e9rations de nettoyage : Nos b\u00e9n\u00e9voles s&#8217;impliquent dans diverses actions visant \u00e0 faire conna\u00eetre la nature et l&#8217;association. <\/span><\/span><\/p>\n<p style=\"text-align: justify;\"><span style=\"font-family: Liberation Serif,serif;\"><span style=\"font-size: large;\">Parce qu&#8217;on ne prot\u00e8ge bien que ce que l&#8217;on aime et que l&#8217;on conna\u00eet. <br class=' sb-br' \/>\u00a0<\/span><\/span><\/p>\n<h2 class=\"western\"><span style=\"font-family: Liberation Serif,serif;\"><span style=\"font-size: x-large;\">\u00a0 Repr\u00e9sentations et partenariats<\/span><\/span><\/h2>\n<p style=\"text-align: justify;\"><span style=\"font-family: Liberation Serif,serif;\"><span style=\"font-size: large;\">Nature Comminges a particip\u00e9 \u00e0 la cr\u00e9ation de plusieurs associations dans le Comminges et travaille en \u00e9troite collaboration avec les associations r\u00e9gionales de protection de la nature, de montagnards, p\u00eacheurs, agriculteurs, associations de communes, professionnels de la montagne des Pyr\u00e9n\u00e9es. <\/span><\/span><\/p>\n<p style=\"text-align: justify;\"><span style=\"font-family: Liberation Serif,serif;\"><span style=\"font-size: large;\">Elle engage des partenariats avec diverses institutions (Office National des For\u00eats, ONCFS, Conservatoire Botanique Pyr\u00e9n\u00e9en, organismes de formations et lyc\u00e9es agricoles,\u00a0arboretum de Cardeilhac, etc). <\/span><\/span><\/p>\n<p style=\"text-align: justify;\"><span style=\"font-family: Liberation Serif,serif;\"><span style=\"font-size: large;\">Elle prend part \u00e0 de nombreuses r\u00e9flexions (comme le PNR Comminges-Pyr\u00e9n\u00e9es), et si\u00e8ge dans plusieurs commissions concernant la faune sauvage et les paysages. <br class=' sb-br' \/>\u00a0 <br class=' sb-br' \/> <\/span><\/span><\/p>\n<h2 class=\"western\"><span style=\"font-family: Liberation Serif,serif;\"><span style=\"font-size: x-large;\">\u00a0\u00a0 Nous pensons que &#8230;\u00a0\u00a0 <\/span><\/span><\/h2>\n<p style=\"text-align: justify;\"><span style=\"font-family: Liberation Serif,serif;\"><span style=\"font-size: large;\"><strong>&#8230; un travail constant, ind\u00e9pendant, men\u00e9 dans un esprit de dialogue<\/strong>, est essentiel pour l&#8217;existence d\u2019une coordination associative locale et pyr\u00e9n\u00e9enne visant \u00e0 d\u00e9fendre la cohabitation entre les activit\u00e9s humaines et la faune sauvage. <br class=' sb-br' \/>\u00a0<\/span><\/span><\/p>\n<p style=\"text-align: justify;\"><span style=\"font-family: Liberation Serif,serif;\"><span style=\"font-size: large;\"><strong>&#8230; notre approche est compl\u00e9mentaire<\/strong> avec celle des autres usagers des espaces naturels. <br class=' sb-br' \/>\u00a0<\/span><\/span><\/p>\n<p style=\"text-align: justify;\"><span style=\"font-family: Liberation Serif,serif;\"><span style=\"font-size: large;\"><span lang=\"fr-FR\"><strong>&#8230; la protection de la nature s\u2019inscrit dans un projet de soci\u00e9t\u00e9<\/strong> o\u00f9 la diversit\u00e9 de la faune et de la flore, les paysages, le cadre de vie, loin d\u2019\u00eatre per\u00e7us comme des contraintes, sont une composante essentielle du territoire. <br class=' sb-br' \/>\u00a0<\/span><\/span><\/span><\/p>\n<p style=\"text-align: justify;\"><span style=\"font-family: Liberation Serif,serif;\"><span style=\"font-size: large;\"><strong>&#8230; la prise en compte des exigences \u00e9cologiques permet de pr\u00e9server le cadre de vie et les milieux naturels<\/strong> qui seront l\u00e9gu\u00e9s aux g\u00e9n\u00e9rations futures. <br class=' sb-br' \/>\u00a0 <br class=' sb-br' \/><\/span><\/span><\/p>\n<h2 class=\"western\"><span style=\"font-family: Liberation Serif,serif;\"><span style=\"font-size: x-large;\">\u00a0 Composition du coll\u00e8ge en 2024 :<br \/>\n<\/span><\/span><\/h2>\n<p style=\"text-align: justify;\"><span style=\"font-family: Liberation Serif,serif;\"><span style=\"font-size: large;\">Guillaume Castaing<br \/>\nDavid Cottereau<br \/>\nAnnabelle Fauvernier<br \/>\nIsmail Kiling<br \/>\nFran\u00e7oise Lombard Farille<br \/>\nJo\u00ebl Duvernay<br \/>\nJo\u00ebl Salles<br \/>\nDaniel Sintes<br \/>\n<\/span><\/span><br class=' sb-br' \/> <br class=' sb-br' \/><\/p>\n<p><iframe title=\"30 ans d&#039;actions de l&#039;Association Nature Comminges.\" width=\"625\" height=\"352\" src=\"https:\/\/www.youtube.com\/embed\/7IW4JAwQVAI?feature=oembed\" frameborder=\"0\" allow=\"accelerometer; autoplay; clipboard-write; encrypted-media; gyroscope; picture-in-picture; web-share\" referrerpolicy=\"strict-origin-when-cross-origin\" allowfullscreen><\/iframe><\/p>\n<h2 class=\"western\"><span style=\"font-family: Liberation Serif,serif;\"><span style=\"font-size: x-large;\">\u00a0<\/span><\/span><span style=\"font-family: Liberation Serif,serif;\"><span style=\"font-size: large;\">\u00a0 <br class=' sb-br' \/>\u00a0<\/span><\/span><\/h2>\n<p>&nbsp;<\/p>\n","protected":false},"excerpt":{"rendered":"<p>\u00a0 \u00a0\u00a0\u00a0\u00a0 \u00a0\u00a0\u00a0 NATURE COMMINGES \u00a0\u00a0\u00a0 Connaitre, aimer et pr\u00e9server la nature \u00a0 Depuis 1996, Nature Comminges \u0153uvre pour la protection de la nature et du cadre de vie dans le Comminges. Ind\u00e9pendante financi\u00e8rement, forte selon les ann\u00e9es de 80 \u00e0 120 adh\u00e9rents, l&#8217;association assure l\u2019enti\u00e8re ma\u00eetrise de ses actions. Elle est ouverte \u00e0 toutes [&hellip;]<\/p>\n","protected":false},"author":1,"featured_media":0,"parent":0,"menu_order":0,"comment_status":"closed","ping_status":"closed","template":"","meta":[],"_links":{"self":[{"href":"http:\/\/www.nature-comminges.asso.fr\/index.php\/wp-json\/wp\/v2\/pages\/97"}],"collection":[{"href":"http:\/\/www.nature-comminges.asso.fr\/index.php\/wp-json\/wp\/v2\/pages"}],"about":[{"href":"http:\/\/www.nature-comminges.asso.fr\/index.php\/wp-json\/wp\/v2\/types\/page"}],"author":[{"embeddable":true,"href":"http:\/\/www.nature-comminges.asso.fr\/index.php\/wp-json\/wp\/v2\/users\/1"}],"replies":[{"embeddable":true,"href":"http:\/\/www.nature-comminges.asso.fr\/index.php\/wp-json\/wp\/v2\/comments?post=97"}],"version-history":[{"count":91,"href":"http:\/\/www.nature-comminges.asso.fr\/index.php\/wp-json\/wp\/v2\/pages\/97\/revisions"}],"predecessor-version":[{"id":5105,"href":"http:\/\/www.nature-comminges.asso.fr\/index.php\/wp-json\/wp\/v2\/pages\/97\/revisions\/5105"}],"wp:attachment":[{"href":"http:\/\/www.nature-comminges.asso.fr\/index.php\/wp-json\/wp\/v2\/media?parent=97"}],"curies":[{"name":"wp","href":"https:\/\/api.w.org\/{rel}","templated":true}]}}