{"id":828,"date":"2015-07-23T14:36:39","date_gmt":"2015-07-23T13:36:39","guid":{"rendered":"http:\/\/www.nature-comminges.asso.fr\/?page_id=828"},"modified":"2015-08-20T15:03:57","modified_gmt":"2015-08-20T14:03:57","slug":"libellules","status":"publish","type":"page","link":"http:\/\/www.nature-comminges.asso.fr\/index.php\/libellules\/","title":{"rendered":"Odonates"},"content":{"rendered":"<p style=\"text-align: justify;\"><span style=\"font-family: Liberation Serif,serif;\"><span style=\"font-size: large;\">\u00a0<br class=' sb-br' \/> Les odonates regroupent les demoiselles et les libellules. Alors que les ailes des demoiselles sont repli\u00e9es au-dessus du corps au repos, celles des libellules sont \u00e9tendues \u00e0 l&#8217;horizontale.<\/span><\/span><\/p>\n<p style=\"text-align: justify;\"><span style=\"font-family: Liberation Serif,serif;\"><span style=\"font-size: large;\">Il existe 52 esp\u00e8ces d&#8217;odonates en Midi Pyr\u00e9n\u00e9es, dont <\/span><\/span><span style=\"font-family: Liberation Serif,serif;\"><span style=\"font-size: large;\">6 esp\u00e8ces sont prot\u00e9g\u00e9es au niveau national<\/span><\/span><span style=\"font-family: Liberation Serif,serif;\"><span style=\"font-size: large;\">.<\/span><\/span><\/p>\n<p style=\"text-align: justify;\"><span style=\"font-family: Liberation Serif,serif;\"><span style=\"font-size: large;\">L&#8217;importante diminution des effectifs de certaines esp\u00e8ces est directement li\u00e9e \u00e0 la d\u00e9gradation des milieux aquatiques desquels elles d\u00e9pendent.<\/span><\/span><\/p>\n<p style=\"text-align: justify;\"><span style=\"font-family: Liberation Serif,serif;\"><span style=\"font-size: large;\">Etudes, inventaires et actions cibl\u00e9es contribuent \u00e0 l&#8217;am\u00e9lioration des connaissances li\u00e9es \u00e0 l&#8217;\u00e9tat de conservation des odonates. <br class=' sb-br' \/>\u00a0<\/span><\/span><\/p>\n<p>&nbsp;<\/p>\n\n\t\t<style type=\"text\/css\">\n\t\t\t#gallery-1 {\n\t\t\t\tmargin: auto;\n\t\t\t}\n\t\t\t#gallery-1 .gallery-item {\n\t\t\t\tfloat: left;\n\t\t\t\tmargin-top: 10px;\n\t\t\t\ttext-align: center;\n\t\t\t\twidth: 50%;\n\t\t\t}\n\t\t\t#gallery-1 img {\n\t\t\t\tborder: 2px solid #cfcfcf;\n\t\t\t}\n\t\t\t#gallery-1 .gallery-caption {\n\t\t\t\tmargin-left: 0;\n\t\t\t}\n\t\t\t\/* see gallery_shortcode() in wp-includes\/media.php *\/\n\t\t<\/style>\n\t\t<div id='gallery-1' class='gallery galleryid-828 gallery-columns-2 gallery-size-large'><dl class='gallery-item'>\n\t\t\t<dt class='gallery-icon landscape'>\n\t\t\t\t<a href='http:\/\/www.nature-comminges.asso.fr\/wp-content\/uploads\/2015\/07\/0041-aeshne-affine.jpg' rel=\"lightbox[828]\"><img width=\"625\" height=\"391\" src=\"http:\/\/www.nature-comminges.asso.fr\/wp-content\/uploads\/2015\/07\/0041-aeshne-affine.jpg\" class=\"attachment-large size-large\" alt=\"\" loading=\"lazy\" aria-describedby=\"gallery-1-1328\" srcset=\"http:\/\/www.nature-comminges.asso.fr\/wp-content\/uploads\/2015\/07\/0041-aeshne-affine.jpg 861w, http:\/\/www.nature-comminges.asso.fr\/wp-content\/uploads\/2015\/07\/0041-aeshne-affine-300x187.jpg 300w, http:\/\/www.nature-comminges.asso.fr\/wp-content\/uploads\/2015\/07\/0041-aeshne-affine-624x390.jpg 624w\" sizes=\"(max-width: 625px) 100vw, 625px\" \/><\/a>\n\t\t\t<\/dt>\n\t\t\t\t<dd class='wp-caption-text gallery-caption' id='gallery-1-1328'>\n\t\t\t\tAeschne affine \u00a9 Williams Fondevilla\n\t\t\t\t<\/dd><\/dl><dl class='gallery-item'>\n\t\t\t<dt class='gallery-icon landscape'>\n\t\t\t\t<a href='http:\/\/www.nature-comminges.asso.fr\/wp-content\/uploads\/2015\/07\/Libellule-Colopteryx-spledens-.jpg' rel=\"lightbox[828]\"><img width=\"625\" height=\"391\" src=\"http:\/\/www.nature-comminges.asso.fr\/wp-content\/uploads\/2015\/07\/Libellule-Colopteryx-spledens-.jpg\" class=\"attachment-large size-large\" alt=\"\" loading=\"lazy\" aria-describedby=\"gallery-1-1339\" srcset=\"http:\/\/www.nature-comminges.asso.fr\/wp-content\/uploads\/2015\/07\/Libellule-Colopteryx-spledens-.jpg 860w, http:\/\/www.nature-comminges.asso.fr\/wp-content\/uploads\/2015\/07\/Libellule-Colopteryx-spledens--300x188.jpg 300w, http:\/\/www.nature-comminges.asso.fr\/wp-content\/uploads\/2015\/07\/Libellule-Colopteryx-spledens--624x390.jpg 624w\" sizes=\"(max-width: 625px) 100vw, 625px\" \/><\/a>\n\t\t\t<\/dt>\n\t\t\t\t<dd class='wp-caption-text gallery-caption' id='gallery-1-1339'>\n\t\t\t\tColopteryx spledens \u00a9 Roland Couret\n\t\t\t\t<\/dd><\/dl><br style=\"clear: both\" \/><dl class='gallery-item'>\n\t\t\t<dt class='gallery-icon landscape'>\n\t\t\t\t<a href='http:\/\/www.nature-comminges.asso.fr\/wp-content\/uploads\/2015\/07\/0042-agrions-a-larges-pattes.jpg' rel=\"lightbox[828]\"><img width=\"625\" height=\"391\" src=\"http:\/\/www.nature-comminges.asso.fr\/wp-content\/uploads\/2015\/07\/0042-agrions-a-larges-pattes.jpg\" class=\"attachment-large size-large\" alt=\"\" loading=\"lazy\" aria-describedby=\"gallery-1-1329\" srcset=\"http:\/\/www.nature-comminges.asso.fr\/wp-content\/uploads\/2015\/07\/0042-agrions-a-larges-pattes.jpg 861w, http:\/\/www.nature-comminges.asso.fr\/wp-content\/uploads\/2015\/07\/0042-agrions-a-larges-pattes-300x187.jpg 300w, http:\/\/www.nature-comminges.asso.fr\/wp-content\/uploads\/2015\/07\/0042-agrions-a-larges-pattes-624x390.jpg 624w\" sizes=\"(max-width: 625px) 100vw, 625px\" \/><\/a>\n\t\t\t<\/dt>\n\t\t\t\t<dd class='wp-caption-text gallery-caption' id='gallery-1-1329'>\n\t\t\t\tAgrions \u00e0 larges pattes, accouplement \u00a9 Williams Fondevilla\n\t\t\t\t<\/dd><\/dl><dl class='gallery-item'>\n\t\t\t<dt class='gallery-icon landscape'>\n\t\t\t\t<a href='http:\/\/www.nature-comminges.asso.fr\/wp-content\/uploads\/2015\/07\/0043-agrions-jouvencelles.jpg' rel=\"lightbox[828]\"><img width=\"625\" height=\"391\" src=\"http:\/\/www.nature-comminges.asso.fr\/wp-content\/uploads\/2015\/07\/0043-agrions-jouvencelles.jpg\" class=\"attachment-large size-large\" alt=\"\" loading=\"lazy\" aria-describedby=\"gallery-1-1330\" srcset=\"http:\/\/www.nature-comminges.asso.fr\/wp-content\/uploads\/2015\/07\/0043-agrions-jouvencelles.jpg 861w, http:\/\/www.nature-comminges.asso.fr\/wp-content\/uploads\/2015\/07\/0043-agrions-jouvencelles-300x187.jpg 300w, http:\/\/www.nature-comminges.asso.fr\/wp-content\/uploads\/2015\/07\/0043-agrions-jouvencelles-624x390.jpg 624w\" sizes=\"(max-width: 625px) 100vw, 625px\" \/><\/a>\n\t\t\t<\/dt>\n\t\t\t\t<dd class='wp-caption-text gallery-caption' id='gallery-1-1330'>\n\t\t\t\tAgrions jouvencelle \u00a9 Williams Fondevilla\n\t\t\t\t<\/dd><\/dl><br style=\"clear: both\" \/><dl class='gallery-item'>\n\t\t\t<dt class='gallery-icon landscape'>\n\t\t\t\t<a href='http:\/\/www.nature-comminges.asso.fr\/wp-content\/uploads\/2015\/07\/0048-libellule-deprime.jpg' rel=\"lightbox[828]\"><img width=\"625\" height=\"391\" src=\"http:\/\/www.nature-comminges.asso.fr\/wp-content\/uploads\/2015\/07\/0048-libellule-deprime.jpg\" class=\"attachment-large size-large\" alt=\"\" loading=\"lazy\" aria-describedby=\"gallery-1-1335\" srcset=\"http:\/\/www.nature-comminges.asso.fr\/wp-content\/uploads\/2015\/07\/0048-libellule-deprime.jpg 861w, http:\/\/www.nature-comminges.asso.fr\/wp-content\/uploads\/2015\/07\/0048-libellule-deprime-300x187.jpg 300w, http:\/\/www.nature-comminges.asso.fr\/wp-content\/uploads\/2015\/07\/0048-libellule-deprime-624x390.jpg 624w\" sizes=\"(max-width: 625px) 100vw, 625px\" \/><\/a>\n\t\t\t<\/dt>\n\t\t\t\t<dd class='wp-caption-text gallery-caption' id='gallery-1-1335'>\n\t\t\t\tLibellule deprim\u00e9e \u00a9 Williams Fondevilla\n\t\t\t\t<\/dd><\/dl><dl class='gallery-item'>\n\t\t\t<dt class='gallery-icon landscape'>\n\t\t\t\t<a href='http:\/\/www.nature-comminges.asso.fr\/wp-content\/uploads\/2015\/07\/0045-calopteryx-vierge.jpg' rel=\"lightbox[828]\"><img width=\"625\" height=\"391\" src=\"http:\/\/www.nature-comminges.asso.fr\/wp-content\/uploads\/2015\/07\/0045-calopteryx-vierge.jpg\" class=\"attachment-large size-large\" alt=\"\" loading=\"lazy\" aria-describedby=\"gallery-1-1332\" srcset=\"http:\/\/www.nature-comminges.asso.fr\/wp-content\/uploads\/2015\/07\/0045-calopteryx-vierge.jpg 861w, http:\/\/www.nature-comminges.asso.fr\/wp-content\/uploads\/2015\/07\/0045-calopteryx-vierge-300x187.jpg 300w, http:\/\/www.nature-comminges.asso.fr\/wp-content\/uploads\/2015\/07\/0045-calopteryx-vierge-624x390.jpg 624w\" sizes=\"(max-width: 625px) 100vw, 625px\" \/><\/a>\n\t\t\t<\/dt>\n\t\t\t\t<dd class='wp-caption-text gallery-caption' id='gallery-1-1332'>\n\t\t\t\tUne belle demoiselle au corps m\u00e9tallique, le Calopteryx vierge \u00a9 Williams Fondevilla\n\t\t\t\t<\/dd><\/dl><br style=\"clear: both\" \/><dl class='gallery-item'>\n\t\t\t<dt class='gallery-icon landscape'>\n\t\t\t\t<a href='http:\/\/www.nature-comminges.asso.fr\/wp-content\/uploads\/2015\/07\/0044-anax-imperator.jpg' rel=\"lightbox[828]\"><img width=\"625\" height=\"391\" src=\"http:\/\/www.nature-comminges.asso.fr\/wp-content\/uploads\/2015\/07\/0044-anax-imperator.jpg\" class=\"attachment-large size-large\" alt=\"\" loading=\"lazy\" aria-describedby=\"gallery-1-1331\" srcset=\"http:\/\/www.nature-comminges.asso.fr\/wp-content\/uploads\/2015\/07\/0044-anax-imperator.jpg 861w, http:\/\/www.nature-comminges.asso.fr\/wp-content\/uploads\/2015\/07\/0044-anax-imperator-300x187.jpg 300w, http:\/\/www.nature-comminges.asso.fr\/wp-content\/uploads\/2015\/07\/0044-anax-imperator-624x390.jpg 624w\" sizes=\"(max-width: 625px) 100vw, 625px\" \/><\/a>\n\t\t\t<\/dt>\n\t\t\t\t<dd class='wp-caption-text gallery-caption' id='gallery-1-1331'>\n\t\t\t\tAnax imperator\n\t\t\t\t<\/dd><\/dl><dl class='gallery-item'>\n\t\t\t<dt class='gallery-icon landscape'>\n\t\t\t\t<a href='http:\/\/www.nature-comminges.asso.fr\/wp-content\/uploads\/2015\/07\/0046-gomphe-a-crochets.jpg' rel=\"lightbox[828]\"><img width=\"625\" height=\"391\" src=\"http:\/\/www.nature-comminges.asso.fr\/wp-content\/uploads\/2015\/07\/0046-gomphe-a-crochets.jpg\" class=\"attachment-large size-large\" alt=\"\" loading=\"lazy\" aria-describedby=\"gallery-1-1333\" srcset=\"http:\/\/www.nature-comminges.asso.fr\/wp-content\/uploads\/2015\/07\/0046-gomphe-a-crochets.jpg 861w, http:\/\/www.nature-comminges.asso.fr\/wp-content\/uploads\/2015\/07\/0046-gomphe-a-crochets-300x187.jpg 300w, http:\/\/www.nature-comminges.asso.fr\/wp-content\/uploads\/2015\/07\/0046-gomphe-a-crochets-624x390.jpg 624w\" sizes=\"(max-width: 625px) 100vw, 625px\" \/><\/a>\n\t\t\t<\/dt>\n\t\t\t\t<dd class='wp-caption-text gallery-caption' id='gallery-1-1333'>\n\t\t\t\tGomphe \u00e0 crochets \u00a9 Williams Fondevilla\n\t\t\t\t<\/dd><\/dl><br style=\"clear: both\" \/><dl class='gallery-item'>\n\t\t\t<dt class='gallery-icon landscape'>\n\t\t\t\t<a href='http:\/\/www.nature-comminges.asso.fr\/wp-content\/uploads\/2015\/07\/0049-orthetrum-bleuissant.jpg' rel=\"lightbox[828]\"><img width=\"625\" height=\"391\" src=\"http:\/\/www.nature-comminges.asso.fr\/wp-content\/uploads\/2015\/07\/0049-orthetrum-bleuissant.jpg\" class=\"attachment-large size-large\" alt=\"\" loading=\"lazy\" aria-describedby=\"gallery-1-1336\" srcset=\"http:\/\/www.nature-comminges.asso.fr\/wp-content\/uploads\/2015\/07\/0049-orthetrum-bleuissant.jpg 861w, http:\/\/www.nature-comminges.asso.fr\/wp-content\/uploads\/2015\/07\/0049-orthetrum-bleuissant-300x187.jpg 300w, http:\/\/www.nature-comminges.asso.fr\/wp-content\/uploads\/2015\/07\/0049-orthetrum-bleuissant-624x390.jpg 624w\" sizes=\"(max-width: 625px) 100vw, 625px\" \/><\/a>\n\t\t\t<\/dt>\n\t\t\t\t<dd class='wp-caption-text gallery-caption' id='gallery-1-1336'>\n\t\t\t\tOrthetrum bleuissant \u00a9 Williams Fondevilla\n\t\t\t\t<\/dd><\/dl><dl class='gallery-item'>\n\t\t\t<dt class='gallery-icon landscape'>\n\t\t\t\t<a href='http:\/\/www.nature-comminges.asso.fr\/wp-content\/uploads\/2015\/07\/0047-libellule-fauve.jpg' rel=\"lightbox[828]\"><img width=\"625\" height=\"391\" src=\"http:\/\/www.nature-comminges.asso.fr\/wp-content\/uploads\/2015\/07\/0047-libellule-fauve.jpg\" class=\"attachment-large size-large\" alt=\"\" loading=\"lazy\" aria-describedby=\"gallery-1-1334\" srcset=\"http:\/\/www.nature-comminges.asso.fr\/wp-content\/uploads\/2015\/07\/0047-libellule-fauve.jpg 861w, http:\/\/www.nature-comminges.asso.fr\/wp-content\/uploads\/2015\/07\/0047-libellule-fauve-300x187.jpg 300w, http:\/\/www.nature-comminges.asso.fr\/wp-content\/uploads\/2015\/07\/0047-libellule-fauve-624x390.jpg 624w\" sizes=\"(max-width: 625px) 100vw, 625px\" \/><\/a>\n\t\t\t<\/dt>\n\t\t\t\t<dd class='wp-caption-text gallery-caption' id='gallery-1-1334'>\n\t\t\t\tLibellule fauve \u00a9 Williams Fondevilla\n\t\t\t\t<\/dd><\/dl><br style=\"clear: both\" \/><dl class='gallery-item'>\n\t\t\t<dt class='gallery-icon landscape'>\n\t\t\t\t<a href='http:\/\/www.nature-comminges.asso.fr\/wp-content\/uploads\/2015\/07\/0050-orthetrum-reticule.jpg' rel=\"lightbox[828]\"><img width=\"625\" height=\"391\" src=\"http:\/\/www.nature-comminges.asso.fr\/wp-content\/uploads\/2015\/07\/0050-orthetrum-reticule.jpg\" class=\"attachment-large size-large\" alt=\"\" loading=\"lazy\" aria-describedby=\"gallery-1-1337\" srcset=\"http:\/\/www.nature-comminges.asso.fr\/wp-content\/uploads\/2015\/07\/0050-orthetrum-reticule.jpg 861w, http:\/\/www.nature-comminges.asso.fr\/wp-content\/uploads\/2015\/07\/0050-orthetrum-reticule-300x187.jpg 300w, http:\/\/www.nature-comminges.asso.fr\/wp-content\/uploads\/2015\/07\/0050-orthetrum-reticule-624x390.jpg 624w\" sizes=\"(max-width: 625px) 100vw, 625px\" \/><\/a>\n\t\t\t<\/dt>\n\t\t\t\t<dd class='wp-caption-text gallery-caption' id='gallery-1-1337'>\n\t\t\t\tOrthetrum reticul\u00e9 \u00a9 Williams Fondevilla\n\t\t\t\t<\/dd><\/dl><dl class='gallery-item'>\n\t\t\t<dt class='gallery-icon landscape'>\n\t\t\t\t<a href='http:\/\/www.nature-comminges.asso.fr\/wp-content\/uploads\/2015\/07\/0052-sympetrum-strie.jpg' rel=\"lightbox[828]\"><img width=\"625\" height=\"391\" src=\"http:\/\/www.nature-comminges.asso.fr\/wp-content\/uploads\/2015\/07\/0052-sympetrum-strie.jpg\" class=\"attachment-large size-large\" alt=\"\" loading=\"lazy\" aria-describedby=\"gallery-1-1338\" srcset=\"http:\/\/www.nature-comminges.asso.fr\/wp-content\/uploads\/2015\/07\/0052-sympetrum-strie.jpg 861w, http:\/\/www.nature-comminges.asso.fr\/wp-content\/uploads\/2015\/07\/0052-sympetrum-strie-300x187.jpg 300w, http:\/\/www.nature-comminges.asso.fr\/wp-content\/uploads\/2015\/07\/0052-sympetrum-strie-624x390.jpg 624w\" sizes=\"(max-width: 625px) 100vw, 625px\" \/><\/a>\n\t\t\t<\/dt>\n\t\t\t\t<dd class='wp-caption-text gallery-caption' id='gallery-1-1338'>\n\t\t\t\tSympetrum stri\u00e9 \u00a9 Williams Fondevilla\n\t\t\t\t<\/dd><\/dl><br style=\"clear: both\" \/>\n\t\t<\/div>\n\n","protected":false},"excerpt":{"rendered":"<p>\u00a0 Les odonates regroupent les demoiselles et les libellules. Alors que les ailes des demoiselles sont repli\u00e9es au-dessus du corps au repos, celles des libellules sont \u00e9tendues \u00e0 l&#8217;horizontale. Il existe 52 esp\u00e8ces d&#8217;odonates en Midi Pyr\u00e9n\u00e9es, dont 6 esp\u00e8ces sont prot\u00e9g\u00e9es au niveau national. L&#8217;importante diminution des effectifs de certaines esp\u00e8ces est directement li\u00e9e [&hellip;]<\/p>\n","protected":false},"author":1,"featured_media":0,"parent":0,"menu_order":0,"comment_status":"closed","ping_status":"closed","template":"","meta":[],"_links":{"self":[{"href":"http:\/\/www.nature-comminges.asso.fr\/index.php\/wp-json\/wp\/v2\/pages\/828"}],"collection":[{"href":"http:\/\/www.nature-comminges.asso.fr\/index.php\/wp-json\/wp\/v2\/pages"}],"about":[{"href":"http:\/\/www.nature-comminges.asso.fr\/index.php\/wp-json\/wp\/v2\/types\/page"}],"author":[{"embeddable":true,"href":"http:\/\/www.nature-comminges.asso.fr\/index.php\/wp-json\/wp\/v2\/users\/1"}],"replies":[{"embeddable":true,"href":"http:\/\/www.nature-comminges.asso.fr\/index.php\/wp-json\/wp\/v2\/comments?post=828"}],"version-history":[{"count":8,"href":"http:\/\/www.nature-comminges.asso.fr\/index.php\/wp-json\/wp\/v2\/pages\/828\/revisions"}],"predecessor-version":[{"id":1344,"href":"http:\/\/www.nature-comminges.asso.fr\/index.php\/wp-json\/wp\/v2\/pages\/828\/revisions\/1344"}],"wp:attachment":[{"href":"http:\/\/www.nature-comminges.asso.fr\/index.php\/wp-json\/wp\/v2\/media?parent=828"}],"curies":[{"name":"wp","href":"https:\/\/api.w.org\/{rel}","templated":true}]}}