{"id":782,"date":"2015-07-17T18:26:14","date_gmt":"2015-07-17T17:26:14","guid":{"rendered":"http:\/\/www.nature-comminges.asso.fr\/?page_id=782"},"modified":"2026-01-04T11:14:28","modified_gmt":"2026-01-04T10:14:28","slug":"adherer","status":"publish","type":"page","link":"http:\/\/www.nature-comminges.asso.fr\/index.php\/adherer\/","title":{"rendered":"ADHERER"},"content":{"rendered":"<p align=\"justify\"><span style=\"font-family: Liberation Serif,serif;\"><span style=\"font-size: large;\">\u00a0<span style=\"color: #000000;\"><br class=' sb-br' \/> Nature Comminges est une association ind\u00e9pendante financi\u00e8rement, ce qui lui assure l\u2019enti\u00e8re ma\u00eetrise de ses actions. Ses ressources reposent sur la g\u00e9n\u00e9rosit\u00e9 de ses adh\u00e9rents et donateurs. <\/span><\/span><\/span><\/p>\n<p align=\"justify\"><span style=\"font-family: 'Liberation Serif', serif; color: #000000;\"><span style=\"font-size: large;\">Toute adh\u00e9sion est importante\u00a0; si vous n\u2019avez pas toujours du temps \u00e0 donner \u00e0 l\u2019association, votre soutien est une pierre suppl\u00e9mentaire en faveur de la protection de la nature. <br class=' sb-br' \/>\u00a0<\/span><\/span><\/p>\n<p align=\"center\"><span style=\"font-family: 'Liberation Serif', serif; color: #000000;\"><span style=\"font-size: large;\"><strong>Adh\u00e9sion \u00e0 NATURE COMMINGES &#8211; Tarifs 2026 :<\/strong> <br class=' sb-br' \/>\u00a0<\/span><\/span><\/p>\n<p align=\"center\"><span style=\"font-family: 'Liberation Serif', serif; color: #000000;\"><span style=\"font-size: large;\">Cotisation &#8230;&#8230;&#8230;&#8230;&#8230;&#8230;&#8230;&#8230;&#8230;&#8230;&#8230;&#8230;&#8230;&#8230;&#8230;&#8230;&#8230;&#8230; 20,00 \u20ac <\/span><\/span><\/p>\n<p align=\"center\"><span style=\"font-family: 'Liberation Serif', serif; color: #000000;\"><span style=\"font-size: large;\">Cotisation enfants &#8230;&#8230;&#8230;&#8230;&#8230;&#8230;&#8230;&#8230;&#8230;&#8230;&#8230;&#8230;&#8230;&#8230;. 5,00 \u20ac <\/span><\/span><\/p>\n<p align=\"center\"><span style=\"font-family: 'Liberation Serif', serif; color: #000000;\"><span style=\"font-size: large;\">Ch\u00f4meurs, \u00e9tudiants &#8230;&#8230;&#8230;&#8230;&#8230;&#8230;&#8230;&#8230;&#8230;&#8230;&#8230;&#8230;&#8230;. 8,00 \u20ac <\/span><\/span><\/p>\n<p align=\"center\"><span style=\"font-family: 'Liberation Serif', serif; color: #000000;\"><span style=\"font-size: large;\">Membres adultes d\u2019une m\u00eame famille &#8230;&#8230;&#8230;&#8230;&#8230;. 10,00 \u20ac<br class=' sb-br' \/>\u00a0<\/span><\/span><\/p>\n<p align=\"center\"><span style=\"color: #000000;\"><span style=\"font-family: Liberation Serif,serif;\"><span style=\"font-size: large;\">R\u00e8glement par ch\u00e8que bancaire \u00e0 l\u2019ordre de Nature Comminges accompagn\u00e9 du bulletin d&#8217;adh\u00e9sion \u00e0 envoyer \u00e0 <\/span><\/span><span style=\"font-family: Liberation Serif,serif;\"><span style=\"font-size: large;\">Nature Comminges <\/span><\/span><span style=\"font-family: Liberation Serif,serif;\"><span style=\"font-size: large;\">51, rue du Pradet <\/span><\/span><span style=\"font-family: Liberation Serif,serif;\"><span style=\"font-size: large;\">31800 Saint Gaudens <br class=' sb-br' \/><\/span><\/span><span style=\"font-family: Liberation Serif,serif;\"><span style=\"font-size: large;\">\u00a0<\/span><\/span><\/span><\/p>\n<h1 align=\"center\"><strong><span style=\"color: #000000;\">T\u00e9l\u00e9charger le bulletin d&#8217;adh\u00e9sion 2026 :<\/span><br \/>\n<\/strong><span style=\"color: #000080;\"><a href=\"http:\/\/www.nature-comminges.asso.fr\/wp-content\/uploads\/2025\/12\/Adhesion-2026.docx\"><strong>(Format pour Word ou Open Office)<\/strong><\/a><br \/>\n<\/span><span style=\"color: #000000;\">ou<\/span><br \/>\n<span style=\"color: #000080;\"><a href=\"http:\/\/www.nature-comminges.asso.fr\/wp-content\/uploads\/2025\/12\/Adhesion-2026.pdf\">(Format PDF)<\/a><br \/>\n<\/span><span style=\"color: #000000;\">ou bien<\/span><br \/>\n<a href=\"https:\/\/www.helloasso.com\/associations\/nature-comminges\/adhesions\/adhesion-2026\"><span style=\"color: #000080;\"><strong>Adh\u00e9rez en ligne sur notre page HelloAsso<\/strong><\/span><\/a> <span style=\"color: #000000;\">avec ce lien <br class=' sb-br' \/>\u00a0<\/span><\/h1>\n<table style=\"border-collapse: collapse; width: 100%;\">\n<tbody>\n<tr>\n<td style=\"width: 50%; text-align: right;\">\n<h1 align=\"center\"><span style=\"font-family: Liberation Serif,serif;\"><span style=\"font-size: large;\"><b><span style=\"color: #000080;\"><a href=\"http:\/\/www.nature-comminges.asso.fr\/wp-content\/uploads\/2026\/01\/code-QR.jpg\" rel=\"lightbox[782]\"><img loading=\"lazy\" class=\"size-full wp-image-5256 alignright\" src=\"http:\/\/www.nature-comminges.asso.fr\/wp-content\/uploads\/2026\/01\/code-QR.jpg\" alt=\"\" width=\"200\" height=\"200\" srcset=\"http:\/\/www.nature-comminges.asso.fr\/wp-content\/uploads\/2026\/01\/code-QR.jpg 200w, http:\/\/www.nature-comminges.asso.fr\/wp-content\/uploads\/2026\/01\/code-QR-150x150.jpg 150w\" sizes=\"(max-width: 200px) 100vw, 200px\" \/><\/a><\/span><\/b><\/span><\/span><\/h1>\n<\/td>\n<td style=\"width: 50%; text-align: left; vertical-align: middle;\">\n<h1 align=\"center\"><span style=\"color: #000000;\">ou ce QR code\u00a0 \u00a0 \u00a0 \u00a0 \u00a0 \u00a0 \u00a0 \u00a0 \u00a0 \u00a0 \u00a0 \u00a0\u00a0<\/span><\/h1>\n<\/td>\n<\/tr>\n<\/tbody>\n<\/table>\n<h1 align=\"center\"><span style=\"font-family: Liberation Serif,serif;\"><span style=\"font-size: large;\"><b><span style=\"color: #000080;\">\u00a0\u00a0<\/span><\/b><\/span><\/span><\/h1>\n<p align=\"justify\">\n","protected":false},"excerpt":{"rendered":"<p>\u00a0 Nature Comminges est une association ind\u00e9pendante financi\u00e8rement, ce qui lui assure l\u2019enti\u00e8re ma\u00eetrise de ses actions. Ses ressources reposent sur la g\u00e9n\u00e9rosit\u00e9 de ses adh\u00e9rents et donateurs. Toute adh\u00e9sion est importante\u00a0; si vous n\u2019avez pas toujours du temps \u00e0 donner \u00e0 l\u2019association, votre soutien est une pierre suppl\u00e9mentaire en faveur de la protection de [&hellip;]<\/p>\n","protected":false},"author":1,"featured_media":0,"parent":0,"menu_order":0,"comment_status":"closed","ping_status":"closed","template":"","meta":[],"_links":{"self":[{"href":"http:\/\/www.nature-comminges.asso.fr\/index.php\/wp-json\/wp\/v2\/pages\/782"}],"collection":[{"href":"http:\/\/www.nature-comminges.asso.fr\/index.php\/wp-json\/wp\/v2\/pages"}],"about":[{"href":"http:\/\/www.nature-comminges.asso.fr\/index.php\/wp-json\/wp\/v2\/types\/page"}],"author":[{"embeddable":true,"href":"http:\/\/www.nature-comminges.asso.fr\/index.php\/wp-json\/wp\/v2\/users\/1"}],"replies":[{"embeddable":true,"href":"http:\/\/www.nature-comminges.asso.fr\/index.php\/wp-json\/wp\/v2\/comments?post=782"}],"version-history":[{"count":67,"href":"http:\/\/www.nature-comminges.asso.fr\/index.php\/wp-json\/wp\/v2\/pages\/782\/revisions"}],"predecessor-version":[{"id":5259,"href":"http:\/\/www.nature-comminges.asso.fr\/index.php\/wp-json\/wp\/v2\/pages\/782\/revisions\/5259"}],"wp:attachment":[{"href":"http:\/\/www.nature-comminges.asso.fr\/index.php\/wp-json\/wp\/v2\/media?parent=782"}],"curies":[{"name":"wp","href":"https:\/\/api.w.org\/{rel}","templated":true}]}}