{"id":598,"date":"2015-07-16T13:16:04","date_gmt":"2015-07-16T12:16:04","guid":{"rendered":"http:\/\/www.nature-comminges.asso.fr\/?page_id=598"},"modified":"2015-08-27T15:24:21","modified_gmt":"2015-08-27T14:24:21","slug":"reptiles-et-amphibiens","status":"publish","type":"page","link":"http:\/\/www.nature-comminges.asso.fr\/index.php\/reptiles-et-amphibiens\/","title":{"rendered":"REPTILES ET AMPHIBIENS"},"content":{"rendered":"<p align=\"justify\"><span style=\"font-size: large;\">\u00a0<br class=' sb-br' \/> Mal aim\u00e9s et objets de crainte depuis des si\u00e8cles, reptiles et amphibiens r\u00e9v\u00e8lent pourtant des m\u0153urs extr\u00eamement diversifi\u00e9es et surprenantes. <\/span><\/p>\n<p align=\"justify\"><span style=\"font-size: large;\">Auxiliaires utiles de nos jardins et des ravageurs des r\u00e9coltes, ils occupent aussi des r\u00f4les indispensables dans la nature sauvage. <\/span><\/p>\n<p align=\"justify\"><span style=\"font-size: large;\">Plusieurs esp\u00e8ces sont en voie de rar\u00e9faction, voire d&#8217;extinction en raison des activit\u00e9s humaines, de la fragmentation de leur habitat et du r\u00e9chauffement climatique. <\/span><\/p>\n<p align=\"justify\"><span style=\"font-size: large;\">Ainsi, 3 esp\u00e8ces de l\u00e9zards end\u00e9miques vivant en altitude (l\u00e9zard de Bonnal, l\u00e9zard du Val d&#8217;Aran et l\u00e9zard d&#8217;Aur\u00e9lio) pr\u00e9sentent des populations isol\u00e9es et tr\u00e8s fragilis\u00e9es, d&#8217;o\u00f9 le Plan National d&#8217;Actions qui existe en faveur de leur pr\u00e9servation.<\/span><\/p>\n<p align=\"justify\"><span style=\"font-size: large;\">Cliquez sur une photo pour pouvoir l\u2019agrandir puis faites d\u00e9filer le diaporama \u00e0 l\u2019aide des fl\u00eaches. <br class=' sb-br' \/>\u00a0<\/span><\/p>\n\n\t\t<style type=\"text\/css\">\n\t\t\t#gallery-1 {\n\t\t\t\tmargin: auto;\n\t\t\t}\n\t\t\t#gallery-1 .gallery-item {\n\t\t\t\tfloat: left;\n\t\t\t\tmargin-top: 10px;\n\t\t\t\ttext-align: center;\n\t\t\t\twidth: 50%;\n\t\t\t}\n\t\t\t#gallery-1 img {\n\t\t\t\tborder: 2px solid #cfcfcf;\n\t\t\t}\n\t\t\t#gallery-1 .gallery-caption {\n\t\t\t\tmargin-left: 0;\n\t\t\t}\n\t\t\t\/* see gallery_shortcode() in wp-includes\/media.php *\/\n\t\t<\/style>\n\t\t<div id='gallery-1' class='gallery galleryid-598 gallery-columns-2 gallery-size-large'><dl class='gallery-item'>\n\t\t\t<dt class='gallery-icon landscape'>\n\t\t\t\t<a href='http:\/\/www.nature-comminges.asso.fr\/wp-content\/uploads\/2015\/07\/43.jpg' rel=\"lightbox[598]\"><img width=\"625\" height=\"391\" src=\"http:\/\/www.nature-comminges.asso.fr\/wp-content\/uploads\/2015\/07\/43.jpg\" class=\"attachment-large size-large\" alt=\"\" loading=\"lazy\" aria-describedby=\"gallery-1-1206\" srcset=\"http:\/\/www.nature-comminges.asso.fr\/wp-content\/uploads\/2015\/07\/43.jpg 861w, http:\/\/www.nature-comminges.asso.fr\/wp-content\/uploads\/2015\/07\/43-300x188.jpg 300w, http:\/\/www.nature-comminges.asso.fr\/wp-content\/uploads\/2015\/07\/43-624x391.jpg 624w\" sizes=\"(max-width: 625px) 100vw, 625px\" \/><\/a>\n\t\t\t<\/dt>\n\t\t\t\t<dd class='wp-caption-text gallery-caption' id='gallery-1-1206'>\n\t\t\t\tEuprocte (ou calotriton) des Pyr\u00e9n\u00e9es \u00a9 Nature Comminges\n\t\t\t\t<\/dd><\/dl><dl class='gallery-item'>\n\t\t\t<dt class='gallery-icon landscape'>\n\t\t\t\t<a href='http:\/\/www.nature-comminges.asso.fr\/wp-content\/uploads\/2015\/07\/53.jpg' rel=\"lightbox[598]\"><img width=\"625\" height=\"391\" src=\"http:\/\/www.nature-comminges.asso.fr\/wp-content\/uploads\/2015\/07\/53.jpg\" class=\"attachment-large size-large\" alt=\"\" loading=\"lazy\" aria-describedby=\"gallery-1-1207\" srcset=\"http:\/\/www.nature-comminges.asso.fr\/wp-content\/uploads\/2015\/07\/53.jpg 861w, http:\/\/www.nature-comminges.asso.fr\/wp-content\/uploads\/2015\/07\/53-300x188.jpg 300w, http:\/\/www.nature-comminges.asso.fr\/wp-content\/uploads\/2015\/07\/53-624x391.jpg 624w\" sizes=\"(max-width: 625px) 100vw, 625px\" \/><\/a>\n\t\t\t<\/dt>\n\t\t\t\t<dd class='wp-caption-text gallery-caption' id='gallery-1-1207'>\n\t\t\t\tSalamandre tachet\u00e9e \u00a9 Philippe Falbet\n\t\t\t\t<\/dd><\/dl><br style=\"clear: both\" \/><dl class='gallery-item'>\n\t\t\t<dt class='gallery-icon landscape'>\n\t\t\t\t<a href='http:\/\/www.nature-comminges.asso.fr\/wp-content\/uploads\/2015\/07\/14.jpg' rel=\"lightbox[598]\"><img width=\"625\" height=\"391\" src=\"http:\/\/www.nature-comminges.asso.fr\/wp-content\/uploads\/2015\/07\/14.jpg\" class=\"attachment-large size-large\" alt=\"\" loading=\"lazy\" aria-describedby=\"gallery-1-1203\" srcset=\"http:\/\/www.nature-comminges.asso.fr\/wp-content\/uploads\/2015\/07\/14.jpg 861w, http:\/\/www.nature-comminges.asso.fr\/wp-content\/uploads\/2015\/07\/14-300x187.jpg 300w, http:\/\/www.nature-comminges.asso.fr\/wp-content\/uploads\/2015\/07\/14-624x390.jpg 624w\" sizes=\"(max-width: 625px) 100vw, 625px\" \/><\/a>\n\t\t\t<\/dt>\n\t\t\t\t<dd class='wp-caption-text gallery-caption' id='gallery-1-1203'>\n\t\t\t\tGrenouille de Perez \u00a9 Williams Fondevilla\n\t\t\t\t<\/dd><\/dl><dl class='gallery-item'>\n\t\t\t<dt class='gallery-icon landscape'>\n\t\t\t\t<a href='http:\/\/www.nature-comminges.asso.fr\/wp-content\/uploads\/2015\/07\/23.jpg' rel=\"lightbox[598]\"><img width=\"625\" height=\"391\" src=\"http:\/\/www.nature-comminges.asso.fr\/wp-content\/uploads\/2015\/07\/23.jpg\" class=\"attachment-large size-large\" alt=\"\" loading=\"lazy\" aria-describedby=\"gallery-1-1204\" srcset=\"http:\/\/www.nature-comminges.asso.fr\/wp-content\/uploads\/2015\/07\/23.jpg 861w, http:\/\/www.nature-comminges.asso.fr\/wp-content\/uploads\/2015\/07\/23-300x187.jpg 300w, http:\/\/www.nature-comminges.asso.fr\/wp-content\/uploads\/2015\/07\/23-624x390.jpg 624w\" sizes=\"(max-width: 625px) 100vw, 625px\" \/><\/a>\n\t\t\t<\/dt>\n\t\t\t\t<dd class='wp-caption-text gallery-caption' id='gallery-1-1204'>\n\t\t\t\tGrenouille rousse \u00a9 Williams Fondevilla\n\t\t\t\t<\/dd><\/dl><br style=\"clear: both\" \/><dl class='gallery-item'>\n\t\t\t<dt class='gallery-icon landscape'>\n\t\t\t\t<a href='http:\/\/www.nature-comminges.asso.fr\/wp-content\/uploads\/2015\/07\/33.jpg' rel=\"lightbox[598]\"><img width=\"625\" height=\"391\" src=\"http:\/\/www.nature-comminges.asso.fr\/wp-content\/uploads\/2015\/07\/33.jpg\" class=\"attachment-large size-large\" alt=\"\" loading=\"lazy\" aria-describedby=\"gallery-1-1205\" srcset=\"http:\/\/www.nature-comminges.asso.fr\/wp-content\/uploads\/2015\/07\/33.jpg 861w, http:\/\/www.nature-comminges.asso.fr\/wp-content\/uploads\/2015\/07\/33-300x187.jpg 300w, http:\/\/www.nature-comminges.asso.fr\/wp-content\/uploads\/2015\/07\/33-624x390.jpg 624w\" sizes=\"(max-width: 625px) 100vw, 625px\" \/><\/a>\n\t\t\t<\/dt>\n\t\t\t\t<dd class='wp-caption-text gallery-caption' id='gallery-1-1205'>\n\t\t\t\tGrenouille rieuse \u00a9 Williams Fondevilla\n\t\t\t\t<\/dd><\/dl><dl class='gallery-item'>\n\t\t\t<dt class='gallery-icon landscape'>\n\t\t\t\t<a href='http:\/\/www.nature-comminges.asso.fr\/wp-content\/uploads\/2015\/07\/63.jpg' rel=\"lightbox[598]\"><img width=\"625\" height=\"391\" src=\"http:\/\/www.nature-comminges.asso.fr\/wp-content\/uploads\/2015\/07\/63.jpg\" class=\"attachment-large size-large\" alt=\"\" loading=\"lazy\" aria-describedby=\"gallery-1-1208\" srcset=\"http:\/\/www.nature-comminges.asso.fr\/wp-content\/uploads\/2015\/07\/63.jpg 861w, http:\/\/www.nature-comminges.asso.fr\/wp-content\/uploads\/2015\/07\/63-300x187.jpg 300w, http:\/\/www.nature-comminges.asso.fr\/wp-content\/uploads\/2015\/07\/63-624x390.jpg 624w\" sizes=\"(max-width: 625px) 100vw, 625px\" \/><\/a>\n\t\t\t<\/dt>\n\t\t\t\t<dd class='wp-caption-text gallery-caption' id='gallery-1-1208'>\n\t\t\t\tCouleuvre vip\u00e9rine \u00a9 Williams Fondevilla\n\t\t\t\t<\/dd><\/dl><br style=\"clear: both\" \/><dl class='gallery-item'>\n\t\t\t<dt class='gallery-icon landscape'>\n\t\t\t\t<a href='http:\/\/www.nature-comminges.asso.fr\/wp-content\/uploads\/2015\/07\/73.jpg' rel=\"lightbox[598]\"><img width=\"625\" height=\"391\" src=\"http:\/\/www.nature-comminges.asso.fr\/wp-content\/uploads\/2015\/07\/73.jpg\" class=\"attachment-large size-large\" alt=\"\" loading=\"lazy\" aria-describedby=\"gallery-1-1209\" srcset=\"http:\/\/www.nature-comminges.asso.fr\/wp-content\/uploads\/2015\/07\/73.jpg 860w, http:\/\/www.nature-comminges.asso.fr\/wp-content\/uploads\/2015\/07\/73-300x188.jpg 300w, http:\/\/www.nature-comminges.asso.fr\/wp-content\/uploads\/2015\/07\/73-624x390.jpg 624w\" sizes=\"(max-width: 625px) 100vw, 625px\" \/><\/a>\n\t\t\t<\/dt>\n\t\t\t\t<dd class='wp-caption-text gallery-caption' id='gallery-1-1209'>\n\t\t\t\tCouleuvre \u00e0 collier \u00a9 Serge Gousse\n\t\t\t\t<\/dd><\/dl><dl class='gallery-item'>\n\t\t\t<dt class='gallery-icon landscape'>\n\t\t\t\t<a href='http:\/\/www.nature-comminges.asso.fr\/wp-content\/uploads\/2015\/07\/83.jpg' rel=\"lightbox[598]\"><img width=\"625\" height=\"391\" src=\"http:\/\/www.nature-comminges.asso.fr\/wp-content\/uploads\/2015\/07\/83.jpg\" class=\"attachment-large size-large\" alt=\"\" loading=\"lazy\" aria-describedby=\"gallery-1-1210\" srcset=\"http:\/\/www.nature-comminges.asso.fr\/wp-content\/uploads\/2015\/07\/83.jpg 861w, http:\/\/www.nature-comminges.asso.fr\/wp-content\/uploads\/2015\/07\/83-300x187.jpg 300w, http:\/\/www.nature-comminges.asso.fr\/wp-content\/uploads\/2015\/07\/83-624x390.jpg 624w\" sizes=\"(max-width: 625px) 100vw, 625px\" \/><\/a>\n\t\t\t<\/dt>\n\t\t\t\t<dd class='wp-caption-text gallery-caption' id='gallery-1-1210'>\n\t\t\t\tVip\u00e8re aspic \u00a9 Williams Fondevilla\n\t\t\t\t<\/dd><\/dl><br style=\"clear: both\" \/><dl class='gallery-item'>\n\t\t\t<dt class='gallery-icon landscape'>\n\t\t\t\t<a href='http:\/\/www.nature-comminges.asso.fr\/wp-content\/uploads\/2015\/07\/94.jpg' rel=\"lightbox[598]\"><img width=\"625\" height=\"390\" src=\"http:\/\/www.nature-comminges.asso.fr\/wp-content\/uploads\/2015\/07\/94.jpg\" class=\"attachment-large size-large\" alt=\"\" loading=\"lazy\" aria-describedby=\"gallery-1-1211\" srcset=\"http:\/\/www.nature-comminges.asso.fr\/wp-content\/uploads\/2015\/07\/94.jpg 860w, http:\/\/www.nature-comminges.asso.fr\/wp-content\/uploads\/2015\/07\/94-300x187.jpg 300w, http:\/\/www.nature-comminges.asso.fr\/wp-content\/uploads\/2015\/07\/94-624x390.jpg 624w\" sizes=\"(max-width: 625px) 100vw, 625px\" \/><\/a>\n\t\t\t<\/dt>\n\t\t\t\t<dd class='wp-caption-text gallery-caption' id='gallery-1-1211'>\n\t\t\t\tL\u00e9zard de Bonnal photographi\u00e9 \u00e0 2280 m\u00e8tres dans le Comminges \u00a9 Gilles Pottier\n\t\t\t\t<\/dd><\/dl><dl class='gallery-item'>\n\t\t\t<dt class='gallery-icon landscape'>\n\t\t\t\t<a href='http:\/\/www.nature-comminges.asso.fr\/wp-content\/uploads\/2015\/07\/103.jpg' rel=\"lightbox[598]\"><img width=\"625\" height=\"391\" src=\"http:\/\/www.nature-comminges.asso.fr\/wp-content\/uploads\/2015\/07\/103.jpg\" class=\"attachment-large size-large\" alt=\"\" loading=\"lazy\" aria-describedby=\"gallery-1-1212\" srcset=\"http:\/\/www.nature-comminges.asso.fr\/wp-content\/uploads\/2015\/07\/103.jpg 861w, http:\/\/www.nature-comminges.asso.fr\/wp-content\/uploads\/2015\/07\/103-300x187.jpg 300w, http:\/\/www.nature-comminges.asso.fr\/wp-content\/uploads\/2015\/07\/103-624x390.jpg 624w\" sizes=\"(max-width: 625px) 100vw, 625px\" \/><\/a>\n\t\t\t<\/dt>\n\t\t\t\t<dd class='wp-caption-text gallery-caption' id='gallery-1-1212'>\n\t\t\t\tL\u00e9zard vivipare \u00a9 Williams Fondevilla\n\t\t\t\t<\/dd><\/dl><br style=\"clear: both\" \/><dl class='gallery-item'>\n\t\t\t<dt class='gallery-icon landscape'>\n\t\t\t\t<a href='http:\/\/www.nature-comminges.asso.fr\/wp-content\/uploads\/2015\/07\/114.jpg' rel=\"lightbox[598]\"><img width=\"625\" height=\"391\" src=\"http:\/\/www.nature-comminges.asso.fr\/wp-content\/uploads\/2015\/07\/114.jpg\" class=\"attachment-large size-large\" alt=\"\" loading=\"lazy\" aria-describedby=\"gallery-1-1213\" srcset=\"http:\/\/www.nature-comminges.asso.fr\/wp-content\/uploads\/2015\/07\/114.jpg 861w, http:\/\/www.nature-comminges.asso.fr\/wp-content\/uploads\/2015\/07\/114-300x187.jpg 300w, http:\/\/www.nature-comminges.asso.fr\/wp-content\/uploads\/2015\/07\/114-624x390.jpg 624w\" sizes=\"(max-width: 625px) 100vw, 625px\" \/><\/a>\n\t\t\t<\/dt>\n\t\t\t\t<dd class='wp-caption-text gallery-caption' id='gallery-1-1213'>\n\t\t\t\tL\u00e9zard vert m\u00e2le \u00a9 Williams Fondevilla\n\t\t\t\t<\/dd><\/dl><dl class='gallery-item'>\n\t\t\t<dt class='gallery-icon landscape'>\n\t\t\t\t<a href='http:\/\/www.nature-comminges.asso.fr\/wp-content\/uploads\/2015\/07\/123.jpg' rel=\"lightbox[598]\"><img width=\"625\" height=\"391\" src=\"http:\/\/www.nature-comminges.asso.fr\/wp-content\/uploads\/2015\/07\/123.jpg\" class=\"attachment-large size-large\" alt=\"\" loading=\"lazy\" aria-describedby=\"gallery-1-1214\" srcset=\"http:\/\/www.nature-comminges.asso.fr\/wp-content\/uploads\/2015\/07\/123.jpg 861w, http:\/\/www.nature-comminges.asso.fr\/wp-content\/uploads\/2015\/07\/123-300x187.jpg 300w, http:\/\/www.nature-comminges.asso.fr\/wp-content\/uploads\/2015\/07\/123-624x390.jpg 624w\" sizes=\"(max-width: 625px) 100vw, 625px\" \/><\/a>\n\t\t\t<\/dt>\n\t\t\t\t<dd class='wp-caption-text gallery-caption' id='gallery-1-1214'>\n\t\t\t\tL\u00e9zard vert femelle \u00a9 Williams Fondevilla\n\t\t\t\t<\/dd><\/dl><br style=\"clear: both\" \/>\n\t\t<\/div>\n\n","protected":false},"excerpt":{"rendered":"<p>\u00a0 Mal aim\u00e9s et objets de crainte depuis des si\u00e8cles, reptiles et amphibiens r\u00e9v\u00e8lent pourtant des m\u0153urs extr\u00eamement diversifi\u00e9es et surprenantes. Auxiliaires utiles de nos jardins et des ravageurs des r\u00e9coltes, ils occupent aussi des r\u00f4les indispensables dans la nature sauvage. Plusieurs esp\u00e8ces sont en voie de rar\u00e9faction, voire d&#8217;extinction en raison des activit\u00e9s humaines, [&hellip;]<\/p>\n","protected":false},"author":1,"featured_media":0,"parent":0,"menu_order":0,"comment_status":"closed","ping_status":"closed","template":"","meta":[],"_links":{"self":[{"href":"http:\/\/www.nature-comminges.asso.fr\/index.php\/wp-json\/wp\/v2\/pages\/598"}],"collection":[{"href":"http:\/\/www.nature-comminges.asso.fr\/index.php\/wp-json\/wp\/v2\/pages"}],"about":[{"href":"http:\/\/www.nature-comminges.asso.fr\/index.php\/wp-json\/wp\/v2\/types\/page"}],"author":[{"embeddable":true,"href":"http:\/\/www.nature-comminges.asso.fr\/index.php\/wp-json\/wp\/v2\/users\/1"}],"replies":[{"embeddable":true,"href":"http:\/\/www.nature-comminges.asso.fr\/index.php\/wp-json\/wp\/v2\/comments?post=598"}],"version-history":[{"count":13,"href":"http:\/\/www.nature-comminges.asso.fr\/index.php\/wp-json\/wp\/v2\/pages\/598\/revisions"}],"predecessor-version":[{"id":1394,"href":"http:\/\/www.nature-comminges.asso.fr\/index.php\/wp-json\/wp\/v2\/pages\/598\/revisions\/1394"}],"wp:attachment":[{"href":"http:\/\/www.nature-comminges.asso.fr\/index.php\/wp-json\/wp\/v2\/media?parent=598"}],"curies":[{"name":"wp","href":"https:\/\/api.w.org\/{rel}","templated":true}]}}