{"id":431,"date":"2015-07-03T11:55:55","date_gmt":"2015-07-03T10:55:55","guid":{"rendered":"http:\/\/www.nature-comminges.asso.fr\/?page_id=431"},"modified":"2023-03-09T13:28:51","modified_gmt":"2023-03-09T12:28:51","slug":"risques-industriels","status":"publish","type":"page","link":"http:\/\/www.nature-comminges.asso.fr\/index.php\/risques-industriels\/","title":{"rendered":"Risques industriels"},"content":{"rendered":"<p><span style=\"font-family: Liberation Serif, serif;\"><span style=\"font-size: large;\">L\u2019association Nature Comminges se pr\u00e9occupe des risques et des pollutions industrielles de notre territoire. Si vous constatez des situations qui vous semblent anormales ou probl\u00e9matiques, n\u2019h\u00e9sitez-pas \u00e0 nous alerter en \u00e9crivant par mail \u00e0 \u21d2 <a href=\"mailto:secretariat@nature-comminges.asso.fr\">secretariat@nature-comminges.asso.fr<\/a><\/span><\/span><\/p>\n<p><br class=' sb-br' \/><span style=\"font-family: Liberation Serif, serif;\"><span style=\"font-size: large;\">Pollution de l\u2019air, pollution des sols, pollution de l\u2019eau, les manifestations sont multiples et multifactorielles.<\/span><\/span><\/p>\n<p><br class=' sb-br' \/><span style=\"font-family: Liberation Serif, serif;\"><span style=\"font-size: large;\">Nous nous mobilisons pour faire avancer les choses. <br class=' sb-br' \/>\u00a0<\/span><\/span><\/p>\n<p><a href=\"http:\/\/www.nature-comminges.asso.fr\/wp-content\/uploads\/2015\/07\/fibre3.jpg\" rel=\"lightbox[431]\"><img loading=\"lazy\" class=\"aligncenter wp-image-1885 size-full\" src=\"http:\/\/www.nature-comminges.asso.fr\/wp-content\/uploads\/2015\/07\/fibre3.jpg\" alt=\"fibre3\" width=\"999\" height=\"414\" srcset=\"http:\/\/www.nature-comminges.asso.fr\/wp-content\/uploads\/2015\/07\/fibre3.jpg 999w, http:\/\/www.nature-comminges.asso.fr\/wp-content\/uploads\/2015\/07\/fibre3-300x124.jpg 300w, http:\/\/www.nature-comminges.asso.fr\/wp-content\/uploads\/2015\/07\/fibre3-624x259.jpg 624w\" sizes=\"(max-width: 999px) 100vw, 999px\" \/><\/a><\/p>\n<p><br class=' sb-br' \/><span style=\"font-family: Liberation Serif, serif;\"><span style=\"font-size: large;\"><span style=\"color: #ff0000;\"><strong>En ce moment, vous pouvez signer la p\u00e9tition pour la r\u00e9duction de la pollution de l\u2019usine de la cellulose, c\u2019est ici :<\/strong><\/span> <a href=\"https:\/\/www.change.org\/p\/mairie-de-st-gaudens-stop-a-la-pollution-de-fibre-excellence-st-gaudens\">https:\/\/www.change.org\/p\/mairie-de-st-gaudens-stop-a-la-pollution-de-fibre-excellence-st-gaudens<\/a><\/span><\/span><\/p>\n<p><br class=' sb-br' \/><a href=\"http:\/\/www.nature-comminges.asso.fr\/wp-content\/uploads\/2023\/03\/panneau-danger.png\" rel=\"lightbox[431]\"><img loading=\"lazy\" class=\"alignnone size-full wp-image-4952\" src=\"http:\/\/www.nature-comminges.asso.fr\/wp-content\/uploads\/2023\/03\/panneau-danger.png\" alt=\"\" width=\"34\" height=\"30\" \/><\/a> <span style=\"font-size: large;\">Ces 3 derniers ann\u00e9es, 5 incidents majeurs ont eu lieu sur le risque industriel, le dernier est un incendie qui a mobilis\u00e9 50 pompiers le 27\/02\/2023, <a href=\"http:\/\/www.nature-comminges.asso.fr\/index.php\/fevrier-2023-incendie-dans-lusine-fibre-excellence\/#more-4946\" target=\"_blank\" rel=\"noopener noreferrer\">Cliquez ici pour en savoir plus<\/a><\/span><\/p>\n<p><span style=\"font-family: Liberation Serif, serif;\"><span style=\"font-size: large;\"><b>\u00a0<br class=' sb-br' \/> L\u2019association est particuli\u00e8rement investie dans le suivi des risques industriels et dans la surveillance des \u00e9missions et rejets polluants de l\u2019usine de p\u00e2te \u00e0 papier Cellulose (aujourd\u2019hui Fibre Excellence) de Saint-Gaudens.<\/b><\/span><\/span><\/p>\n<p><br class=' sb-br' \/><span style=\"font-family: Liberation Serif, serif;\"><span style=\"font-size: large;\">L\u2019usine de la cellulose est une usine ICPE (Installation Class\u00e9e pour l\u2019Environnement) class\u00e9e SevesoIII seuil haut.<\/span><\/span><\/p>\n<p><br class=' sb-br' \/><span style=\"font-family: Liberation Serif, serif;\"><span style=\"font-size: large;\">En lien avec FNE Midi-Pyr\u00e9n\u00e9es, plusieurs recours relatifs \u00e0 cette usine sont en cours d\u2019instruction juridique.<\/span><\/span><\/p>\n<p><span style=\"font-family: Liberation Serif, serif;\"><span style=\"font-size: large;\">\u00a0<br class=' sb-br' \/> L\u2019association Nature Comminges est aussi coordonn\u00e9e avec l\u2019association Les Flamants roses de Tarascon (83) o\u00f9 se situe l\u2019usine jumelle de celle de Saint-Gaudens.<\/span><\/span><\/p>\n<p><br class=' sb-br' \/><span style=\"font-family: Liberation Serif, serif;\"><span style=\"font-size: large;\"><b>Les risques industriels majeurs de l\u2019usine <br class=' sb-br' \/>\u00a0<\/b><\/span><\/span><\/p>\n<p style=\"padding-left: 40px;\"><span style=\"font-family: Liberation Serif, serif;\"><span style=\"font-size: large;\">&#8211;\u00a0\u00a0\u00a0\u00a0\u00a0\u00a0 Risque de surpression (explosion) <br class=' sb-br' \/>\u00a0<\/span><\/span><\/p>\n<p style=\"padding-left: 40px;\"><span style=\"font-family: Liberation Serif, serif;\"><span style=\"font-size: large;\">&#8211;\u00a0\u00a0\u00a0\u00a0\u00a0\u00a0 Risque d\u2019\u00e9manation de bioxyde de chlore (ClO2) <br class=' sb-br' \/>\u00a0<\/span><\/span><\/p>\n<p><span style=\"font-family: Liberation Serif, serif;\"><span style=\"font-size: large;\">\u00a0<br class=' sb-br' \/> Acc\u00e9dez au Plan de pr\u00e9vention des risques technologiques \u21d2 <a href=\"https:\/\/www.occitanie.developpement-durable.gouv.fr\/pprt-fibre-excellence-ex-tembec-saint-gaudens-a16968.html\">https:\/\/www.occitanie.developpement-durable.gouv.fr\/pprt-fibre-excellence-ex-tembec-saint-gaudens-a16968.html<\/a><\/span><\/span><\/p>\n<p><br class=' sb-br' \/><span style=\"font-family: Liberation Serif, serif;\"><span style=\"font-size: large;\">Acc\u00e9dez aux consignes \u00e0 suivre en cas d\u2019incident \u21d2 <a href=\"https:\/\/www.stgo.fr\/wp-content\/uploads\/2019\/10\/TRACT-FIBRE-EXCELLENCE.pdf\">https:\/\/www.stgo.fr\/wp-content\/uploads\/2019\/10\/TRACT-FIBRE-EXCELLENCE.pdf<\/a><\/span><\/span><\/p>\n<p><br class=' sb-br' \/><span style=\"font-family: Liberation Serif, serif;\"><span style=\"font-size: large;\">D\u00e9but 2021, une enqu\u00eate publique de modification du processus industriel (modification de la ligne d\u2019\u00e9vaporation de la liqueur noire) a eu lieu. Le dossier pr\u00e9sent\u00e9 permet une augmentation de 10% de la production (et donc des pollutions associ\u00e9es). De nombreuses contributions ont \u00e9t\u00e9 d\u00e9pos\u00e9es. Le commissaire enqu\u00eateur a rendu ses conclusions et a demand\u00e9 une limitation des \u00e9missions de GES dans l\u2019arr\u00eat\u00e9 pr\u00e9fectoral, la r\u00e9alisation d\u2019une \u00e9tude \u00e9pid\u00e9miologique. Cela n\u2019a pas \u00e9t\u00e9 suivi par le Pr\u00e9fet.<\/span><\/span><\/p>\n<p><br class=' sb-br' \/><span style=\"font-family: Liberation Serif, serif;\"><span style=\"font-size: large;\">Rapport du Commissaire enqu\u00eateur \u21d2 <a href=\"https:\/\/anper-tos.fr\/wp-content\/uploads\/2021\/03\/FIBRE-EXCELLENCE-2021-03-25-Annexes-RAPPORT-CE-DEFINITIF-A-B-C-2.pdf\">https:\/\/anper-tos.fr\/wp-content\/uploads\/2021\/03\/FIBRE-EXCELLENCE-2021-03-25-Annexes-RAPPORT-CE-DEFINITIF-A-B-C-2.pdf<\/a><\/span><\/span><\/p>\n<p align=\"justify\"><br class=' sb-br' \/><span style=\"font-family: Liberation Serif, serif;\"><span style=\"font-size: large;\"><b>Les pollutions majeures de l\u2019usine Cellulose\u00a0:<\/b><\/span><\/span><\/p>\n<p style=\"padding-left: 40px;\" align=\"justify\"><br class=' sb-br' \/><span style=\"font-family: Liberation Serif, serif;\"><span style=\"font-size: large;\">&#8211;\u00a0\u00a0\u00a0\u00a0\u00a0\u00a0 Hydrog\u00e8ne sulfur\u00e9 (H2S), dans des quantit\u00e9s au-del\u00e0 des seuils d\u00e9finis par l\u2019Ineris pour l\u2019exposition au temps long, avec des pics provoquant des irritations de diverses natures,<br \/>\n<\/span><\/span><span style=\"font-family: Liberation Serif, serif;\"><span style=\"font-size: large;\">&#8211;\u00a0\u00a0\u00a0\u00a0\u00a0\u00a0 Particules fines et tr\u00e8s fines avec des niveaux d\u2019\u00e9mission analogue \u00e0 ceux de Toulouse, (PM10 PM 2,5 PM1),<br \/>\n<\/span><\/span><span style=\"font-family: Liberation Serif, serif;\"><span style=\"font-size: large;\">&#8211;\u00a0\u00a0\u00a0\u00a0\u00a0\u00a0 1<sup>er<\/sup> \u00e9metteur de CO2 (dioxyde de carbone) en Occitanie,<br \/>\n<\/span><\/span><span style=\"font-family: Liberation Serif, serif;\"><span style=\"font-size: large;\">&#8211;\u00a0\u00a0\u00a0\u00a0\u00a0\u00a0 2<sup>e<\/sup> \u00e9metteur de NOx (oxydes d\u2019azote) en Occitanie,<br \/>\n<\/span><\/span><span style=\"font-family: Liberation Serif, serif;\"><span style=\"font-size: large;\">&#8211;\u00a0\u00a0\u00a0\u00a0\u00a0\u00a0 3<sup>e<\/sup> \u00e9metteur de CO (monoxyde de carbone) en Occitanie,<br \/>\n<\/span><\/span><span style=\"font-family: Liberation Serif, serif;\"><span style=\"font-size: large;\">&#8211;\u00a0\u00a0\u00a0\u00a0\u00a0\u00a0 De tr\u00e8s nombreux polluants comme le cadmium, thallium, mercure, arsenic, selenium, tellure, antimoine, chrome, cobalt,<br \/>\n<\/span><\/span><span style=\"font-family: Liberation Serif, serif;\"><span style=\"font-size: large;\">&#8211;\u00a0\u00a0\u00a0\u00a0\u00a0\u00a0 Des composants organiques volatiles (COV), HAP ou non,<br \/>\n<\/span><\/span><span style=\"font-family: Liberation Serif, serif;\"><span style=\"font-size: large;\">&#8211;\u00a0\u00a0\u00a0\u00a0\u00a0\u00a0 Pollution des sols constat\u00e9e avec suivi pi\u00e9zom\u00e9trique,<br \/>\n<\/span><\/span><span style=\"font-family: Liberation Serif, serif;\"><span style=\"font-size: large;\">&#8211;\u00a0\u00a0\u00a0\u00a0\u00a0\u00a0 Rejets en Garonne avec polluants,<br \/>\n<\/span><\/span><span style=\"font-family: Liberation Serif, serif;\"><span style=\"font-size: large;\">&#8211;\u00a0\u00a0\u00a0\u00a0\u00a0\u00a0 D\u00e9passement des temp\u00e9ratures de rejets autoris\u00e9es,<br \/>\n<\/span><\/span><span style=\"font-family: Liberation Serif, serif;\"><span style=\"font-size: large;\">&#8211;\u00a0\u00a0\u00a0\u00a0\u00a0\u00a0 Bruit diurne et nocturne,<\/span><\/span><\/p>\n<p align=\"justify\"><br class=' sb-br' \/><span style=\"font-family: Liberation Serif, serif;\"><span style=\"font-size: large;\">Vous pouvez vous plaindre des d\u00e9sagr\u00e9ments (bruits et odeurs) \u00e0 l&#8217;email suivant : <a href=\"mailto:contact.saintgaudens@fibre-excellence.com\" target=\"_blank\" rel=\"noopener noreferrer\">contact.saintgaudens@fibre-excellence.com\u00a0<\/a><\/span><\/span><\/p>\n<p><span style=\"font-family: Liberation Serif, serif;\"><span style=\"font-size: large;\">\u00a0<br class=' sb-br' \/> <strong>Ces pollutions ont des cons\u00e9quences sur\u00a0: <\/strong><br class=' sb-br' \/>\u00a0<\/span><\/span><\/p>\n<p style=\"padding-left: 40px;\"><span style=\"font-family: Liberation Serif, serif;\"><span style=\"font-size: large;\">&#8211;\u00a0\u00a0\u00a0\u00a0\u00a0\u00a0 notre sant\u00e9,<br \/>\n<\/span><\/span><span style=\"font-family: Liberation Serif, serif;\"><span style=\"font-size: large;\">&#8211;\u00a0\u00a0\u00a0\u00a0\u00a0\u00a0 l\u2019environnement avec de tr\u00e8s fortes \u00e9missions de GES,<\/span><\/span><\/p>\n<p align=\"justify\"><span style=\"font-family: Liberation Serif, serif;\"><span style=\"font-size: large;\"> <br class=' sb-br' \/><\/span><\/span><span style=\"font-family: Liberation Serif, serif;\"><span style=\"font-size: large;\"><strong>Nous devons obtenir une r\u00e9duction des pollutions, des solutions sont possibles et doivent \u00eatre mises en \u0153uvre<\/strong>. Mais l\u2019Etat a un faible niveau d\u2019exigence et ne se pr\u00e9occupe pas de qualit\u00e9 de l\u2019air. Rappelons qu\u2019il a \u00e9t\u00e9 condamn\u00e9 par 2 fois pour inaction sur la qualit\u00e9 de l\u2019air par le Conseil d\u2019Etat.<\/span><\/span><\/p>\n<p align=\"justify\"><br class=' sb-br' \/><span style=\"font-family: Liberation Serif, serif;\"><span style=\"font-size: large;\"><b>Nous souhaitons aussi obtenir la r\u00e9alisation d\u2019une \u00e9tude \u00e9pid\u00e9miologique. D\u00e9j\u00e0 demand\u00e9e, elle est refus\u00e9e par l\u2019Etat.<\/b><\/span><\/span><\/p>\n<p><span style=\"font-family: Liberation Serif, serif;\"><span style=\"font-size: large;\"><u><br class=' sb-br' \/> Les effets sur la sant\u00e9 du H2S (source ATMO Occitanie)<\/u><\/span><\/span><\/p>\n<p><span style=\"font-family: Liberation Serif, serif;\"><span style=\"font-size: large;\"><span style=\"color: #282522;\">\u00a0<br class=' sb-br' \/> Le seuil olfactif de l\u2019hydrog\u00e8ne sulfur\u00e9 est de 11 \u03bcg\/m<sup>3<\/sup> (Institut National de la Recherche et de S\u00e9curit\u00e9). Le sulfure d&#8217;hydrog\u00e8ne est facilement reconnaissable \u00e0 tr\u00e8s faible concentration \u00e0 son odeur <\/span><\/span><\/span><span style=\"font-family: Liberation Serif, serif;\"><span style=\"font-size: large;\"><span style=\"color: #282522;\">d\u2019\u0153uf<\/span> <\/span><\/span><span style=\"color: #282522; font-size: large; font-family: 'Liberation Serif', serif;\">pourri&#8221;.<\/span><\/p>\n<p><br class=' sb-br' \/><strong><span style=\"text-decoration: underline;\"><span style=\"color: #282522;\"><span style=\"font-family: Liberation Serif, serif;\"><span style=\"font-size: large;\">Les effets sur la sant\u00e9 du sulfure d&#8217;hydrog\u00e8ne sont tout d&#8217;abord :<\/span><\/span><\/span><\/span><\/strong><\/p>\n<p><span style=\"font-family: Liberation Serif, serif;\"><span style=\"font-size: large;\"><span style=\"color: #282522;\">\u00a0<br class=' sb-br' \/> &#8211; u<\/span><span style=\"color: #282522;\">ne irritation des muqueuses oculaires et respiratoires<\/span><\/span><\/span><span style=\"color: #282522;\"><span style=\"font-family: Liberation Serif, serif;\"><span style=\"font-size: large;\"> (sensation de br\u00fblure, inconfort, photophobie, conjonctivite, rhinite, dyspn\u00e9e, <\/span><\/span><\/span><span style=\"font-family: Liberation Serif, serif;\"><span style=\"font-size: large;\"><span style=\"color: #282522;\">\u0153d\u00e8me <\/span><\/span><\/span><span style=\"color: #282522;\"><span style=\"font-family: Liberation Serif, serif;\"><span style=\"font-size: large;\">pulmonaire retard\u00e9, c\u00e9phal\u00e9e, naus\u00e9e, perte de connaissances br\u00e8ves&#8230;) d\u00e8s 100 ppm (1 ppm = 1 520 \u03bcg\/m<sup>3<\/sup>) pouvant aller jusqu&#8217;\u00e0 l&#8217;<\/span><\/span><\/span><span style=\"font-family: Liberation Serif, serif;\"><span style=\"font-size: large;\"><span style=\"color: #282522;\">\u0153d\u00e8me <\/span><\/span><\/span><span style=\"color: #282522;\"><span style=\"font-family: Liberation Serif, serif;\"><span style=\"font-size: large;\">corn\u00e9en,<br \/>\n<\/span><\/span><\/span><span style=\"color: #282522;\"><span style=\"font-family: Liberation Serif, serif;\"><span style=\"font-size: large;\">&#8211; des troubles du syst\u00e8me nerveux : c\u00e9phal\u00e9es, fatigue, insomnie, troubles de la m\u00e9moire&#8230;,<br \/>\n<\/span><\/span><\/span><span style=\"font-family: Liberation Serif, serif;\"><span style=\"font-size: large;\"><span style=\"color: #282522;\">&#8211; des troubles digestifs : naus\u00e9e, anorexie, douleurs abdominales&#8230;<\/span><\/span><\/span><\/p>\n<p><br class=' sb-br' \/><span style=\"font-family: Liberation Serif, serif;\"><span style=\"font-size: large;\"><span style=\"color: #282522;\">A partir de 710 000 \u03bcg\/m<sup>3<\/sup>, les sympt\u00f4mes sont une rapide perte de connaissance, un coma accompagn\u00e9 de troubles respiratoires, d&#8217;un \u0153d\u00e8me pulmonaire, de troubles du rythme cardiaque et de modifications tensorielles. Si l&#8217;exposition n&#8217;est pas interrompue, la mort survient rapidement. Dans le cas contraire, la r\u00e9cup\u00e9ration est rapide mais il est possible de d\u00e9velopper une enc\u00e9phalopathie r\u00e9versible et de conserver des s\u00e9quelles neuropsychiques (troubles du comportement, amn\u00e9sie, hallucinations&#8230;) ou respiratoires. <\/span><\/span><\/span><\/p>\n<p><span style=\"font-family: Liberation Serif, serif;\"><span style=\"font-size: large;\"><span style=\"color: #282522;\">\u00a0<br class=' sb-br' \/> Ces effets sont moins document\u00e9s pour des expositions sub-chronique et chronique. Cependant, la majorit\u00e9 des \u00e9tudes chez l\u2019Homme met en \u00e9vidence des sympt\u00f4mes irritatifs des voies a\u00e9riennes sup\u00e9rieures et des yeux. De plus, les donn\u00e9es animales apportent des preuves solides sur le fait que l&#8217;appareil respiratoire est une cible sensible de la toxicit\u00e9 de l\u2019H2S.<\/span><\/span><\/span><\/p>\n<p><br class=' sb-br' \/><span style=\"font-family: Liberation Serif, serif;\"><span style=\"font-size: large;\"><u>Les effets sur la sant\u00e9 des particules fines (source ATMO Occitanie)<\/u><\/span><\/span><\/p>\n<p><span style=\"color: #000000;\"><span style=\"font-family: Liberation Serif, serif;\"><span style=\"font-size: large;\">\u00a0<br class=' sb-br' \/> Plus une particule est fine, plus sa toxicit\u00e9 potentielle est \u00e9lev\u00e9e. <\/span><\/span><\/span><\/p>\n<p><span style=\"color: #000000;\"><span style=\"font-family: Liberation Serif, serif;\"><span style=\"font-size: large;\">\u00a0<br class=' sb-br' \/> Les plus grosses particules sont retenues par les voies a\u00e9riennes sup\u00e9rieures. Les plus fines p\u00e9n\u00e8trent profond\u00e9ment dans l\u2019appareil respiratoire o\u00f9 elles peuvent provoquer une inflammation et alt\u00e9rer la fonction respiratoire dans son ensemble. Les particules ultra fines sont suspect\u00e9es de provoquer \u00e9galement des effets cardio-vasculaires. Certaines particules ont des propri\u00e9t\u00e9s mutag\u00e8nes et canc\u00e9rig\u00e8nes : c\u2019est notamment le cas de certaines particules \u00e9mises par les moteurs diesel qui v\u00e9hiculent certains hydrocarbures aromatiques polycycliques (HAP). Une corr\u00e9lation a \u00e9t\u00e9 \u00e9tablie entre les niveaux \u00e9lev\u00e9s de PM10 et l\u2019augmentation des admissions dans les h\u00f4pitaux et des d\u00e9c\u00e8s, li\u00e9s \u00e0 des pathologies respiratoires et cardiovasculaires.<br \/>\n<\/span><\/span><\/span><\/p>\n<p><span style=\"color: #000000;\"><span style=\"font-family: Liberation Serif, serif;\"><span style=\"font-size: large;\">\u00a0<br class=' sb-br' \/> Ces particules sont quantifi\u00e9es en masse mais leur nombre peut varier fortement en fonction de leur taille.<\/span><\/span><\/span><\/p>\n<p style=\"text-align: center;\"><br class=' sb-br' \/><span style=\"font-family: Liberation Serif, serif;\"><span style=\"font-size: large;\">Certaines \u00e9missions sont suivies par ATMO Occitanie (H2S et SO2) au fil de l\u2019eau. Des pics de pollution peuvent y \u00eatre constat\u00e9s mais ne sont pas exhaustifs car les gaz sont diffus et leur dispersion varie en fonction des vents. Les particules fines ne sont pas suivies au fil de l\u2019eau alors qu\u2019un rapport de l\u2019ATMO en 2020 l\u2019exigeait.<\/span><\/span><span style=\"font-family: 'Liberation Serif', serif; font-size: large; text-align: justify;\"><br class=' sb-br' \/><\/span><a style=\"font-weight: bold; background-color: transparent; text-align: left; font-size: 1rem;\" href=\"http:\/\/www.nature-comminges.asso.fr\/wp-content\/uploads\/2015\/07\/fibre11.jpg\" rel=\"lightbox[431]\"><img loading=\"lazy\" class=\"wp-image-1887 aligncenter\" src=\"http:\/\/www.nature-comminges.asso.fr\/wp-content\/uploads\/2015\/07\/fibre11.jpg\" alt=\"fibre1\" width=\"439\" height=\"294\" srcset=\"http:\/\/www.nature-comminges.asso.fr\/wp-content\/uploads\/2015\/07\/fibre11.jpg 1000w, http:\/\/www.nature-comminges.asso.fr\/wp-content\/uploads\/2015\/07\/fibre11-300x201.jpg 300w, http:\/\/www.nature-comminges.asso.fr\/wp-content\/uploads\/2015\/07\/fibre11-624x418.jpg 624w\" sizes=\"(max-width: 439px) 100vw, 439px\" \/><\/a><span style=\"color: #757575; font-size: 12px; font-style: italic; text-align: center;\"> Un jour d&#8217;hiver &#8230;<\/span><span style=\"color: #757575; font-size: 12px; font-style: italic; text-align: center;\">\u00a0<br class=' sb-br' \/>\u00a0<\/span><\/p>\n<div id=\"attachment_1888\" style=\"width: 449px\" class=\"wp-caption aligncenter\"><a href=\"http:\/\/www.nature-comminges.asso.fr\/wp-content\/uploads\/2015\/07\/papeterie-st-gau1.jpg\" rel=\"lightbox[431]\"><img aria-describedby=\"caption-attachment-1888\" loading=\"lazy\" class=\"wp-image-1888 \" src=\"http:\/\/www.nature-comminges.asso.fr\/wp-content\/uploads\/2015\/07\/papeterie-st-gau1.jpg\" alt=\"papeterie st gau\" width=\"439\" height=\"293\" srcset=\"http:\/\/www.nature-comminges.asso.fr\/wp-content\/uploads\/2015\/07\/papeterie-st-gau1.jpg 1000w, http:\/\/www.nature-comminges.asso.fr\/wp-content\/uploads\/2015\/07\/papeterie-st-gau1-300x200.jpg 300w, http:\/\/www.nature-comminges.asso.fr\/wp-content\/uploads\/2015\/07\/papeterie-st-gau1-624x416.jpg 624w\" sizes=\"(max-width: 439px) 100vw, 439px\" \/><\/a><p id=\"caption-attachment-1888\" class=\"wp-caption-text\">Jour de beau temps \u00e0 Saint Gaudens<\/p><\/div>\n","protected":false},"excerpt":{"rendered":"<p>L\u2019association Nature Comminges se pr\u00e9occupe des risques et des pollutions industrielles de notre territoire. Si vous constatez des situations qui vous semblent anormales ou probl\u00e9matiques, n\u2019h\u00e9sitez-pas \u00e0 nous alerter en \u00e9crivant par mail \u00e0 \u21d2 secretariat@nature-comminges.asso.fr Pollution de l\u2019air, pollution des sols, pollution de l\u2019eau, les manifestations sont multiples et multifactorielles. Nous nous mobilisons pour [&hellip;]<\/p>\n","protected":false},"author":1,"featured_media":0,"parent":0,"menu_order":0,"comment_status":"closed","ping_status":"closed","template":"","meta":[],"_links":{"self":[{"href":"http:\/\/www.nature-comminges.asso.fr\/index.php\/wp-json\/wp\/v2\/pages\/431"}],"collection":[{"href":"http:\/\/www.nature-comminges.asso.fr\/index.php\/wp-json\/wp\/v2\/pages"}],"about":[{"href":"http:\/\/www.nature-comminges.asso.fr\/index.php\/wp-json\/wp\/v2\/types\/page"}],"author":[{"embeddable":true,"href":"http:\/\/www.nature-comminges.asso.fr\/index.php\/wp-json\/wp\/v2\/users\/1"}],"replies":[{"embeddable":true,"href":"http:\/\/www.nature-comminges.asso.fr\/index.php\/wp-json\/wp\/v2\/comments?post=431"}],"version-history":[{"count":44,"href":"http:\/\/www.nature-comminges.asso.fr\/index.php\/wp-json\/wp\/v2\/pages\/431\/revisions"}],"predecessor-version":[{"id":4954,"href":"http:\/\/www.nature-comminges.asso.fr\/index.php\/wp-json\/wp\/v2\/pages\/431\/revisions\/4954"}],"wp:attachment":[{"href":"http:\/\/www.nature-comminges.asso.fr\/index.php\/wp-json\/wp\/v2\/media?parent=431"}],"curies":[{"name":"wp","href":"https:\/\/api.w.org\/{rel}","templated":true}]}}