{"id":427,"date":"2015-07-03T11:55:07","date_gmt":"2015-07-03T10:55:07","guid":{"rendered":"http:\/\/www.nature-comminges.asso.fr\/?page_id=427"},"modified":"2015-10-14T16:51:58","modified_gmt":"2015-10-14T15:51:58","slug":"actions-juridiques","status":"publish","type":"page","link":"http:\/\/www.nature-comminges.asso.fr\/index.php\/actions-juridiques\/","title":{"rendered":"Actions juridiques"},"content":{"rendered":"<p align=\"justify\"><span style=\"font-family: Liberation Serif,serif;\"><span style=\"font-size: large;\">\u00a0<br class=' sb-br' \/> Depuis vingt ans, l&#8217;Association Nature Comminges \u00e9tudie, surveille les cons\u00e9quences des activit\u00e9s de l&#8217;homme sur la nature en Haute-Garonne. <\/span><\/span><\/p>\n<p align=\"justify\"><span style=\"font-family: Liberation Serif,serif;\"><span style=\"font-size: large;\">La vigilance et les actions associatives permettent, sans contrarier une \u00e9volution \u00e9quilibr\u00e9e de notre soci\u00e9t\u00e9, de d\u00e9noncer ou d&#8217;infl\u00e9chir certains projets aux cons\u00e9quences n\u00e9fastes pour l&#8217;environnement. <br class=' sb-br' \/>\u00a0<\/span><\/span><\/p>\n<div id=\"Section1\" dir=\"ltr\">\n<p align=\"justify\"><span style=\"font-family: Liberation Serif,serif;\"><span style=\"font-size: large;\">En tant qu&#8217;association agr\u00e9\u00e9e pour la protection de l&#8217;environnement et du cadre de vie, Nature Comminges intervient sous toutes les formes l\u00e9gales possibles. <\/span><\/span><\/p>\n<p align=\"justify\"><span style=\"font-family: Liberation Serif,serif;\"><span style=\"font-size: large;\">Elle veille en particulier \u00e0 l&#8217;application des lois et des r\u00e8glements de notre pays ou de la Communaut\u00e9 Europ\u00e9enne, trop souvent ignor\u00e9s ou mal appliqu\u00e9s. <br class=' sb-br' \/>\u00a0<\/span><\/span><\/p>\n<\/div>\n<div id=\"yui_3_16_0_1_1444834663630_7337\" dir=\"ltr\">\n<p align=\"justify\"><span style=\"font-family: Liberation Serif,serif;\"><span style=\"font-size: large;\">Au cours de ces derni\u00e8res ann\u00e9es, le travail de protection des milieux naturels et des esp\u00e8ces a consist\u00e9 \u00e0 veiller \u00e0 l&#8217;application du Code de l&#8217;Environnement, qui a int\u00e9gr\u00e9 progressivement les dispositions des Directives Europ\u00e9ennes environnementales (Directives \u00ab\u00a0Habitats\u00a0\u00bb et \u00ab\u00a0Oiseaux\u00a0\u00bb, Directive Cadre sur l&#8217;Eau), en suivant au niveau local, la mise en place du r\u00e9seau europ\u00e9en de sites prot\u00e9g\u00e9s Natura 2000.<\/span><\/span><\/p>\n<p align=\"justify\"><span style=\"font-family: Liberation Serif,serif;\"><span style=\"font-size: large;\"> L&#8217;association veille aussi \u00e0 l&#8217;application de la l\u00e9gislation visant \u00e0 pr\u00e9venir les pollutions et les nuisances, ainsi que certaines l\u00e9gislations sp\u00e9cifiques (Loi \u00ab\u00a0Montagne\u00a0\u00bb de 1985). <br class=' sb-br' \/>\u00a0<\/span><\/span><\/p>\n<\/div>\n<div id=\"Section3\" dir=\"ltr\">\n<p align=\"justify\"><span style=\"font-family: Liberation Serif,serif;\"><span style=\"font-size: large;\">Nous avons ainsi men\u00e9 de nombreuses plaintes et actions de sensibilisation des communes pour r\u00e9sorber plus de 29 d\u00e9charges sauvages, et, \u00e9galement suite \u00e0 des destructions d&#8217;esp\u00e8ces prot\u00e9g\u00e9es (lors de d\u00e9rangements ou de d\u00e9sairages de rapaces ou d&#8217;actes de braconnages)\u00a0; nous nous sommes constitu\u00e9s partie civile lors du retentissant proc\u00e8s pour contamination des populations d&#8217;abeilles du d\u00e9partement en 2003 et 2004, qui avait conduit \u00e0 la mise en examen des firmes Bayer et BASF au Tribunal de Grande Instance de Saint-Gaudens. <\/span><\/span><\/p>\n<p align=\"justify\"><span style=\"font-family: Liberation Serif,serif;\"><span style=\"font-size: large;\">On ne peut pas non plus oublier la veille juridique men\u00e9e autour des sites Seveso seuil haut, en particulier des rejets atmosph\u00e9riques et en Garonne de l&#8217;usine Fibre Excellence de Saint-Gaudens. <br class=' sb-br' \/>\u00a0<\/span><\/span><\/p>\n<\/div>\n<div id=\"Section4\" dir=\"ltr\">\n<p align=\"justify\"><span style=\"font-family: Liberation Serif,serif;\"><span style=\"font-size: large;\">La veille juridique consiste aussi \u00e0 d\u00e9poser des recours permettant d&#8217;annuler des d\u00e9cisions de l&#8217;administration que nous estimons contraires aux engagements de l&#8217;\u00c9tat en mati\u00e8re de protection des esp\u00e8ces ou des sites.<\/span><\/span><\/p>\n<p align=\"justify\"><span style=\"font-family: Liberation Serif,serif;\"><span style=\"font-size: large;\">Ainsi, nous avons obtenu l&#8217;annulation de l&#8217;Arr\u00eat\u00e9 pr\u00e9fectoral autorisant la chasse au Lagop\u00e8de alpin pour la saison 2004-2005, lors d&#8217;une ann\u00e9e de mauvaise reproduction\u00a0(2004)\u00a0; citons aussi notre demande d&#8217;annulation d&#8217;un Arr\u00eat\u00e9 pr\u00e9fectoral de 2006 autorisant une extension du domaine skiable de Peyragudes, qui a remis en question la d\u00e9cision d&#8217;am\u00e9nagement et a permis de pr\u00e9server un secteur pr\u00e9serv\u00e9 du Haut-Larboust.<\/span><\/span><\/p>\n<p align=\"justify\"><span style=\"font-family: Liberation Serif,serif;\"><span style=\"font-size: large;\">Derni\u00e8rement l&#8217;association a men\u00e9 avec succ\u00e8s une action contre l&#8217;implantation d&#8217;une microcentrale sur la commune de Melles (2010), et soutenu avec succ\u00e8s l&#8217;association des riverains contre l&#8217;implantation de la carri\u00e8re de Montmaurin (2013)\u00a0; malgr\u00e9 certains revers, comme lors du rejet de notre r\u00e9f\u00e9r\u00e9 contre un arr\u00eat\u00e9 pr\u00e9fectoral autorisant des travaux de la d\u00e9viation de Saint-B\u00e9at, sans prise en compte des impacts sur les milieux aquatiques (2011). <br class=' sb-br' \/> <br class=' sb-br' \/> <\/span><\/span><a name=\"yui_3_16_0_1_1444834663630_72514\"><\/a><\/p>\n<p align=\"justify\"><span style=\"font-family: Liberation Serif,serif;\"><span style=\"font-size: large;\">Malheureusement, la tendance actuelle est \u00e0 la simplification des proc\u00e9dures et au d\u00e9veloppement des d\u00e9rogations de destructions d&#8217;esp\u00e8ces prot\u00e9g\u00e9es, loin de la pr\u00e9vention qui devrait pr\u00e9valoir dans toute gestion \u00e9cologique\u00a0; certaines d&#8217;entre elles sont heureusement contest\u00e9es avec succ\u00e8s aux c\u00f4t\u00e9s d&#8217;autres associations (destruction d&#8217;une station d&#8217;Iris gramin\u00e9e sur la carri\u00e8re Lafarge de Martres-Tolosane en 2014, annulation d&#8217;une d\u00e9cision d&#8217;\u00e9pandage a\u00e9rien de pesticides en 2011). <br class=' sb-br' \/><br \/>\n<\/span><\/span><\/p>\n<\/div>\n<div id=\"Section6\" dir=\"ltr\">\n<p align=\"justify\"><span style=\"font-family: Liberation Serif,serif;\"><span style=\"font-size: large;\">Heureusement, la prise de conscience des enjeux \u00e9cologiques est en plein essor, et nous nous sentons d\u00e9sormais moins seuls. <\/span><\/span><\/p>\n<p align=\"justify\"><span style=\"font-family: Liberation Serif,serif;\"><span style=\"font-size: large;\">Nous menons des actions juridiques avec de nombreuses structures, comme la F\u00e9d\u00e9ration R\u00e9gionale des Associations de d\u00e9fense de l&#8217;environnement de Midi-Pyr\u00e9n\u00e9es (FNE Midi-Pyr\u00e9n\u00e9es), mais aussi plusieurs organismes et associations de p\u00eacheurs, de riverains, d&#8217;amoureux de la montagne qui se d\u00e9veloppent dans le Comminges. <br class=' sb-br' \/>\u00a0 <br class=' sb-br' \/>\u00a0<\/span><\/span><\/p>\n<\/div>\n","protected":false},"excerpt":{"rendered":"<p>\u00a0 Depuis vingt ans, l&#8217;Association Nature Comminges \u00e9tudie, surveille les cons\u00e9quences des activit\u00e9s de l&#8217;homme sur la nature en Haute-Garonne. La vigilance et les actions associatives permettent, sans contrarier une \u00e9volution \u00e9quilibr\u00e9e de notre soci\u00e9t\u00e9, de d\u00e9noncer ou d&#8217;infl\u00e9chir certains projets aux cons\u00e9quences n\u00e9fastes pour l&#8217;environnement. \u00a0 En tant qu&#8217;association agr\u00e9\u00e9e pour la protection de [&hellip;]<\/p>\n","protected":false},"author":1,"featured_media":0,"parent":0,"menu_order":0,"comment_status":"closed","ping_status":"closed","template":"","meta":[],"_links":{"self":[{"href":"http:\/\/www.nature-comminges.asso.fr\/index.php\/wp-json\/wp\/v2\/pages\/427"}],"collection":[{"href":"http:\/\/www.nature-comminges.asso.fr\/index.php\/wp-json\/wp\/v2\/pages"}],"about":[{"href":"http:\/\/www.nature-comminges.asso.fr\/index.php\/wp-json\/wp\/v2\/types\/page"}],"author":[{"embeddable":true,"href":"http:\/\/www.nature-comminges.asso.fr\/index.php\/wp-json\/wp\/v2\/users\/1"}],"replies":[{"embeddable":true,"href":"http:\/\/www.nature-comminges.asso.fr\/index.php\/wp-json\/wp\/v2\/comments?post=427"}],"version-history":[{"count":5,"href":"http:\/\/www.nature-comminges.asso.fr\/index.php\/wp-json\/wp\/v2\/pages\/427\/revisions"}],"predecessor-version":[{"id":2043,"href":"http:\/\/www.nature-comminges.asso.fr\/index.php\/wp-json\/wp\/v2\/pages\/427\/revisions\/2043"}],"wp:attachment":[{"href":"http:\/\/www.nature-comminges.asso.fr\/index.php\/wp-json\/wp\/v2\/media?parent=427"}],"curies":[{"name":"wp","href":"https:\/\/api.w.org\/{rel}","templated":true}]}}