{"id":425,"date":"2015-07-03T11:54:55","date_gmt":"2015-07-03T10:54:55","guid":{"rendered":"http:\/\/www.nature-comminges.asso.fr\/?page_id=425"},"modified":"2015-10-07T11:02:55","modified_gmt":"2015-10-07T10:02:55","slug":"milieux-aquatiques","status":"publish","type":"page","link":"http:\/\/www.nature-comminges.asso.fr\/index.php\/milieux-aquatiques\/","title":{"rendered":"Milieux aquatiques"},"content":{"rendered":"<p style=\"text-align: justify;\"><span style=\"font-family: Liberation Serif,serif;\"><span style=\"font-size: large;\">\u00a0<br class=' sb-br' \/> Lacs, cours d&#8217;eau, \u00e9tangs, zones inondables et humides, eaux souterraines\u00a0: Depuis les sources jusqu&#8217;\u00e0 la mer, les \u00e9cosyst\u00e8mes aquatiques sont \u00e9troitement li\u00e9s les uns aux autres, \u00e0 travers le cycle de l&#8217;eau. <\/span><\/span><\/p>\n<p style=\"text-align: justify;\"><span style=\"font-family: Liberation Serif,serif;\"><span style=\"font-size: large;\">Toute destruction d&#8217;habitat ou pollution en amont engendre immanquablement des cons\u00e9quences directes en aval. La sant\u00e9 de l&#8217;homme, au sommet de la cha\u00eene alimentaire, d\u00e9pend de la qualit\u00e9 de ces eaux. A titre d&#8217;exemple, 80\u00a0% de l&#8217;eau potable de la ville de Toulouse provient de la Garonne, qui traverse notre territoire. <\/span><\/span><\/p>\n<p style=\"text-align: justify;\"><span style=\"font-family: Liberation Serif,serif;\"><span style=\"font-size: large;\">Oeuvrer pour la pr\u00e9servation de ces milieux dans le Comminges nous appara\u00eet donc primordiale.<br class=' sb-br' \/>\u00a0<\/span><\/span><\/p>\n<p style=\"text-align: justify;\"><span style=\"font-family: Liberation Serif,serif;\"><span style=\"font-size: large;\">Nous vous pr\u00e9sentons ci-dessous quelques actions que nous avons men\u00e9es, \u00e0 titre d&#8217;exemple, ces derni\u00e8res ann\u00e9es\u00a0: <br class=' sb-br' \/>\u00a0<\/span><\/span><\/p>\n<div id=\"attachment_1909\" style=\"width: 410px\" class=\"wp-caption alignright\"><a href=\"http:\/\/www.nature-comminges.asso.fr\/wp-content\/uploads\/2015\/07\/10c-Garonne-IMG_0017.jpg\" rel=\"lightbox[425]\"><img aria-describedby=\"caption-attachment-1909\" loading=\"lazy\" class=\"wp-image-1909 \" src=\"http:\/\/www.nature-comminges.asso.fr\/wp-content\/uploads\/2015\/07\/10c-Garonne-IMG_0017.jpg\" alt=\"10c-Garonne IMG_0017\" width=\"400\" height=\"265\" srcset=\"http:\/\/www.nature-comminges.asso.fr\/wp-content\/uploads\/2015\/07\/10c-Garonne-IMG_0017.jpg 1000w, http:\/\/www.nature-comminges.asso.fr\/wp-content\/uploads\/2015\/07\/10c-Garonne-IMG_0017-300x199.jpg 300w, http:\/\/www.nature-comminges.asso.fr\/wp-content\/uploads\/2015\/07\/10c-Garonne-IMG_0017-624x413.jpg 624w\" sizes=\"(max-width: 400px) 100vw, 400px\" \/><\/a><p id=\"caption-attachment-1909\" class=\"wp-caption-text\">La Garonne traverse le territoire du Comminges<\/p><\/div>\n<p style=\"text-align: justify;\"><span style=\"font-family: Liberation Serif,serif;\"><span style=\"font-size: large;\">\u00a0<br class=' sb-br' \/> <br class=' sb-br' \/> Par de nombreuses actions de nettoyage sur les berges de la Garonne et de ses affluents, nous souhaitons contribuer \u00e0 une prise de conscience g\u00e9n\u00e9rale sur la quantit\u00e9 de mati\u00e8res plastiques et autres r\u00e9sidus flottant dans les rivi\u00e8res ainsi que dans les foss\u00e9s et qu&#8217;il faudrait retirer urgemment. <br class=' sb-br' \/>\u00a0 <br class=' sb-br' \/>\u00a0 <br class=' sb-br' \/>\u00a0 <br class=' sb-br' \/>\u00a0<\/span><\/span><\/p>\n<p style=\"text-align: justify;\"><span style=\"font-family: Liberation Serif,serif;\"><span style=\"font-size: large;\">\u00a0<br class=' sb-br' \/> Les vases accumul\u00e9es en amont du barrage d&#8217;Arrem situ\u00e9 \u00e0 la fronti\u00e8re franco-espagnole sur la commune de Fos, sont devenues ces derni\u00e8res ann\u00e9es un concentr\u00e9 de pollution en tous genres, dont des m\u00e9taux lourds.<\/span><\/span><\/p>\n<p style=\"text-align: justify;\"><span style=\"font-family: Liberation Serif,serif;\"><span style=\"font-size: large;\">Sans action de la part de l&#8217;exploitant en 2011-2012, de tr\u00e8s nombreux d\u00e9chets et plastiques ont \u00e9t\u00e9 emport\u00e9s par la crue de Juin 2013, provoquant une pollution imm\u00e9diate en aval. En 2014, ERDF a men\u00e9 une op\u00e9ration de nettoyage sur plusieurs mois. Toutefois, une accumulation de bouteilles plastiques et autre d\u00e9chets s&#8217;accumule r\u00e9guli\u00e8rement, d&#8217;o\u00f9 des actions que nous menons pour en retirer une partie. <br class=' sb-br' \/>\u00a0<\/span><\/span><\/p>\n<p>&nbsp;<\/p>\n<p style=\"text-align: justify;\"><span style=\"font-family: Liberation Serif,serif;\"><span style=\"font-size: large;\"><a href=\"http:\/\/www.nature-comminges.asso.fr\/wp-content\/uploads\/2015\/07\/selection-coupures-journaux-3.jpg\" rel=\"lightbox[425]\"><img loading=\"lazy\" class=\"alignleft wp-image-1918 \" src=\"http:\/\/www.nature-comminges.asso.fr\/wp-content\/uploads\/2015\/07\/selection-coupures-journaux-3.jpg\" alt=\"selection coupures journaux-3\" width=\"253\" height=\"470\" srcset=\"http:\/\/www.nature-comminges.asso.fr\/wp-content\/uploads\/2015\/07\/selection-coupures-journaux-3.jpg 388w, http:\/\/www.nature-comminges.asso.fr\/wp-content\/uploads\/2015\/07\/selection-coupures-journaux-3-162x300.jpg 162w\" sizes=\"(max-width: 253px) 100vw, 253px\" \/><\/a> <a href=\"http:\/\/www.nature-comminges.asso.fr\/wp-content\/uploads\/2015\/07\/selection-coupures-journaux-1.jpg\" rel=\"lightbox[425]\"><img loading=\"lazy\" class=\"alignright wp-image-1919 \" src=\"http:\/\/www.nature-comminges.asso.fr\/wp-content\/uploads\/2015\/07\/selection-coupures-journaux-1.jpg\" alt=\"selection coupures journaux-1\" width=\"621\" height=\"201\" srcset=\"http:\/\/www.nature-comminges.asso.fr\/wp-content\/uploads\/2015\/07\/selection-coupures-journaux-1.jpg 879w, http:\/\/www.nature-comminges.asso.fr\/wp-content\/uploads\/2015\/07\/selection-coupures-journaux-1-300x97.jpg 300w, http:\/\/www.nature-comminges.asso.fr\/wp-content\/uploads\/2015\/07\/selection-coupures-journaux-1-624x202.jpg 624w\" sizes=\"(max-width: 621px) 100vw, 621px\" \/><\/a>\u00a0<br class=' sb-br' \/> <br class=' sb-br' \/> <br class=' sb-br' \/> <br class=' sb-br' \/> <br class=' sb-br' \/> <br class=' sb-br' \/> <br class=' sb-br' \/> <br class=' sb-br' \/> <a href=\"http:\/\/www.nature-comminges.asso.fr\/wp-content\/uploads\/2015\/07\/Canal-de-Aulne2.jpg\" rel=\"lightbox[425]\"><img loading=\"lazy\" class=\"alignright wp-image-1952 size-medium\" src=\"http:\/\/www.nature-comminges.asso.fr\/wp-content\/uploads\/2015\/07\/Canal-de-Aulne2-300x225.jpg\" alt=\"Canal-de-Aulne2\" width=\"300\" height=\"225\" srcset=\"http:\/\/www.nature-comminges.asso.fr\/wp-content\/uploads\/2015\/07\/Canal-de-Aulne2-300x225.jpg 300w, http:\/\/www.nature-comminges.asso.fr\/wp-content\/uploads\/2015\/07\/Canal-de-Aulne2-1024x768.jpg 1024w, http:\/\/www.nature-comminges.asso.fr\/wp-content\/uploads\/2015\/07\/Canal-de-Aulne2-624x468.jpg 624w, http:\/\/www.nature-comminges.asso.fr\/wp-content\/uploads\/2015\/07\/Canal-de-Aulne2.jpg 1067w\" sizes=\"(max-width: 300px) 100vw, 300px\" \/><\/a>Un collectif d&#8217;associations dont Nature Comminges, \u00e9paul\u00e9 par la ville de Saint Gaudens, r\u00e9alise depuis plusieurs ann\u00e9es des op\u00e9rations de nettoyage sur le canal d&#8217;Auln\u00e9, patrimoine d&#8217;int\u00e9r\u00eat \u00e9cologique et architectural qui coule sur plus de 10 kilom\u00e8tres entre Saint Gaudens, Villeneuve de Rivi\u00e8re et Estancarbon. <\/span><\/span><\/p>\n<p style=\"text-align: justify;\"><span style=\"font-family: Liberation Serif,serif;\"><span style=\"font-size: large;\">Le canal contribue \u00e0 une remont\u00e9e de poissons, est l&#8217;habitat de nombreux oiseaux.<\/span><\/span><\/p>\n<p style=\"text-align: justify;\"><span style=\"font-family: Liberation Serif,serif;\"><span style=\"font-size: large;\">Il favorise l&#8217;\u00e9puration de l&#8217;eau de par la qualit\u00e9 \u00e9cologique du milieu aquatique et des zones humides. \u00a0 <br class=' sb-br' \/><br \/>\n<\/span><\/span><\/p>\n<p style=\"text-align: justify;\"><span style=\"font-family: Liberation Serif,serif;\"><span style=\"font-size: large;\">\u00a0<br class=' sb-br' \/> L&#8217;\u00e9lectricit\u00e9 produite par les microcentrales hydro\u00e9lectriques fait partie des \u00e9nergies dites renouvelables et non polluantes. <\/span><\/span><\/p>\n<p style=\"text-align: justify;\"><span style=\"font-family: Liberation Serif,serif;\"><span style=\"font-size: large;\">Toutefois, ce type de centrales n&#8217;est pas une \u00e9nergie douce pour nos rivi\u00e8res. Son installation peut porter atteinte \u00e0 tout un \u00e9cosyst\u00e8me, et aux esp\u00e8ces les plus fragiles en d\u00e9pendant, en pr\u00e9levant jusqu&#8217;\u00e0 90\u00a0% de l&#8217;\u00e9tiage d&#8217;un cours d&#8217;eau, parfois sur plusieurs kilom\u00e8tres. <\/span><\/span><\/p>\n<p style=\"text-align: justify;\"><span style=\"font-family: Liberation Serif,serif;\"><span style=\"font-size: large;\">Des projets de micro centrales ont ainsi \u00e9t\u00e9 rejet\u00e9s entre 2008 et 2010 (\u00e0 Gouaux de Larboust et sur la Neste d&#8217;Oueil) afin de ne pas aboutir \u00e0 un d\u00e9classement du tr\u00e8s bon \u00e9tat \u00e9cologique des rivi\u00e8res. <\/span><\/span><\/p>\n<p style=\"text-align: justify;\"><span style=\"font-family: Liberation Serif,serif;\"><span style=\"font-size: large;\">Sur la commune de Melles, et avant m\u00eame l&#8217;enqu\u00eate publique, notre association a agi \u00e0 partir de 2009 contre un projet de microcentrale devant impacter le ruisseau du Maudan sur un lin\u00e9aire de 3 kms en tr\u00e8s bon \u00e9tat \u00e9cologique, et n\u00e9cessitant un acc\u00e8s de 1.7 kms dans des zones instables, sensibles pour la faune et non p\u00e9n\u00e9tr\u00e9es. Cette r\u00e9alisation n&#8217;a pas abouti, notamment gr\u00e2ce \u00e0 une mobilisation locale et associative, et \u00e0 la volont\u00e9 municipale des \u00e9lus actuels. <br class=' sb-br' \/>\u00a0<\/span><\/span><\/p>\n<div id=\"attachment_1932\" style=\"width: 447px\" class=\"wp-caption alignleft\"><a href=\"http:\/\/www.nature-comminges.asso.fr\/wp-content\/uploads\/2015\/07\/DSC026242.jpg\" rel=\"lightbox[425]\"><img aria-describedby=\"caption-attachment-1932\" loading=\"lazy\" class=\"wp-image-1932 \" src=\"http:\/\/www.nature-comminges.asso.fr\/wp-content\/uploads\/2015\/07\/DSC026242.jpg\" alt=\"DSC02624\" width=\"437\" height=\"328\" srcset=\"http:\/\/www.nature-comminges.asso.fr\/wp-content\/uploads\/2015\/07\/DSC026242.jpg 1000w, http:\/\/www.nature-comminges.asso.fr\/wp-content\/uploads\/2015\/07\/DSC026242-300x225.jpg 300w, http:\/\/www.nature-comminges.asso.fr\/wp-content\/uploads\/2015\/07\/DSC026242-624x468.jpg 624w\" sizes=\"(max-width: 437px) 100vw, 437px\" \/><\/a><p id=\"caption-attachment-1932\" class=\"wp-caption-text\">Tourbi\u00e8re principale, Le Mourtis<\/p><\/div>\n<div id=\"attachment_1933\" style=\"width: 447px\" class=\"wp-caption alignright\"><a href=\"http:\/\/www.nature-comminges.asso.fr\/wp-content\/uploads\/2015\/07\/DSC02620.jpg\" rel=\"lightbox[425]\"><img aria-describedby=\"caption-attachment-1933\" loading=\"lazy\" class=\"wp-image-1933\" src=\"http:\/\/www.nature-comminges.asso.fr\/wp-content\/uploads\/2015\/07\/DSC02620.jpg\" alt=\"DSC02620\" width=\"437\" height=\"328\" srcset=\"http:\/\/www.nature-comminges.asso.fr\/wp-content\/uploads\/2015\/07\/DSC02620.jpg 1000w, http:\/\/www.nature-comminges.asso.fr\/wp-content\/uploads\/2015\/07\/DSC02620-300x225.jpg 300w, http:\/\/www.nature-comminges.asso.fr\/wp-content\/uploads\/2015\/07\/DSC02620-624x468.jpg 624w\" sizes=\"(max-width: 437px) 100vw, 437px\" \/><\/a><p id=\"caption-attachment-1933\" class=\"wp-caption-text\">Le lycopode inond\u00e9, plante rare et menac\u00e9e de la tourbi\u00e8re<\/p><\/div>\n<p style=\"text-align: justify;\"><span style=\"font-family: Liberation Serif,serif;\"><span style=\"font-size: large;\">\u00a0<br class=' sb-br' \/> <br class=' sb-br' \/> <br class=' sb-br' \/> <br class=' sb-br' \/> <br class=' sb-br' \/> <br class=' sb-br' \/> <br class=' sb-br' \/> <br class=' sb-br' \/> <br class=' sb-br' \/> <br class=' sb-br' \/> <br class=' sb-br' \/> <br class=' sb-br' \/>Les installations permettant de produire de la neige artificielle \u00e0 la station du Mourtis ont provoqu\u00e9 une modification partielle de zones humides d&#8217;une grande valeur biologique. Nous effectuons actuellement un suivi de l&#8217;application des mesures compensatoires sur les zones humides existantes. <br class=' sb-br' \/><br \/>\n<\/span><\/span><\/p>\n<p style=\"text-align: justify;\"><span style=\"font-family: Liberation Serif,serif;\"><span style=\"font-size: large;\">Pour conclure, nous avons particip\u00e9 aux r\u00e9unions sur le rejet des eaux us\u00e9es de la station d&#8217;\u00e9puration de l&#8217;usine Fibre Excellence, qui depuis 2011 a mis en service une seconde ligne de traitement de ces eaux us\u00e9es pour r\u00e9duire la concentration de mati\u00e8res polluantes dans les rejets aqueux, c&#8217;est \u00e0 dire dans les eaux de la Garonne. <br class=' sb-br' \/>\u00a0 <br class=' sb-br' \/>\u00a0<\/span><\/span><\/p>\n<p style=\"text-align: justify;\"><span style=\"font-family: Liberation Serif,serif;\"><span style=\"font-size: large;\">La protection des milieux aquatiques devrait commencer par une r\u00e9flexion concert\u00e9e en amont de toute volont\u00e9 d&#8217;am\u00e9nagement ou de possibilit\u00e9 de pollution, qu&#8217;elle soit accidentelle ou chronique. La concertation existe parfois, gr\u00e2ce \u00e0 une volont\u00e9 locale et au cadre impos\u00e9 par l\u2019\u00c9tat. Elle permet alors d&#8217;infl\u00e9chir l&#8217;inacceptable, d&#8217;un point de vue biologique ou de l&#8217;hygi\u00e8ne. <\/span><\/span><\/p>\n<p style=\"text-align: justify;\"><span style=\"font-family: Liberation Serif,serif;\"><span style=\"font-size: large;\">Toutefois, force est de constater les nombreuses atteintes environnementales li\u00e9es \u00e0 notre mode de vie, que nous retrouvons dans l&#8217;\u00e9tat des lieux des masses d&#8217;eau en France.<\/span><\/span><\/p>\n<p style=\"text-align: justify;\"><span style=\"font-family: Liberation Serif,serif;\"><span style=\"font-size: large;\">Un grand merci \u00e0 tous les b\u00e9n\u00e9voles qui oeuvrent et oeuvreront encore pour la protection des milieux aquatiques. <br class=' sb-br' \/>\u00a0 <br class=' sb-br' \/>\u00a0<\/span><\/span><\/p>\n<p style=\"text-align: justify;\">Toutes photos : Membres de Nature Comminges<\/p>\n","protected":false},"excerpt":{"rendered":"<p>\u00a0 Lacs, cours d&#8217;eau, \u00e9tangs, zones inondables et humides, eaux souterraines\u00a0: Depuis les sources jusqu&#8217;\u00e0 la mer, les \u00e9cosyst\u00e8mes aquatiques sont \u00e9troitement li\u00e9s les uns aux autres, \u00e0 travers le cycle de l&#8217;eau. Toute destruction d&#8217;habitat ou pollution en amont engendre immanquablement des cons\u00e9quences directes en aval. La sant\u00e9 de l&#8217;homme, au sommet de la [&hellip;]<\/p>\n","protected":false},"author":1,"featured_media":0,"parent":0,"menu_order":0,"comment_status":"closed","ping_status":"closed","template":"","meta":[],"_links":{"self":[{"href":"http:\/\/www.nature-comminges.asso.fr\/index.php\/wp-json\/wp\/v2\/pages\/425"}],"collection":[{"href":"http:\/\/www.nature-comminges.asso.fr\/index.php\/wp-json\/wp\/v2\/pages"}],"about":[{"href":"http:\/\/www.nature-comminges.asso.fr\/index.php\/wp-json\/wp\/v2\/types\/page"}],"author":[{"embeddable":true,"href":"http:\/\/www.nature-comminges.asso.fr\/index.php\/wp-json\/wp\/v2\/users\/1"}],"replies":[{"embeddable":true,"href":"http:\/\/www.nature-comminges.asso.fr\/index.php\/wp-json\/wp\/v2\/comments?post=425"}],"version-history":[{"count":60,"href":"http:\/\/www.nature-comminges.asso.fr\/index.php\/wp-json\/wp\/v2\/pages\/425\/revisions"}],"predecessor-version":[{"id":1966,"href":"http:\/\/www.nature-comminges.asso.fr\/index.php\/wp-json\/wp\/v2\/pages\/425\/revisions\/1966"}],"wp:attachment":[{"href":"http:\/\/www.nature-comminges.asso.fr\/index.php\/wp-json\/wp\/v2\/media?parent=425"}],"curies":[{"name":"wp","href":"https:\/\/api.w.org\/{rel}","templated":true}]}}