{"id":420,"date":"2015-07-03T11:51:46","date_gmt":"2015-07-03T10:51:46","guid":{"rendered":"http:\/\/www.nature-comminges.asso.fr\/?page_id=420"},"modified":"2024-01-03T23:22:33","modified_gmt":"2024-01-03T22:22:33","slug":"ours-2","status":"publish","type":"page","link":"http:\/\/www.nature-comminges.asso.fr\/index.php\/ours-2\/","title":{"rendered":"L&#8217;ours"},"content":{"rendered":"<p class=\"western\" align=\"justify\"><br class=' sb-br' \/><\/p>\n<p class=\"western\" align=\"justify\"><a href=\"http:\/\/www.nature-comminges.asso.fr\/wp-content\/uploads\/2015\/07\/ours-1.jpg\" rel=\"lightbox[420]\"><img loading=\"lazy\" class=\"alignleft wp-image-1741 \" src=\"http:\/\/www.nature-comminges.asso.fr\/wp-content\/uploads\/2015\/07\/ours-1.jpg\" alt=\"ours 1\" width=\"433\" height=\"325\" srcset=\"http:\/\/www.nature-comminges.asso.fr\/wp-content\/uploads\/2015\/07\/ours-1.jpg 1000w, http:\/\/www.nature-comminges.asso.fr\/wp-content\/uploads\/2015\/07\/ours-1-300x225.jpg 300w, http:\/\/www.nature-comminges.asso.fr\/wp-content\/uploads\/2015\/07\/ours-1-624x468.jpg 624w\" sizes=\"(max-width: 433px) 100vw, 433px\" \/><\/a><\/p>\n<p class=\"western\" align=\"justify\"><a href=\"http:\/\/www.nature-comminges.asso.fr\/wp-content\/uploads\/2015\/07\/ours-2.jpg\" rel=\"lightbox[420]\"><img loading=\"lazy\" class=\"alignright wp-image-1742 \" src=\"http:\/\/www.nature-comminges.asso.fr\/wp-content\/uploads\/2015\/07\/ours-2.jpg\" alt=\"ours 2\" width=\"433\" height=\"325\" srcset=\"http:\/\/www.nature-comminges.asso.fr\/wp-content\/uploads\/2015\/07\/ours-2.jpg 1000w, http:\/\/www.nature-comminges.asso.fr\/wp-content\/uploads\/2015\/07\/ours-2-300x225.jpg 300w, http:\/\/www.nature-comminges.asso.fr\/wp-content\/uploads\/2015\/07\/ours-2-624x468.jpg 624w\" sizes=\"(max-width: 433px) 100vw, 433px\" \/><\/a><\/p>\n<p class=\"western\" align=\"justify\"><span style=\"font-family: Liberation Serif,serif;\"><span style=\"font-size: large;\">\u00a0 <\/span><\/span><\/p>\n<p class=\"western\" align=\"justify\"><span style=\"font-family: Liberation Serif,serif;\"><span style=\"font-size: large;\">\u00a0<br class=' sb-br' \/> L\u2019association participe activement au suivi des ours pr\u00e9sents en Pyr\u00e9n\u00e9es centrales (Haute-Garonne et ouest de l\u2019Ari\u00e8ge) dans le cadre du <\/span><\/span><span style=\"color: #0000ff;\"><u><a class=\"western\" href=\"http:\/\/www.oncfs.gouv.fr\/Le-Reseau-Ours-Brun-ROB-download102\" target=\"_blank\" rel=\"noopener noreferrer\"><span style=\"font-family: Liberation Serif,serif;\"><span style=\"font-size: large;\"><strong>R\u00e9seau Ours Brun<\/strong>.<\/span><\/span><\/a><\/u><\/span><\/p>\n<p class=\"western\" align=\"justify\"><span style=\"font-family: Liberation Serif,serif;\"><span style=\"font-size: large;\">Plus d\u2019une demi-douzaine de b\u00e9n\u00e9voles ont \u00e9t\u00e9 form\u00e9s \u00e0 la recherche et \u00e0 la r\u00e9cup\u00e9ration d\u2019indices, au service de l\u2019Equipe Ours (EO), composante de l\u2019Office Nationale de la Chasse et de la Faune Sauvage (ONCFS), et ce depuis 1997. <\/span><\/span><\/p>\n<p class=\"western\" align=\"justify\"><span style=\"font-family: Liberation Serif,serif;\"><span style=\"font-size: large;\">\u00a0<br class=' sb-br' \/> Chaque ann\u00e9e, un repr\u00e9sentant participe, dans les locaux de la Sous-pr\u00e9fecture de Saint-Gaudens, \u00e0 la commission d\u2019indemnisation des d\u00e9g\u00e2ts ours litigieux ayant eu lieu en Haute-Garonne. <br class=' sb-br' \/>\u00a0<\/span><\/span><\/p>\n<div id=\"attachment_2304\" style=\"width: 609px\" class=\"wp-caption aligncenter\"><a href=\"http:\/\/www.nature-comminges.asso.fr\/wp-content\/uploads\/2015\/07\/compr-ours-de-max.jpg\" rel=\"lightbox[420]\"><img aria-describedby=\"caption-attachment-2304\" loading=\"lazy\" class=\"wp-image-2304\" src=\"http:\/\/www.nature-comminges.asso.fr\/wp-content\/uploads\/2015\/07\/compr-ours-de-max.jpg\" alt=\"compr ours de max\" width=\"599\" height=\"449\" srcset=\"http:\/\/www.nature-comminges.asso.fr\/wp-content\/uploads\/2015\/07\/compr-ours-de-max.jpg 1000w, http:\/\/www.nature-comminges.asso.fr\/wp-content\/uploads\/2015\/07\/compr-ours-de-max-300x225.jpg 300w, http:\/\/www.nature-comminges.asso.fr\/wp-content\/uploads\/2015\/07\/compr-ours-de-max-624x468.jpg 624w\" sizes=\"(max-width: 599px) 100vw, 599px\" \/><\/a><p id=\"caption-attachment-2304\" class=\"wp-caption-text\">Jeune ourse en val d&#8217;Aran, au milieu des asphod\u00e8les \u00a9 Max Hunot<\/p><\/div>\n<p class=\"western\" align=\"justify\"><span style=\"font-family: Liberation Serif,serif;\"><span style=\"font-size: large;\">Nature Comminges est aussi \u00e0 l\u2019initiative de la cr\u00e9ation de la Coordination Associative Pyr\u00e9n\u00e9enne pour l&#8217;Ours (CAP-Ours) cr\u00e9\u00e9e en l&#8217;an 2000 et qui rassemble une vingtaine d\u2019associations favorables \u00e0 la pr\u00e9sence p\u00e9renne de l&#8217;ours dans les Pyr\u00e9n\u00e9es et participe aux r\u00e9unions de ce collectif gr\u00e2ce \u00e0 ses deux repr\u00e9sentants. <br class=' sb-br' \/> <br class=' sb-br' \/> <span style=\"color: #000080;\"><a style=\"color: #000080;\" href=\"https:\/\/oai-gem.ofb.fr\/exl-php\/document-affiche\/ofb_recherche_oai\/OUVRE_DOC\/50107?vue=ofb_recherche_oai&amp;action=OUVRE_DOC&amp;cid=50107&amp;fic=doc00073443.pdf\" target=\"_blank\" rel=\"noopener noreferrer\"><strong>T\u00e9l\u00e9charger le Rapport du r\u00e9seau Ours brun 2022<\/strong><\/a><\/span><br \/>\n<\/span><\/span><\/p>\n<p class=\"western\" align=\"justify\"><br class=' sb-br' \/> <br class=' sb-br' \/><\/p>\n<p class=\"western\" align=\"justify\">\n","protected":false},"excerpt":{"rendered":"<p>\u00a0 \u00a0 L\u2019association participe activement au suivi des ours pr\u00e9sents en Pyr\u00e9n\u00e9es centrales (Haute-Garonne et ouest de l\u2019Ari\u00e8ge) dans le cadre du R\u00e9seau Ours Brun. Plus d\u2019une demi-douzaine de b\u00e9n\u00e9voles ont \u00e9t\u00e9 form\u00e9s \u00e0 la recherche et \u00e0 la r\u00e9cup\u00e9ration d\u2019indices, au service de l\u2019Equipe Ours (EO), composante de l\u2019Office Nationale de la Chasse et [&hellip;]<\/p>\n","protected":false},"author":1,"featured_media":0,"parent":0,"menu_order":0,"comment_status":"closed","ping_status":"closed","template":"","meta":[],"_links":{"self":[{"href":"http:\/\/www.nature-comminges.asso.fr\/index.php\/wp-json\/wp\/v2\/pages\/420"}],"collection":[{"href":"http:\/\/www.nature-comminges.asso.fr\/index.php\/wp-json\/wp\/v2\/pages"}],"about":[{"href":"http:\/\/www.nature-comminges.asso.fr\/index.php\/wp-json\/wp\/v2\/types\/page"}],"author":[{"embeddable":true,"href":"http:\/\/www.nature-comminges.asso.fr\/index.php\/wp-json\/wp\/v2\/users\/1"}],"replies":[{"embeddable":true,"href":"http:\/\/www.nature-comminges.asso.fr\/index.php\/wp-json\/wp\/v2\/comments?post=420"}],"version-history":[{"count":22,"href":"http:\/\/www.nature-comminges.asso.fr\/index.php\/wp-json\/wp\/v2\/pages\/420\/revisions"}],"predecessor-version":[{"id":5049,"href":"http:\/\/www.nature-comminges.asso.fr\/index.php\/wp-json\/wp\/v2\/pages\/420\/revisions\/5049"}],"wp:attachment":[{"href":"http:\/\/www.nature-comminges.asso.fr\/index.php\/wp-json\/wp\/v2\/media?parent=420"}],"curies":[{"name":"wp","href":"https:\/\/api.w.org\/{rel}","templated":true}]}}