{"id":411,"date":"2015-07-03T11:44:46","date_gmt":"2015-07-03T10:44:46","guid":{"rendered":"http:\/\/www.nature-comminges.asso.fr\/?page_id=411"},"modified":"2015-11-27T19:31:08","modified_gmt":"2015-11-27T18:31:08","slug":"autres-especes","status":"publish","type":"page","link":"http:\/\/www.nature-comminges.asso.fr\/index.php\/autres-especes\/","title":{"rendered":"Les autres esp\u00e8ces"},"content":{"rendered":"<p style=\"text-align: justify;\"><strong> <br class=' sb-br' \/><\/strong><\/p>\n<p><span style=\"font-family: Liberation Serif,serif;\"><span style=\"font-size: large;\">Divers suivis et recensements sont men\u00e9s \u00e0 Nature Comminges, notamment pour les odonates et les papillons.<\/span><\/span><\/p>\n<p><br class=' sb-br' \/> <br class=' sb-br' \/><\/p>\n<div id=\"attachment_2153\" style=\"width: 422px\" class=\"wp-caption alignright\"><a href=\"http:\/\/www.nature-comminges.asso.fr\/wp-content\/uploads\/2015\/07\/Esp\u00e8ce-prot\u00e9g\u00e9e-en-France-le-Cuivr\u00e9-des-marais-est-en-r\u00e9gression-partout-o\u00f9-disparaissent-les-zones-humides1.jpg\" rel=\"lightbox[411]\"><img aria-describedby=\"caption-attachment-2153\" loading=\"lazy\" class=\"wp-image-2153 \" src=\"http:\/\/www.nature-comminges.asso.fr\/wp-content\/uploads\/2015\/07\/Esp\u00e8ce-prot\u00e9g\u00e9e-en-France-le-Cuivr\u00e9-des-marais-est-en-r\u00e9gression-partout-o\u00f9-disparaissent-les-zones-humides1.jpg\" alt=\"Esp\u00e8ce prot\u00e9g\u00e9e en France, le Cuivr\u00e9 des marais est en r\u00e9gression partout o\u00f9 disparaissent les zones humides\" width=\"412\" height=\"258\" srcset=\"http:\/\/www.nature-comminges.asso.fr\/wp-content\/uploads\/2015\/07\/Esp\u00e8ce-prot\u00e9g\u00e9e-en-France-le-Cuivr\u00e9-des-marais-est-en-r\u00e9gression-partout-o\u00f9-disparaissent-les-zones-humides1.jpg 861w, http:\/\/www.nature-comminges.asso.fr\/wp-content\/uploads\/2015\/07\/Esp\u00e8ce-prot\u00e9g\u00e9e-en-France-le-Cuivr\u00e9-des-marais-est-en-r\u00e9gression-partout-o\u00f9-disparaissent-les-zones-humides1-300x187.jpg 300w, http:\/\/www.nature-comminges.asso.fr\/wp-content\/uploads\/2015\/07\/Esp\u00e8ce-prot\u00e9g\u00e9e-en-France-le-Cuivr\u00e9-des-marais-est-en-r\u00e9gression-partout-o\u00f9-disparaissent-les-zones-humides1-624x390.jpg 624w\" sizes=\"(max-width: 412px) 100vw, 412px\" \/><\/a><p id=\"caption-attachment-2153\" class=\"wp-caption-text\">Le Cuivr\u00e9 des marais est une esp\u00e8ce prot\u00e9g\u00e9e, et devient rare en raison de la r\u00e9gression de son habitat, les zones humides.<\/p><\/div>\n<p style=\"text-align: justify;\">\u00a0<br class=' sb-br' \/> <br class=' sb-br' \/> <br class=' sb-br' \/><\/p>\n<p><span style=\"font-family: Liberation Serif,serif;\"><span style=\"font-size: large;\">De 2009 \u00e0 2011, Nature Comminges a coordonn\u00e9 pour le Sud de la Haute-Garonne les inventaires pour constituer l\u2019Atlas des papillons de jour de Midi-Pyr\u00e9n\u00e9es, coordonn\u00e9 par le C.R.E.N de Midi-Pyr\u00e9n\u00e9es, en r\u00e9alisant plusieurs sorties de prospection et de formation par an. <\/span><\/span><\/p>\n<p style=\"text-align: justify;\">\u00a0 <br class=' sb-br' \/>\u00a0 <br class=' sb-br' \/><\/p>\n","protected":false},"excerpt":{"rendered":"<p>Divers suivis et recensements sont men\u00e9s \u00e0 Nature Comminges, notamment pour les odonates et les papillons. \u00a0 De 2009 \u00e0 2011, Nature Comminges a coordonn\u00e9 pour le Sud de la Haute-Garonne les inventaires pour constituer l\u2019Atlas des papillons de jour de Midi-Pyr\u00e9n\u00e9es, coordonn\u00e9 par le C.R.E.N de Midi-Pyr\u00e9n\u00e9es, en r\u00e9alisant plusieurs sorties de prospection et [&hellip;]<\/p>\n","protected":false},"author":1,"featured_media":0,"parent":0,"menu_order":0,"comment_status":"closed","ping_status":"closed","template":"","meta":[],"_links":{"self":[{"href":"http:\/\/www.nature-comminges.asso.fr\/index.php\/wp-json\/wp\/v2\/pages\/411"}],"collection":[{"href":"http:\/\/www.nature-comminges.asso.fr\/index.php\/wp-json\/wp\/v2\/pages"}],"about":[{"href":"http:\/\/www.nature-comminges.asso.fr\/index.php\/wp-json\/wp\/v2\/types\/page"}],"author":[{"embeddable":true,"href":"http:\/\/www.nature-comminges.asso.fr\/index.php\/wp-json\/wp\/v2\/users\/1"}],"replies":[{"embeddable":true,"href":"http:\/\/www.nature-comminges.asso.fr\/index.php\/wp-json\/wp\/v2\/comments?post=411"}],"version-history":[{"count":12,"href":"http:\/\/www.nature-comminges.asso.fr\/index.php\/wp-json\/wp\/v2\/pages\/411\/revisions"}],"predecessor-version":[{"id":2167,"href":"http:\/\/www.nature-comminges.asso.fr\/index.php\/wp-json\/wp\/v2\/pages\/411\/revisions\/2167"}],"wp:attachment":[{"href":"http:\/\/www.nature-comminges.asso.fr\/index.php\/wp-json\/wp\/v2\/media?parent=411"}],"curies":[{"name":"wp","href":"https:\/\/api.w.org\/{rel}","templated":true}]}}