{"id":3519,"date":"2017-10-03T10:29:26","date_gmt":"2017-10-03T09:29:26","guid":{"rendered":"http:\/\/www.nature-comminges.asso.fr\/?page_id=3519"},"modified":"2024-04-27T16:59:24","modified_gmt":"2024-04-27T15:59:24","slug":"groupe-botanique","status":"publish","type":"page","link":"http:\/\/www.nature-comminges.asso.fr\/index.php\/groupe-botanique\/","title":{"rendered":"Groupe botanique"},"content":{"rendered":"<p><span style=\"font-family: Liberation Serif,serif;\"><span style=\"font-size: x-large;\"> Venez vous familiariser la botanique avec le groupe botanique de Nature Comminges <\/span><\/span><span style=\"font-family: Liberation Serif,serif;\"><span style=\"font-size: x-large;\">vous pourrez apprendre a reconna\u00eetre les plantes et \u00e0 utiliser les flores si vous voulez aller plus loin.<br class=' sb-br' \/><br \/>\n<\/span><\/span><\/p>\n<p><span style=\"font-family: Liberation Serif,serif;\"><span style=\"font-size: x-large;\">Le fonctionnement du groupe est bas\u00e9 avant tout sur des sorties de terrain. Elles sont soit en lien avec les floraisons du moment soit en fonction des diff\u00e9rents programmes avec lesquels Nature Comminges est engag\u00e9.<br class=' sb-br' \/><\/span><\/span><\/p>\n<p><span style=\"font-family: Liberation Serif,serif;\"><span style=\"font-size: x-large;\">\u00a0<br class=' sb-br' \/> Nous participons aux programmes Urbaflore et Messiflore en liaison avec le Conservatoire Botanique Midi Pyr\u00e9n\u00e9es et au programme Vigieflore avec le r\u00e9seau T\u00e9labotanica.<\/span><\/span><span style=\"font-family: Liberation Serif,serif;\"><span style=\"font-size: x-large;\"><br class=' sb-br' \/> <br class=' sb-br' \/> Urbaflore est un programme de suivi d\u2019esp\u00e8ces rares ou menac\u00e9es.<br class=' sb-br' \/>Messiflore est un programme de recensement des plantes \u00ab messicoles \u00bb (des moissons).<br class=' sb-br' \/>Vigieflore est un programme de suivi de population sur des parcelles d\u00e9finies.<br class=' sb-br' \/><br \/>\nSi vous \u00eates int\u00e9ress\u00e9, envoyez un email \u00e0 l\u2019Association Nature Comminges. Nous vous inscrirons sur la liste de diffusion sp\u00e9cifique au groupe pour vous informer des sorties et actions en cours.<\/span><\/span><span style=\"font-family: Liberation Serif,serif;\"><span style=\"font-size: x-large;\"> <br class=' sb-br' \/> <br class=' sb-br' \/>\u00a0<\/span><\/span><\/p>\n<div id=\"attachment_3525\" style=\"width: 967px\" class=\"wp-caption alignnone\"><a href=\"http:\/\/www.nature-comminges.asso.fr\/wp-content\/uploads\/2017\/10\/Fritillaria-meleagris-2-1.jpg\" rel=\"lightbox[3519]\"><img aria-describedby=\"caption-attachment-3525\" loading=\"lazy\" class=\"wp-image-3525\" src=\"http:\/\/www.nature-comminges.asso.fr\/wp-content\/uploads\/2017\/10\/Fritillaria-meleagris-2-1.jpg\" alt=\"\" width=\"957\" height=\"527\" srcset=\"http:\/\/www.nature-comminges.asso.fr\/wp-content\/uploads\/2017\/10\/Fritillaria-meleagris-2-1.jpg 1208w, http:\/\/www.nature-comminges.asso.fr\/wp-content\/uploads\/2017\/10\/Fritillaria-meleagris-2-1-300x165.jpg 300w, http:\/\/www.nature-comminges.asso.fr\/wp-content\/uploads\/2017\/10\/Fritillaria-meleagris-2-1-768x423.jpg 768w, http:\/\/www.nature-comminges.asso.fr\/wp-content\/uploads\/2017\/10\/Fritillaria-meleagris-2-1-1024x564.jpg 1024w, http:\/\/www.nature-comminges.asso.fr\/wp-content\/uploads\/2017\/10\/Fritillaria-meleagris-2-1-624x344.jpg 624w\" sizes=\"(max-width: 957px) 100vw, 957px\" \/><\/a><p id=\"caption-attachment-3525\" class=\"wp-caption-text\">Fritillaria meleagris<\/p><\/div>\n<p><span style=\"font-family: Liberation Serif,serif;\"><span style=\"font-size: x-large;\"><br class=' sb-br' \/><\/span><\/span><span style=\"font-family: Liberation Serif,serif;\"><span style=\"font-size: x-large;\">Pour voir le compte-rendu de la sortie de mars 2023,<span style=\"color: #0000ff;\"><strong> <a style=\"color: #0000ff;\" href=\"http:\/\/www.nature-comminges.asso.fr\/index.php\/mars-2023-sortie-botanique\/\" target=\"_blank\" rel=\"noopener noreferrer\">cliquer ici<\/a><\/strong><\/span><\/span><\/span><\/p>\n<br class=' sb-br' \/>\n<p>&nbsp;<\/p>\n<p align=\"justify\">\n","protected":false},"excerpt":{"rendered":"<p>Venez vous familiariser la botanique avec le groupe botanique de Nature Comminges vous pourrez apprendre a reconna\u00eetre les plantes et \u00e0 utiliser les flores si vous voulez aller plus loin. Le fonctionnement du groupe est bas\u00e9 avant tout sur des sorties de terrain. Elles sont soit en lien avec les floraisons du moment soit en [&hellip;]<\/p>\n","protected":false},"author":2,"featured_media":0,"parent":0,"menu_order":0,"comment_status":"closed","ping_status":"closed","template":"","meta":[],"_links":{"self":[{"href":"http:\/\/www.nature-comminges.asso.fr\/index.php\/wp-json\/wp\/v2\/pages\/3519"}],"collection":[{"href":"http:\/\/www.nature-comminges.asso.fr\/index.php\/wp-json\/wp\/v2\/pages"}],"about":[{"href":"http:\/\/www.nature-comminges.asso.fr\/index.php\/wp-json\/wp\/v2\/types\/page"}],"author":[{"embeddable":true,"href":"http:\/\/www.nature-comminges.asso.fr\/index.php\/wp-json\/wp\/v2\/users\/2"}],"replies":[{"embeddable":true,"href":"http:\/\/www.nature-comminges.asso.fr\/index.php\/wp-json\/wp\/v2\/comments?post=3519"}],"version-history":[{"count":14,"href":"http:\/\/www.nature-comminges.asso.fr\/index.php\/wp-json\/wp\/v2\/pages\/3519\/revisions"}],"predecessor-version":[{"id":5092,"href":"http:\/\/www.nature-comminges.asso.fr\/index.php\/wp-json\/wp\/v2\/pages\/3519\/revisions\/5092"}],"wp:attachment":[{"href":"http:\/\/www.nature-comminges.asso.fr\/index.php\/wp-json\/wp\/v2\/media?parent=3519"}],"curies":[{"name":"wp","href":"https:\/\/api.w.org\/{rel}","templated":true}]}}