{"id":2946,"date":"2016-10-13T13:20:46","date_gmt":"2016-10-13T12:20:46","guid":{"rendered":"http:\/\/www.nature-comminges.asso.fr\/?page_id=2946"},"modified":"2023-12-16T21:54:18","modified_gmt":"2023-12-16T20:54:18","slug":"notre-bibliotheque-nature","status":"publish","type":"page","link":"http:\/\/www.nature-comminges.asso.fr\/index.php\/notre-bibliotheque-nature\/","title":{"rendered":"Notre biblioth\u00e8que nature"},"content":{"rendered":"<p style=\"text-align: justify;\"><span style=\"font-size: large;\">\u00a0<br class=' sb-br' \/> <br class=' sb-br' \/> Suite \u00e0 un don g\u00e9n\u00e9reux de l&#8217;un de ses membres, l&#8217;association dispose d&#8217;une biblioth\u00e8que avec pr\u00eat de livres et de quelques vid\u00e9os traitant de divers th\u00e8mes en relation avec la nature et l&#8217;environnement. <br class=' sb-br' \/>\u00a0<\/span><\/p>\n<p style=\"text-align: justify;\"><span style=\"font-size: large;\">Le pr\u00eat de livres et de vid\u00e9os est gratuit, pour une p\u00e9riode de pr\u00eat maximale d&#8217;un mois par support et de 5 supports maximum emprunt\u00e9s \u00e0 chaque fois. <\/span><\/p>\n<p style=\"text-align: justify;\"><span style=\"font-size: large;\">Les ouvrages sont consultables et \u00e0 retirer au si\u00e8ge de l&#8217;association, 51 Rue du Pradet \u00e0 Saint Gaudens. <\/span><\/p>\n<p style=\"text-align: justify;\"><span style=\"font-size: large;\">\u00a0<br class=' sb-br' \/> Donc afin de savoir si un livre est disponible, ou si le bureau est ouvert le jour o\u00f9 vous d\u00e9sirez passer, merci d&#8217;envoyer un message une semaine \u00e0 l&#8217;avance via le formulaire de contact. <br class=' sb-br' \/>\u00a0<\/span><\/p>\n<p style=\"text-align: justify;\"><span style=\"font-size: large;\">Ce service est uniquement \u00e0 destination des adh\u00e9rents. Les membres souhaitant faire don d&#8217;un ou de plusieurs livres sont bien entendu les bienvenus\u00a0! <br class=' sb-br' \/>\u00a0<\/span><\/p>\n<p style=\"text-align: justify;\"><span style=\"font-size: large;\">Vous trouverez <span style=\"color: #0000ff;\"><a style=\"color: #0000ff;\" href=\"http:\/\/www.nature-comminges.asso.fr\/wp-content\/uploads\/2016\/10\/OUVRAGES DISPONIBLES.ods\" target=\"_blank\" rel=\"noopener noreferrer\"><strong>en cliquant ici<\/strong> <\/a><\/span>la liste des supports disponibles. <br class=' sb-br' \/>\u00a0 <br class=' sb-br' \/>\u00a0<\/span><\/p>\n","protected":false},"excerpt":{"rendered":"<p>\u00a0 Suite \u00e0 un don g\u00e9n\u00e9reux de l&#8217;un de ses membres, l&#8217;association dispose d&#8217;une biblioth\u00e8que avec pr\u00eat de livres et de quelques vid\u00e9os traitant de divers th\u00e8mes en relation avec la nature et l&#8217;environnement. \u00a0 Le pr\u00eat de livres et de vid\u00e9os est gratuit, pour une p\u00e9riode de pr\u00eat maximale d&#8217;un mois par support et [&hellip;]<\/p>\n","protected":false},"author":2,"featured_media":2947,"parent":0,"menu_order":0,"comment_status":"closed","ping_status":"closed","template":"","meta":[],"_links":{"self":[{"href":"http:\/\/www.nature-comminges.asso.fr\/index.php\/wp-json\/wp\/v2\/pages\/2946"}],"collection":[{"href":"http:\/\/www.nature-comminges.asso.fr\/index.php\/wp-json\/wp\/v2\/pages"}],"about":[{"href":"http:\/\/www.nature-comminges.asso.fr\/index.php\/wp-json\/wp\/v2\/types\/page"}],"author":[{"embeddable":true,"href":"http:\/\/www.nature-comminges.asso.fr\/index.php\/wp-json\/wp\/v2\/users\/2"}],"replies":[{"embeddable":true,"href":"http:\/\/www.nature-comminges.asso.fr\/index.php\/wp-json\/wp\/v2\/comments?post=2946"}],"version-history":[{"count":11,"href":"http:\/\/www.nature-comminges.asso.fr\/index.php\/wp-json\/wp\/v2\/pages\/2946\/revisions"}],"predecessor-version":[{"id":5040,"href":"http:\/\/www.nature-comminges.asso.fr\/index.php\/wp-json\/wp\/v2\/pages\/2946\/revisions\/5040"}],"wp:featuredmedia":[{"embeddable":true,"href":"http:\/\/www.nature-comminges.asso.fr\/index.php\/wp-json\/wp\/v2\/media\/2947"}],"wp:attachment":[{"href":"http:\/\/www.nature-comminges.asso.fr\/index.php\/wp-json\/wp\/v2\/media?parent=2946"}],"curies":[{"name":"wp","href":"https:\/\/api.w.org\/{rel}","templated":true}]}}