{"id":294,"date":"2015-06-24T13:58:18","date_gmt":"2015-06-24T12:58:18","guid":{"rendered":"http:\/\/www.nature-comminges.asso.fr\/?page_id=294"},"modified":"2020-08-07T10:47:26","modified_gmt":"2020-08-07T09:47:26","slug":"observatoire-des-forets","status":"publish","type":"page","link":"http:\/\/www.nature-comminges.asso.fr\/index.php\/observatoire-des-forets\/","title":{"rendered":"Observatoire des for\u00eats"},"content":{"rendered":"<p align=\"justify\"><span style=\"font-family: Liberation Serif,serif;\"><span style=\"font-size: large;\"><br class=' sb-br' \/><\/span><\/span><\/p>\n<h2 class=\"western\" style=\"text-align: center;\" align=\"justify\"><strong><span style=\"font-family: Liberation Serif,serif;\"><span style=\"font-size: x-large;\">\u00a0\u00a0 En quelques mots : les for\u00eats pyr\u00e9n\u00e9ennes et leurs enjeux <br class=' sb-br' \/><br \/>\n<\/span><\/span><\/strong><\/h2>\n<p align=\"justify\"><span style=\"font-family: Liberation Serif,serif;\"><span style=\"font-size: large;\"> Les Pyr\u00e9n\u00e9es, comme tout massif montagnard, sont un monde entier. <\/span><\/span><\/p>\n<p align=\"justify\"><span style=\"font-family: Liberation Serif,serif;\"><span style=\"font-size: large;\">Sur la haute cha\u00eene aux reliefs abrupts et accident\u00e9s, elles cachent dans leurs replis des secrets bien gard\u00e9s, dont des lambeaux de for\u00eats subnaturelles parmi les mieux conserv\u00e9es du pays.<br \/>\n<\/span><\/span><\/p>\n<p align=\"justify\"><span style=\"font-family: Liberation Serif,serif;\"><span style=\"font-size: large;\">Selon l&#8217;altitude et l&#8217;exposition s&#8217;\u00e9panouissent successivement h\u00eatraies, h\u00eatraies-sapini\u00e8res,\u00a0 sapini\u00e8res puis boisements l\u00e2ches de pins \u00e0 crochets au dessus de 1800 m\u00e8tres.<\/span><\/span><\/p>\n<p align=\"justify\"><span style=\"font-family: Liberation Serif,serif;\"><span style=\"font-size: large;\">Les massifs d&#8217;altitude, g\u00e9n\u00e9ralement situ\u00e9s sur de fortes pentes, sont des lieux de vie de pr\u00e9dilection pour la faune sauvage : cervid\u00e9s, isards, petits mammif\u00e8res, pics, mais aussi de nombreuses esp\u00e8ces embl\u00e9matiques des Pyr\u00e9n\u00e9es comme l&#8217;Ours brun ou le Grand t\u00e9tras, actuellement en fort d\u00e9clin, rapaces qui y trouvent des zones de tranquillit\u00e9 pour la nidification.<br \/>\n<\/span><\/span><\/p>\n<p align=\"justify\"><span style=\"font-family: Liberation Serif,serif;\"><span style=\"font-size: large;\">Avec un peu plus de 8000 hectares recens\u00e9s, les boisements matures peu ou pas exploit\u00e9s, appel\u00e9s aussi vieilles for\u00eats, repr\u00e9sentent environ 2% des for\u00eats de la haute cha\u00eene centrale. <\/span><\/span><\/p>\n<p align=\"justify\"><span style=\"font-family: Liberation Serif,serif;\"><span style=\"font-size: large;\">Lieux de qui\u00e9tude pour la faune, ils sont de v\u00e9ritables &#8220;c\u0153urs de biodiversit\u00e9&#8221; : ils favorisent une diversit\u00e9 biologique extraordinaire, notamment dans les milieux de vie de petite taille appel\u00e9s dendro microhabitats o\u00f9 vivent des esp\u00e8ces pour la plupart rares et menac\u00e9es, li\u00e9es aux stades \u00e2g\u00e9s des boisements. <\/span><\/span><\/p>\n<p align=\"justify\"><span style=\"font-family: Liberation Serif,serif;\"><span style=\"font-size: large;\">Ils sont des espaces de nature sauvage, car en \u00e9volution naturelle depuis plusieurs d\u00e9cennies ou si\u00e8cles.<br class=' sb-br' \/><br \/>\n<\/span><\/span><\/p>\n<div id=\"attachment_4132\" style=\"width: 969px\" class=\"wp-caption alignnone\"><a href=\"http:\/\/www.nature-comminges.asso.fr\/wp-content\/uploads\/2015\/06\/2.jpg\" rel=\"lightbox[294]\"><img aria-describedby=\"caption-attachment-4132\" loading=\"lazy\" class=\"wp-image-4132 size-full\" src=\"http:\/\/www.nature-comminges.asso.fr\/wp-content\/uploads\/2015\/06\/2.jpg\" alt=\"\" width=\"959\" height=\"329\" srcset=\"http:\/\/www.nature-comminges.asso.fr\/wp-content\/uploads\/2015\/06\/2.jpg 959w, http:\/\/www.nature-comminges.asso.fr\/wp-content\/uploads\/2015\/06\/2-300x103.jpg 300w, http:\/\/www.nature-comminges.asso.fr\/wp-content\/uploads\/2015\/06\/2-768x263.jpg 768w, http:\/\/www.nature-comminges.asso.fr\/wp-content\/uploads\/2015\/06\/2-624x214.jpg 624w\" sizes=\"(max-width: 959px) 100vw, 959px\" \/><\/a><p id=\"caption-attachment-4132\" class=\"wp-caption-text\">vieille for\u00eat de montagne, photo prise dans le cadre d&#8217;un inventaire<\/p><\/div>\n<h2 class=\"western\" style=\"text-align: center;\" align=\"justify\"><strong><span style=\"font-family: Liberation Serif,serif;\"><span style=\"font-size: x-large;\">\u00a0<\/span><\/span><\/strong><\/h2>\n<h2 class=\"western\" style=\"text-align: center;\" align=\"justify\"><strong><span style=\"font-family: Liberation Serif, serif;\"><span style=\"font-size: x-large;\">Un engagement fort d\u00e8s 1991<\/span><\/span><\/strong><strong><span style=\"font-family: Liberation Serif, serif;\"><span style=\"font-size: large;\">\u00a0 <br class=' sb-br' \/>\u00a0<\/span><\/span><\/strong><\/h2>\n<p align=\"justify\"><span style=\"font-family: Liberation Serif, serif;\"><span style=\"font-size: large;\">Depuis les ann\u00e9es 1960, la construction d&#8217;un r\u00e9seau de voirie de plus en plus dense sur ces massifs, avec pr\u00e8s de 3\u00a0300 km de voirie foresti\u00e8re, a favoris\u00e9 une fr\u00e9quentation de plus en plus forte des activit\u00e9s de loisir motoris\u00e9es dans le massif pyr\u00e9n\u00e9en. D&#8217;autre part, des \u00e9quipements sylvo-pastoraux ont \u00e9t\u00e9 financ\u00e9s par le Plan de D\u00e9veloppement de l&#8217;\u00e9conomie de montagne, sans \u00e9tude d&#8217;impact pr\u00e9alable sur le grand-t\u00e9tras. Enfin, une forte mont\u00e9e en puissance des acc\u00e8s touristiques estivaux sont venus s&#8217;ajouter aux projets d&#8217;am\u00e9nagements ou de restructuration des domaines skiables en for\u00eat.<\/span><\/span><\/p>\n<p align=\"justify\"><span style=\"font-family: Liberation Serif, serif;\"><span style=\"font-size: large;\">Face \u00e0 ces constats, d\u00e8s 1991, Nature Comminges monte un observatoire de la fr\u00e9quentation motoris\u00e9e pour \u00e9tudier l&#8217;application de la loi 91-2 du 3 janvier 1991 relative \u00e0 la circulation des v\u00e9hicules terrestres dans les espaces naturels et informer les gestionnaires.<\/span><\/span><\/p>\n<p align=\"justify\"><span style=\"font-family: Liberation Serif, serif;\"><span style=\"font-size: large;\">L&#8217;observatoire consiste alors \u00e0 remonter \u00e0 pied ou \u00e0 observer r\u00e9guli\u00e8rement l&#8217;\u00e9tat de la signal\u00e9tique, des dispositifs de r\u00e9glementation, \u00e0 des p\u00e9riodes charni\u00e8res de l&#8217;ann\u00e9e : avant le d\u00e9but de la saison touristique,\u00a0 avant le d\u00e9but de la saison de chasse, de cueillette, durant la saison hivernale.<\/span><\/span><\/p>\n<p align=\"justify\"><span style=\"font-family: Liberation Serif, serif;\"><span style=\"font-size: large;\">Actions en justice et de pr\u00e9vention men\u00e9es en collaboration avec des agents de l&#8217;ONF permettent de stopper la fr\u00e9quentation dans certaines zones et de garantir une meilleure qui\u00e9tude de la faune, au moins momentan\u00e9ment. Le remplacement de barri\u00e8res ou de dispositifs d\u00e9grad\u00e9s reste un travail de longue haleine.<\/span><\/span><\/p>\n<p><br class=' sb-br' \/> <br class=' sb-br' \/><\/p>\n<h2 class=\"western\" style=\"text-align: center;\" align=\"justify\"><strong><span style=\"font-family: Liberation Serif, serif;\"><span style=\"font-size: x-large;\">L&#8217;Observatoire des For\u00eats Commingeoises <br class=' sb-br' \/>\u00a0<\/span><\/span><\/strong><\/h2>\n<p align=\"justify\"><span style=\"font-family: Liberation Serif, serif;\"><span style=\"font-size: large;\">L&#8217;arriv\u00e9e d&#8217;un sp\u00e9cialiste motiv\u00e9, mis \u00e0 disposition puis salari\u00e9 de l&#8217;association de 2015 \u00e0 2020, a permis \u00e0 l&#8217;association de d\u00e9velopper ses actions dans le domaine forestier. En 2019, l&#8217;Observatoire commingeois a rejoint celui des Hautes Pyr\u00e9n\u00e9es pour devenir <strong><a href=\"http:\/\/www.naturemp.org\/-Observatoire-des-Forets-des-Hautes-.html\" target=\"_blank\" rel=\"noopener noreferrer\">l&#8217;Observatoire des for\u00eats des Pyr\u00e9n\u00e9es centrales.<\/a><\/strong><\/span><\/span><\/p>\n<p align=\"justify\"><span style=\"font-family: Liberation Serif, serif;\"><span style=\"font-size: large;\">Le but de l&#8217;Observatoire est de contribuer \u00e0 la reconnaissance et la pr\u00e9servation de ces espaces forestiers \u00e0 forte naturalit\u00e9, et \u00e0 la protection de la biodiversit\u00e9 associ\u00e9e.<\/span><\/span><\/p>\n<p align=\"justify\"><span style=\"font-family: Liberation Serif, serif;\"><span style=\"font-size: large;\">Port\u00e9 par Nature En Occitanie, il couvre les Hautes Pyr\u00e9n\u00e9es, le sud du Gers, le Comminges et l&#8217;Ari\u00e8ge, ainsi qu&#8217;\u00e0 l&#8217;\u00e9chelle r\u00e9gionale, diff\u00e9rents dossiers permettant la prise en compte du volet &#8220;biologie&#8221; dans le cadre d&#8217;une gestion dite durable et multifonctionnelle des for\u00eats.<\/span><\/span><\/p>\n<p align=\"justify\"><span style=\"font-family: Liberation Serif, serif;\"><span style=\"font-size: large;\">La mission principale de l&#8217;Observatoire est la veille \u00e9cologique, avec l&#8217;analyse des plans d&#8217;am\u00e9nagement forestiers lorsqu&#8217;ils sont r\u00e9vis\u00e9s, tous les 20 ans en moyenne. Le but est de croiser ces donn\u00e9es et notamment l'&#8221;assiette des coupes&#8221; (d\u00e9signation des coupes pr\u00e9vues dans l&#8217;am\u00e9nagement) avec les donn\u00e9es naturalistes d&#8217;esp\u00e8ces et d&#8217;habitats sensibles des for\u00eats pyr\u00e9n\u00e9ennes : vieilles for\u00eats, aire de r\u00e9partition du grand t\u00e9tras, sites vitaux d&#8217;ours brun, esp\u00e8ces floristiques rares, sites de nidification des grands rapaces, etc. La collaboration avec les services de l&#8217;Etat appropri\u00e9s, les communes, l&#8217;Office National des For\u00eats, l&#8217;ONCFS, ainsi que la compl\u00e9mentarit\u00e9 de l&#8217;approche avec les autres usages de la for\u00eat, sont au c\u0153ur des pr\u00e9occupations de cette mission. <br class=' sb-br' \/>\u00a0<\/span><\/span><\/p>\n<div id=\"attachment_3231\" style=\"width: 471px\" class=\"wp-caption alignright\"><a href=\"http:\/\/www.nature-comminges.asso.fr\/wp-content\/uploads\/2015\/06\/DELIMITATIONVF2.jpg\" rel=\"lightbox[294]\"><img aria-describedby=\"caption-attachment-3231\" loading=\"lazy\" class=\"wp-image-3231\" src=\"http:\/\/www.nature-comminges.asso.fr\/wp-content\/uploads\/2015\/06\/DELIMITATIONVF2.jpg\" alt=\"\" width=\"461\" height=\"308\" srcset=\"http:\/\/www.nature-comminges.asso.fr\/wp-content\/uploads\/2015\/06\/DELIMITATIONVF2.jpg 1000w, http:\/\/www.nature-comminges.asso.fr\/wp-content\/uploads\/2015\/06\/DELIMITATIONVF2-300x200.jpg 300w, http:\/\/www.nature-comminges.asso.fr\/wp-content\/uploads\/2015\/06\/DELIMITATIONVF2-768x512.jpg 768w, http:\/\/www.nature-comminges.asso.fr\/wp-content\/uploads\/2015\/06\/DELIMITATIONVF2-624x416.jpg 624w\" sizes=\"(max-width: 461px) 100vw, 461px\" \/><\/a><p id=\"caption-attachment-3231\" class=\"wp-caption-text\">D\u00e9limitation de vieille for\u00eat par un agent de l&#8217;ONF pour prise en compte de la zone avant martelage<\/p><\/div>\n<div id=\"attachment_3103\" style=\"width: 426px\" class=\"wp-caption alignleft\"><a href=\"http:\/\/www.nature-comminges.asso.fr\/wp-content\/uploads\/2015\/06\/compr-barriere.jpg\" rel=\"lightbox[294]\"><img aria-describedby=\"caption-attachment-3103\" loading=\"lazy\" class=\"wp-image-3103\" src=\"http:\/\/www.nature-comminges.asso.fr\/wp-content\/uploads\/2015\/06\/compr-barriere.jpg\" alt=\"\" width=\"416\" height=\"312\" srcset=\"http:\/\/www.nature-comminges.asso.fr\/wp-content\/uploads\/2015\/06\/compr-barriere.jpg 1000w, http:\/\/www.nature-comminges.asso.fr\/wp-content\/uploads\/2015\/06\/compr-barriere-300x225.jpg 300w, http:\/\/www.nature-comminges.asso.fr\/wp-content\/uploads\/2015\/06\/compr-barriere-768x576.jpg 768w, http:\/\/www.nature-comminges.asso.fr\/wp-content\/uploads\/2015\/06\/compr-barriere-624x468.jpg 624w\" sizes=\"(max-width: 416px) 100vw, 416px\" \/><\/a><p id=\"caption-attachment-3103\" class=\"wp-caption-text\">Signalement \u00e0 l&#8217;ONF d&#8217;une barri\u00e8re arrach\u00e9e dans une zone \u00e0 enjeu \u00e9cologique fort<\/p><\/div>\n<p align=\"justify\"><span style=\"font-family: Liberation Serif, serif;\"><span style=\"font-size: large;\"><br class=' sb-br' \/> <br class=' sb-br' \/> <br class=' sb-br' \/> <br class=' sb-br' \/> <br class=' sb-br' \/> <br class=' sb-br' \/> <br class=' sb-br' \/> <br class=' sb-br' \/> <br class=' sb-br' \/> <br class=' sb-br' \/> <br class=' sb-br' \/> <br class=' sb-br' \/> <br class=' sb-br' \/> La sensibilisation \u00e0 l&#8217;\u00e9cosyst\u00e8me et aux esp\u00e8ces foresti\u00e8res est un autre pan de l&#8217;Observatoire, \u00e0 destination des adh\u00e9rents, des \u00e9lus et du grand public. Enfin, les inventaires et diagnostic naturaliste de vieilles for\u00eats sont un autre pan des actions de l&#8217;Observatoire.<\/span><\/span><\/p>\n<p align=\"justify\"><span style=\"font-family: Liberation Serif, serif;\"><span style=\"font-size: large;\">Aujourd&#8217;hui, plusieurs b\u00e9n\u00e9voles actifs de l&#8217;association participent \u00e0 des actions de l&#8217;Observatoire (sorties nature ou avec des sp\u00e9cialistes, \u00e9tudes de boisements en exploitation, etc). <br class=' sb-br' \/>\u00a0<\/span><\/span><\/p>\n<div id=\"attachment_3210\" style=\"width: 607px\" class=\"wp-caption alignright\"><a href=\"http:\/\/www.nature-comminges.asso.fr\/wp-content\/uploads\/2015\/06\/MASTER2.jpg\" rel=\"lightbox[294]\"><img aria-describedby=\"caption-attachment-3210\" loading=\"lazy\" class=\"wp-image-3210\" src=\"http:\/\/www.nature-comminges.asso.fr\/wp-content\/uploads\/2015\/06\/MASTER2.jpg\" alt=\"\" width=\"597\" height=\"399\" srcset=\"http:\/\/www.nature-comminges.asso.fr\/wp-content\/uploads\/2015\/06\/MASTER2.jpg 1000w, http:\/\/www.nature-comminges.asso.fr\/wp-content\/uploads\/2015\/06\/MASTER2-300x200.jpg 300w, http:\/\/www.nature-comminges.asso.fr\/wp-content\/uploads\/2015\/06\/MASTER2-768x512.jpg 768w, http:\/\/www.nature-comminges.asso.fr\/wp-content\/uploads\/2015\/06\/MASTER2-624x416.jpg 624w\" sizes=\"(max-width: 597px) 100vw, 597px\" \/><\/a><p id=\"caption-attachment-3210\" class=\"wp-caption-text\">Sensibilisation en vieille for\u00eat des Master 2 Ecologie de l&#8217;Universit\u00e9 Paul Sabatier (Toulouse)<\/p><\/div>\n<div id=\"attachment_3219\" style=\"width: 309px\" class=\"wp-caption alignleft\"><a href=\"http:\/\/www.nature-comminges.asso.fr\/wp-content\/uploads\/2015\/06\/DSCN9121.jpeg\" rel=\"lightbox[294]\"><img aria-describedby=\"caption-attachment-3219\" loading=\"lazy\" class=\"wp-image-3219\" src=\"http:\/\/www.nature-comminges.asso.fr\/wp-content\/uploads\/2015\/06\/DSCN9121.jpeg\" alt=\"\" width=\"299\" height=\"399\" srcset=\"http:\/\/www.nature-comminges.asso.fr\/wp-content\/uploads\/2015\/06\/DSCN9121.jpeg 1000w, http:\/\/www.nature-comminges.asso.fr\/wp-content\/uploads\/2015\/06\/DSCN9121-225x300.jpeg 225w, http:\/\/www.nature-comminges.asso.fr\/wp-content\/uploads\/2015\/06\/DSCN9121-768x1023.jpeg 768w, http:\/\/www.nature-comminges.asso.fr\/wp-content\/uploads\/2015\/06\/DSCN9121-769x1024.jpeg 769w, http:\/\/www.nature-comminges.asso.fr\/wp-content\/uploads\/2015\/06\/DSCN9121-624x831.jpeg 624w\" sizes=\"(max-width: 299px) 100vw, 299px\" \/><\/a><p id=\"caption-attachment-3219\" class=\"wp-caption-text\">Simulation d&#8217;inventaire de vieille for\u00eat dans le cadre d&#8217;une sortie nature<\/p><\/div>\n<p align=\"justify\"><span style=\"font-family: Liberation Serif, serif; color: #000000; font-size: large;\">\u00a0<\/span><\/p>\n<p align=\"justify\"><span style=\"font-family: Liberation Serif,serif;\"><span style=\"font-size: large;\"><span style=\"color: #000000;\">\u00a0<br class=' sb-br' \/> <br class=' sb-br' \/> <br class=' sb-br' \/> <\/span><\/span><\/span><\/p>\n<p align=\"justify\"><span style=\"font-family: Liberation Serif,serif;\"><span style=\"font-size: large;\"><span style=\"color: #000000;\">\u00a0<br class=' sb-br' \/>\u00a0<\/span> <\/span><\/span><\/p>\n<p align=\"justify\"><span style=\"color: #000000;\"><span style=\"font-family: Liberation Serif,serif;\"><span style=\"font-size: large;\">\u00a0<\/span><\/span><\/span><\/p>\n<p align=\"justify\"><span style=\"color: #000000;\"><span style=\"font-family: Liberation Serif,serif;\"><span style=\"font-size: large;\">\u00a0<\/span><\/span><\/span><\/p>\n<div id=\"attachment_3211\" style=\"width: 1010px\" class=\"wp-caption aligncenter\"><a href=\"http:\/\/www.nature-comminges.asso.fr\/wp-content\/uploads\/2015\/06\/OBS-FORETS-65.jpg\" rel=\"lightbox[294]\"><img aria-describedby=\"caption-attachment-3211\" loading=\"lazy\" class=\"wp-image-3211 size-full\" src=\"http:\/\/www.nature-comminges.asso.fr\/wp-content\/uploads\/2015\/06\/OBS-FORETS-65.jpg\" alt=\"\" width=\"1000\" height=\"667\" srcset=\"http:\/\/www.nature-comminges.asso.fr\/wp-content\/uploads\/2015\/06\/OBS-FORETS-65.jpg 1000w, http:\/\/www.nature-comminges.asso.fr\/wp-content\/uploads\/2015\/06\/OBS-FORETS-65-300x200.jpg 300w, http:\/\/www.nature-comminges.asso.fr\/wp-content\/uploads\/2015\/06\/OBS-FORETS-65-768x512.jpg 768w, http:\/\/www.nature-comminges.asso.fr\/wp-content\/uploads\/2015\/06\/OBS-FORETS-65-624x416.jpg 624w\" sizes=\"(max-width: 1000px) 100vw, 1000px\" \/><\/a><p id=\"caption-attachment-3211\" class=\"wp-caption-text\">Inventaire de vieille for\u00eat, barousse<\/p><\/div>\n<p align=\"justify\"><span style=\"font-family: Liberation Serif, serif; color: #000000; font-size: large;\">\u00a0<br class=' sb-br' \/> La multifonctionnalit\u00e9 <\/span><span style=\"color: #000000;\"><span style=\"font-family: Liberation Serif,serif;\"><span style=\"font-size: large;\">consiste \u00e0 respecter la diversit\u00e9 biologique des for\u00eats, leur capacit\u00e9 de r\u00e9g\u00e9n\u00e9ration, leur vitalit\u00e9 et leur capacit\u00e9 \u00e0 satisfaire, actuellement et pour le futur, leurs fonctions \u00e9conomiques, \u00e9cologiques et sociales. <\/span><\/span><\/span><\/p>\n<p align=\"justify\"><span style=\"color: #000000; font-size: large;\"><span style=\"font-family: Liberation Serif, serif;\">Notre r\u00f4le associatif a pour objectif majeur de contribuer \u00e0 la prise en compte de l\u2019\u00e9cologie dans la gestion durable et multifonctionnelle de ce milieu naturel. <br class=' sb-br' \/><br \/>\n<\/span><\/span><\/p>\n<div id=\"attachment_3209\" style=\"width: 1009px\" class=\"wp-caption aligncenter\"><a href=\"http:\/\/www.nature-comminges.asso.fr\/wp-content\/uploads\/2015\/06\/FORET-JUZET.jpg\" rel=\"lightbox[294]\"><img aria-describedby=\"caption-attachment-3209\" loading=\"lazy\" class=\"wp-image-3209 size-full\" src=\"http:\/\/www.nature-comminges.asso.fr\/wp-content\/uploads\/2015\/06\/FORET-JUZET.jpg\" alt=\"\" width=\"999\" height=\"562\" srcset=\"http:\/\/www.nature-comminges.asso.fr\/wp-content\/uploads\/2015\/06\/FORET-JUZET.jpg 999w, http:\/\/www.nature-comminges.asso.fr\/wp-content\/uploads\/2015\/06\/FORET-JUZET-300x169.jpg 300w, http:\/\/www.nature-comminges.asso.fr\/wp-content\/uploads\/2015\/06\/FORET-JUZET-768x432.jpg 768w, http:\/\/www.nature-comminges.asso.fr\/wp-content\/uploads\/2015\/06\/FORET-JUZET-624x351.jpg 624w\" sizes=\"(max-width: 999px) 100vw, 999px\" \/><\/a><p id=\"caption-attachment-3209\" class=\"wp-caption-text\">Prospection et observations naturalistes avec des b\u00e9n\u00e9voles, vieille for\u00eat<\/p><\/div>\n<p align=\"justify\"><span style=\"color: #000000; font-size: large;\"><span style=\"font-family: Liberation Serif, serif;\">\u00a0<br class=' sb-br' \/> La force que repr\u00e9sente l&#8217;implication associative de plusieurs dizaines de b\u00e9n\u00e9voles, permet de faire remonter des observations naturalistes aux gestionnaires, de signaler des coupes rases ayant d\u00e9pass\u00e9 le seuil de surface autoris\u00e9, de repr\u00e9senter l&#8217;Observatoire dans des r\u00e9unions et commissions, d&#8217;animer des sorties, etc. <br class=' sb-br' \/><\/span><\/span><\/p>\n<p align=\"justify\"><span style=\"color: #4472c4;\"><span style=\"font-family: Liberation Serif, serif;\"><span style=\"font-size: large;\"><span style=\"color: #000000;\">Nous accompagnons un mouvement de la soci\u00e9t\u00e9 civile souhaitant cette prise en compte, notamment par rapport \u00e0 la mobilisation des ressources foresti\u00e8res et le r\u00f4le des for\u00eats dans les d\u00e9r\u00e8glements climatiques. <br class=' sb-br' \/>\u00a0 <br class=' sb-br' \/>\u00a0<\/span><\/span><\/span><\/span><\/p>\n<p style=\"text-align: center;\" align=\"justify\"><span style=\"color: #4472c4;\"><span style=\"font-family: Liberation Serif, serif;\"><span style=\"font-size: large;\"><span style=\"color: #000000;\"><strong>Si vous \u00eates int\u00e9ress\u00e9(e) pour nous rejoindre, n&#8217;h\u00e9sitez pas \u00e0 vous faire conna\u00eetre !!<\/strong> <\/span><br class=' sb-br' \/>\u00a0 <br class=' sb-br' \/>\u00a0 <br class=' sb-br' \/><br \/>\n<\/span><\/span><\/span><\/p>\n","protected":false},"excerpt":{"rendered":"<p>\u00a0\u00a0 En quelques mots : les for\u00eats pyr\u00e9n\u00e9ennes et leurs enjeux Les Pyr\u00e9n\u00e9es, comme tout massif montagnard, sont un monde entier. Sur la haute cha\u00eene aux reliefs abrupts et accident\u00e9s, elles cachent dans leurs replis des secrets bien gard\u00e9s, dont des lambeaux de for\u00eats subnaturelles parmi les mieux conserv\u00e9es du pays. Selon l&#8217;altitude et l&#8217;exposition [&hellip;]<\/p>\n","protected":false},"author":1,"featured_media":0,"parent":0,"menu_order":0,"comment_status":"closed","ping_status":"closed","template":"","meta":[],"_links":{"self":[{"href":"http:\/\/www.nature-comminges.asso.fr\/index.php\/wp-json\/wp\/v2\/pages\/294"}],"collection":[{"href":"http:\/\/www.nature-comminges.asso.fr\/index.php\/wp-json\/wp\/v2\/pages"}],"about":[{"href":"http:\/\/www.nature-comminges.asso.fr\/index.php\/wp-json\/wp\/v2\/types\/page"}],"author":[{"embeddable":true,"href":"http:\/\/www.nature-comminges.asso.fr\/index.php\/wp-json\/wp\/v2\/users\/1"}],"replies":[{"embeddable":true,"href":"http:\/\/www.nature-comminges.asso.fr\/index.php\/wp-json\/wp\/v2\/comments?post=294"}],"version-history":[{"count":231,"href":"http:\/\/www.nature-comminges.asso.fr\/index.php\/wp-json\/wp\/v2\/pages\/294\/revisions"}],"predecessor-version":[{"id":4450,"href":"http:\/\/www.nature-comminges.asso.fr\/index.php\/wp-json\/wp\/v2\/pages\/294\/revisions\/4450"}],"wp:attachment":[{"href":"http:\/\/www.nature-comminges.asso.fr\/index.php\/wp-json\/wp\/v2\/media?parent=294"}],"curies":[{"name":"wp","href":"https:\/\/api.w.org\/{rel}","templated":true}]}}