{"id":264,"date":"2015-06-24T13:39:17","date_gmt":"2015-06-24T12:39:17","guid":{"rendered":"http:\/\/www.nature-comminges.asso.fr\/?page_id=264"},"modified":"2015-10-07T17:13:49","modified_gmt":"2015-10-07T16:13:49","slug":"plaine-collines","status":"publish","type":"page","link":"http:\/\/www.nature-comminges.asso.fr\/index.php\/plaine-collines\/","title":{"rendered":"Plaine et collines"},"content":{"rendered":"<p align=\"justify\"><span style=\"font-family: Liberation Serif,serif;\"><span style=\"font-size: large;\">\u00a0<br class=' sb-br' \/> La formation des Pyr\u00e9n\u00e9es s\u2019est effectu\u00e9e lors de la premi\u00e8re moiti\u00e9 de l&#8217;\u00e8re tertiaire. Par la suite, l\u2019\u00e9rosion de la cha\u00eene a entra\u00een\u00e9 l\u2019accumulation dans l\u2019avant-pays de s\u00e9diments appel\u00e9s molasses, m\u00e9langes d\u2019argiles et de sables. <\/span><\/span><\/p>\n<p align=\"justify\"><span style=\"font-family: Liberation Serif,serif;\"><span style=\"font-size: large;\">En pi\u00e9mont, le plissement, alternant de petits cha\u00eenons s\u2019\u00e9levant en moyenne de 500 \u00e0 1000 m\u00e8tres d&#8217;altitude, est orient\u00e9 est-ouest. <\/span><\/span><\/p>\n<p align=\"justify\"><span style=\"font-family: Liberation Serif,serif;\"><span style=\"font-size: large;\">Les for\u00eats et falaises de ces massifs calcaires interm\u00e9diaires abritent une grande diversit\u00e9 biologique, avec des rapaces nicheurs et des esp\u00e8ces floristiques rares et end\u00e9miques. <br class=' sb-br' \/>\u00a0<\/span><\/span><\/p>\n<div id=\"attachment_1791\" style=\"width: 469px\" class=\"wp-caption alignright\"><a href=\"http:\/\/www.nature-comminges.asso.fr\/wp-content\/uploads\/2015\/06\/scrophulaire.jpg\" rel=\"lightbox[264]\"><img aria-describedby=\"caption-attachment-1791\" loading=\"lazy\" class=\"wp-image-1791 \" src=\"http:\/\/www.nature-comminges.asso.fr\/wp-content\/uploads\/2015\/06\/scrophulaire.jpg\" alt=\"scrophulaire\" width=\"459\" height=\"319\" srcset=\"http:\/\/www.nature-comminges.asso.fr\/wp-content\/uploads\/2015\/06\/scrophulaire.jpg 999w, http:\/\/www.nature-comminges.asso.fr\/wp-content\/uploads\/2015\/06\/scrophulaire-300x209.jpg 300w, http:\/\/www.nature-comminges.asso.fr\/wp-content\/uploads\/2015\/06\/scrophulaire-624x434.jpg 624w\" sizes=\"(max-width: 459px) 100vw, 459px\" \/><\/a><p id=\"caption-attachment-1791\" class=\"wp-caption-text\">Scrofulaire des Pyr\u00e9n\u00e9es<\/p><\/div>\n<div id=\"attachment_1795\" style=\"width: 470px\" class=\"wp-caption alignright\"><a href=\"http:\/\/www.nature-comminges.asso.fr\/wp-content\/uploads\/2015\/06\/FALAISES-DU-VALLON-DE-SARROUMAGNA-EN-BAROUSSE1.jpg\" rel=\"lightbox[264]\"><img aria-describedby=\"caption-attachment-1795\" loading=\"lazy\" class=\"wp-image-1795 \" src=\"http:\/\/www.nature-comminges.asso.fr\/wp-content\/uploads\/2015\/06\/FALAISES-DU-VALLON-DE-SARROUMAGNA-EN-BAROUSSE1.jpg\" alt=\"FALAISES DU VALLON DE SARROUMAGNA EN BAROUSSE\" width=\"460\" height=\"318\" srcset=\"http:\/\/www.nature-comminges.asso.fr\/wp-content\/uploads\/2015\/06\/FALAISES-DU-VALLON-DE-SARROUMAGNA-EN-BAROUSSE1.jpg 1000w, http:\/\/www.nature-comminges.asso.fr\/wp-content\/uploads\/2015\/06\/FALAISES-DU-VALLON-DE-SARROUMAGNA-EN-BAROUSSE1-300x207.jpg 300w, http:\/\/www.nature-comminges.asso.fr\/wp-content\/uploads\/2015\/06\/FALAISES-DU-VALLON-DE-SARROUMAGNA-EN-BAROUSSE1-624x431.jpg 624w\" sizes=\"(max-width: 460px) 100vw, 460px\" \/><\/a><p id=\"caption-attachment-1795\" class=\"wp-caption-text\">Falaises du vallon de Sarroumagna<\/p><\/div>\n<p align=\"justify\"><span style=\"font-family: Liberation Serif,serif;\"><span style=\"font-size: large;\">\u00a0<br class=' sb-br' \/> \u00a0A titre d&#8217;exemple, le vallon de Sarroumagna et la soulane d&#8217;Ourde en Barrousse, ou encore les falaises de Saint P\u00e9 d&#8217;Ardet dans les Frontignes, o\u00f9 fleurit la scrofulaire des Pyr\u00e9n\u00e9es.<br \/>\n<\/span><\/span><\/p>\n<p align=\"justify\"><span style=\"font-family: Liberation Serif,serif;\"><span style=\"font-size: large;\">Les derniers contreforts s&#8217;estompent au nord en collines aux sommets arrondis entre Montespan et Gourdan-Polignan, qui se d\u00e9tachent de la plaine de Garonne. <br class=' sb-br' \/><\/span><\/span><\/p>\n<p align=\"justify\"><span style=\"font-family: Liberation Serif,serif;\"><span style=\"font-size: large;\"><a href=\"http:\/\/www.nature-comminges.asso.fr\/wp-content\/uploads\/2015\/06\/DSC00014.jpg\" rel=\"lightbox[264]\"><img loading=\"lazy\" class=\"alignright wp-image-1799 \" src=\"http:\/\/www.nature-comminges.asso.fr\/wp-content\/uploads\/2015\/06\/DSC00014.jpg\" alt=\"DSC00014\" width=\"404\" height=\"269\" srcset=\"http:\/\/www.nature-comminges.asso.fr\/wp-content\/uploads\/2015\/06\/DSC00014.jpg 1001w, http:\/\/www.nature-comminges.asso.fr\/wp-content\/uploads\/2015\/06\/DSC00014-300x200.jpg 300w, http:\/\/www.nature-comminges.asso.fr\/wp-content\/uploads\/2015\/06\/DSC00014-624x415.jpg 624w\" sizes=\"(max-width: 404px) 100vw, 404px\" \/><\/a>\u00a0<br class=' sb-br' \/> <br class=' sb-br' \/> Le Bas Comminges est model\u00e9 par une agriculture traditionnelle o<span style=\"color: #000000;\">rient\u00e9e vers la polyculture-\u00e9levage <\/span><span style=\"color: #000000;\">ainsi que par les productions c\u00e9r\u00e9ali\u00e8res, de plus en plus pr\u00e9sentes<\/span><span style=\"color: #000000;\">. <\/span><\/span><\/span><\/p>\n<p align=\"justify\"><span style=\"font-family: Liberation Serif,serif;\"><span style=\"font-size: large;\"><span style=\"color: #000000;\">Aujourd\u2019hui encore, de nombreuses exploitations associent plusieurs productions dans un syst\u00e8me de culture plus ou moins complexe o\u00f9 domine l\u2019\u00e9levage de bovins (viande et lait). <br class=' sb-br' \/>\u00a0 <br class=' sb-br' \/>\u00a0<\/span><\/span><\/span><\/p>\n<p align=\"justify\"><span style=\"font-family: Liberation Serif,serif;\"><span style=\"font-size: large;\"><span style=\"color: #000000;\">La zone<\/span> est une <span style=\"color: #000000;\">v<\/span>\u00e9ritable mosa\u00efque de paysages et de milieux <span style=\"color: #000000;\">naturels.<\/span> <br class=' sb-br' \/>\u00a0<\/span><\/span><\/p>\n<div id=\"attachment_1802\" style=\"width: 424px\" class=\"wp-caption alignleft\"><a href=\"http:\/\/www.nature-comminges.asso.fr\/wp-content\/uploads\/2015\/06\/aphyllante.jpg\" rel=\"lightbox[264]\"><img aria-describedby=\"caption-attachment-1802\" loading=\"lazy\" class=\"wp-image-1802\" src=\"http:\/\/www.nature-comminges.asso.fr\/wp-content\/uploads\/2015\/06\/aphyllante.jpg\" alt=\"aphyllante\" width=\"414\" height=\"255\" srcset=\"http:\/\/www.nature-comminges.asso.fr\/wp-content\/uploads\/2015\/06\/aphyllante.jpg 999w, http:\/\/www.nature-comminges.asso.fr\/wp-content\/uploads\/2015\/06\/aphyllante-300x185.jpg 300w, http:\/\/www.nature-comminges.asso.fr\/wp-content\/uploads\/2015\/06\/aphyllante-624x385.jpg 624w\" sizes=\"(max-width: 414px) 100vw, 414px\" \/><\/a><p id=\"caption-attachment-1802\" class=\"wp-caption-text\">Apphylantes de montpellier, Saint Martory<\/p><\/div>\n<p align=\"justify\"><span style=\"font-family: Liberation Serif,serif;\"><span style=\"font-size: large;\">\u00a0<br class=' sb-br' \/> <br class=' sb-br' \/> Les affleurements calcaires du prolongement des Petites Pyr\u00e9n\u00e9es sont un refuge pour des esp\u00e8ces subm\u00e9diterran\u00e9ennes comme le ch\u00eane vert, l&#8217;aphyllante de Montpellier, le gen\u00eat horrible et le jasmin buissonnant. <br class=' sb-br' \/>\u00a0 <br class=' sb-br' \/>\u00a0 <br class=' sb-br' \/><br \/>\n<\/span><\/span><\/p>\n<div id=\"attachment_1806\" style=\"width: 416px\" class=\"wp-caption alignright\"><a href=\"http:\/\/www.nature-comminges.asso.fr\/wp-content\/uploads\/2015\/06\/romarin-lavande1.jpg\" rel=\"lightbox[264]\"><img aria-describedby=\"caption-attachment-1806\" loading=\"lazy\" class=\"wp-image-1806 \" src=\"http:\/\/www.nature-comminges.asso.fr\/wp-content\/uploads\/2015\/06\/romarin-lavande1.jpg\" alt=\"romarin lavande\" width=\"406\" height=\"291\" srcset=\"http:\/\/www.nature-comminges.asso.fr\/wp-content\/uploads\/2015\/06\/romarin-lavande1.jpg 750w, http:\/\/www.nature-comminges.asso.fr\/wp-content\/uploads\/2015\/06\/romarin-lavande1-300x215.jpg 300w, http:\/\/www.nature-comminges.asso.fr\/wp-content\/uploads\/2015\/06\/romarin-lavande1-624x447.jpg 624w\" sizes=\"(max-width: 406px) 100vw, 406px\" \/><\/a><p id=\"caption-attachment-1806\" class=\"wp-caption-text\">Romarin<\/p><\/div>\n<p align=\"justify\"><span style=\"font-family: Liberation Serif,serif;\"><span style=\"font-size: large;\">\u00a0<br class=' sb-br' \/> <br class=' sb-br' \/> <br class=' sb-br' \/> Des landes s\u00e8ches du nord du Fr\u00e9chet abritent des populations de lavande et de romarin. <br class=' sb-br' \/>\u00a0 <br class=' sb-br' \/>\u00a0 <br class=' sb-br' \/>\u00a0 <br class=' sb-br' \/><br \/>\n<\/span><\/span><\/p>\n<p>&nbsp;<\/p>\n<p align=\"justify\"><span style=\"font-family: Liberation Serif,serif;\"><span style=\"font-size: large;\"><a href=\"http:\/\/www.nature-comminges.asso.fr\/wp-content\/uploads\/2015\/06\/ZONES-MARNEUSES-D-AULON1.jpg\" rel=\"lightbox[264]\"><img loading=\"lazy\" class=\"alignleft wp-image-1831\" src=\"http:\/\/www.nature-comminges.asso.fr\/wp-content\/uploads\/2015\/06\/ZONES-MARNEUSES-D-AULON1.jpg\" alt=\"ZONES MARNEUSES D AULON\" width=\"406\" height=\"273\" srcset=\"http:\/\/www.nature-comminges.asso.fr\/wp-content\/uploads\/2015\/06\/ZONES-MARNEUSES-D-AULON1.jpg 970w, http:\/\/www.nature-comminges.asso.fr\/wp-content\/uploads\/2015\/06\/ZONES-MARNEUSES-D-AULON1-300x202.jpg 300w, http:\/\/www.nature-comminges.asso.fr\/wp-content\/uploads\/2015\/06\/ZONES-MARNEUSES-D-AULON1-624x419.jpg 624w\" sizes=\"(max-width: 406px) 100vw, 406px\" \/><\/a><\/span><\/span><\/p>\n<p align=\"justify\"><span style=\"font-family: Liberation Serif,serif;\"><span style=\"font-size: large;\">\u00a0<br class=' sb-br' \/> <br class=' sb-br' \/> <br class=' sb-br' \/> Les zones marneuses entre Aulon et Castillon de Saint Martory sont jouxt\u00e9es de prairies permanentes de fauche qui abritent une grande diversit\u00e9 de plantes et d&#8217;orchid\u00e9es. <br class=' sb-br' \/>\u00a0 <br class=' sb-br' \/>\u00a0 <br class=' sb-br' \/>\u00a0 <br class=' sb-br' \/>\u00a0 <br class=' sb-br' \/>\u00a0<\/span><\/span><\/p>\n<p align=\"justify\"><span style=\"font-family: Liberation Serif,serif;\"><span style=\"font-size: large;\">\u00a0<\/span><\/span><\/p>\n<p align=\"justify\"><a href=\"http:\/\/www.nature-comminges.asso.fr\/wp-content\/uploads\/2015\/06\/fritillaire-2.jpg\" rel=\"lightbox[264]\"><img loading=\"lazy\" class=\"alignleft wp-image-1810\" src=\"http:\/\/www.nature-comminges.asso.fr\/wp-content\/uploads\/2015\/06\/fritillaire-2.jpg\" alt=\"fritillaire 2\" width=\"330\" height=\"440\" srcset=\"http:\/\/www.nature-comminges.asso.fr\/wp-content\/uploads\/2015\/06\/fritillaire-2.jpg 750w, http:\/\/www.nature-comminges.asso.fr\/wp-content\/uploads\/2015\/06\/fritillaire-2-225x300.jpg 225w, http:\/\/www.nature-comminges.asso.fr\/wp-content\/uploads\/2015\/06\/fritillaire-2-624x832.jpg 624w\" sizes=\"(max-width: 330px) 100vw, 330px\" \/><\/a><\/p>\n<p align=\"justify\"><span style=\"font-family: Liberation Serif,serif;\"><span style=\"font-size: large;\"><a href=\"http:\/\/www.nature-comminges.asso.fr\/wp-content\/uploads\/2015\/06\/fritillaire.jpg\" rel=\"lightbox[264]\"><img loading=\"lazy\" class=\"alignright wp-image-1809\" src=\"http:\/\/www.nature-comminges.asso.fr\/wp-content\/uploads\/2015\/06\/fritillaire.jpg\" alt=\"fritillaire\" width=\"330\" height=\"440\" srcset=\"http:\/\/www.nature-comminges.asso.fr\/wp-content\/uploads\/2015\/06\/fritillaire.jpg 600w, http:\/\/www.nature-comminges.asso.fr\/wp-content\/uploads\/2015\/06\/fritillaire-225x300.jpg 225w\" sizes=\"(max-width: 330px) 100vw, 330px\" \/><\/a><\/span><\/span><span style=\"font-family: Liberation Serif,serif;\"><span style=\"font-size: large;\">\u00a0<br class=' sb-br' \/> <br class=' sb-br' \/> <br class=' sb-br' \/> La fritillaire pintade, esp\u00e8ce embl\u00e9matique, est pr\u00e9sente dans des prairies de fauche inondables, o\u00f9 se reproduit le damier de la succise, papillon prot\u00e9g\u00e9 au niveau national. <br class=' sb-br' \/>\u00a0 <br class=' sb-br' \/>\u00a0 <br class=' sb-br' \/>\u00a0 <br class=' sb-br' \/>\u00a0 <br class=' sb-br' \/>\u00a0<\/span><\/span><\/p>\n<p align=\"justify\"><span style=\"color: #000000;\"><span style=\"font-family: Liberation Serif,serif;\"><span style=\"font-size: large;\">\u00a0<br class=' sb-br' \/> <br class=' sb-br' \/> La d\u00e9clivit\u00e9 tr\u00e8s forte observ\u00e9e dans la r\u00e9gion structure un r\u00e9seau hydrographique dense auquel appartient l\u2019ensemble des rivi\u00e8res qui traversent le pays. Celles-ci s\u2019\u00e9coulent du sud au nord dans les Pyr\u00e9n\u00e9es et du sud-ouest au nord-est dans la partie nord du territoire. <br class=' sb-br' \/>\u00a0<\/span><\/span><\/span><\/p>\n<div id=\"attachment_1777\" style=\"width: 472px\" class=\"wp-caption alignleft\"><a href=\"http:\/\/www.nature-comminges.asso.fr\/wp-content\/uploads\/2015\/06\/10d-Garonne-St-Gaudens1.jpg\" rel=\"lightbox[264]\"><img aria-describedby=\"caption-attachment-1777\" loading=\"lazy\" class=\"wp-image-1777\" src=\"http:\/\/www.nature-comminges.asso.fr\/wp-content\/uploads\/2015\/06\/10d-Garonne-St-Gaudens1.jpg\" alt=\"10d-Garonne St Gaudens1\" width=\"462\" height=\"346\" srcset=\"http:\/\/www.nature-comminges.asso.fr\/wp-content\/uploads\/2015\/06\/10d-Garonne-St-Gaudens1.jpg 1000w, http:\/\/www.nature-comminges.asso.fr\/wp-content\/uploads\/2015\/06\/10d-Garonne-St-Gaudens1-300x225.jpg 300w, http:\/\/www.nature-comminges.asso.fr\/wp-content\/uploads\/2015\/06\/10d-Garonne-St-Gaudens1-624x468.jpg 624w\" sizes=\"(max-width: 462px) 100vw, 462px\" \/><\/a><p id=\"caption-attachment-1777\" class=\"wp-caption-text\">La Garonne \u00e0 Saint Gaudens<\/p><\/div>\n<p align=\"justify\"><span style=\"font-family: Liberation Serif,serif;\"><span style=\"font-size: large;\"><span style=\"color: #000000;\">\u00a0<br class=' sb-br' \/> <br class=' sb-br' \/> Corridor fluvial traversant le Comminges, la Garonne <\/span><span style=\"color: #000000;\">re\u00e7oit tous les petits affluents. Elle <\/span><span style=\"color: #000000;\">pr\u00e9sente une mosa\u00efque d&#8217;habitats naturels<\/span><span style=\"color: #000000;\">\u00a0:<\/span><span style=\"color: #000000;\"> les rypisylves et for\u00eats alluviales, <\/span><span style=\"color: #000000;\">les bras morts, <\/span><span style=\"color: #000000;\">les<\/span> <span style=\"color: #000000;\">\u00eelots temporaires<\/span><span style=\"color: #000000;\"> et \u00e9tangs, les confluences<\/span><span style=\"color: #000000;\">\u00a0<\/span><span style=\"color: #000000;\">sont <\/span><span style=\"color: #000000;\">tr\u00e8s riches en<\/span><span style=\"color: #000000;\"> biodiversit\u00e9. <br class=' sb-br' \/>\u00a0 <br class=' sb-br' \/>\u00a0 <br class=' sb-br' \/>\u00a0 <br class=' sb-br' \/>\u00a0 <br class=' sb-br' \/>\u00a0<\/span><\/span><\/span><\/p>\n<div id=\"attachment_1781\" style=\"width: 473px\" class=\"wp-caption alignright\"><a href=\"http:\/\/www.nature-comminges.asso.fr\/wp-content\/uploads\/2015\/06\/0045-calopteryx-vierge.jpg\" rel=\"lightbox[264]\"><img aria-describedby=\"caption-attachment-1781\" loading=\"lazy\" class=\"wp-image-1781\" src=\"http:\/\/www.nature-comminges.asso.fr\/wp-content\/uploads\/2015\/06\/0045-calopteryx-vierge.jpg\" alt=\"0045 \" width=\"463\" height=\"289\" srcset=\"http:\/\/www.nature-comminges.asso.fr\/wp-content\/uploads\/2015\/06\/0045-calopteryx-vierge.jpg 1000w, http:\/\/www.nature-comminges.asso.fr\/wp-content\/uploads\/2015\/06\/0045-calopteryx-vierge-300x188.jpg 300w, http:\/\/www.nature-comminges.asso.fr\/wp-content\/uploads\/2015\/06\/0045-calopteryx-vierge-624x390.jpg 624w\" sizes=\"(max-width: 463px) 100vw, 463px\" \/><\/a><p id=\"caption-attachment-1781\" class=\"wp-caption-text\">Calopteryx vierge<\/p><\/div>\n<p align=\"justify\"><span style=\"font-family: Liberation Serif,serif;\"><span style=\"font-size: large;\"><span style=\"color: #000000;\">\u00a0<br class=' sb-br' \/> <br class=' sb-br' \/> <br class=' sb-br' \/> L\u00e9zard vert, couleuvre verte et jaune, vip\u00e9rine et \u00e0 collier, triton palm\u00e9, grenouille agile, rainette m\u00e9ridionale, loutre, <\/span><span style=\"color: #000000;\">nombreux papillons et <\/span><span style=\"color: #000000;\">libellules sont quelques unes des esp\u00e8ces pr\u00e9sentes sur ce corridor. <br class=' sb-br' \/>\u00a0 <br class=' sb-br' \/>\u00a0 <br class=' sb-br' \/>\u00a0 <br class=' sb-br' \/>\u00a0<\/span><\/span><\/span><\/p>\n<div id=\"attachment_1783\" style=\"width: 472px\" class=\"wp-caption alignright\"><a href=\"http:\/\/www.nature-comminges.asso.fr\/wp-content\/uploads\/2015\/06\/0142-heron-cendre.jpg\" rel=\"lightbox[264]\"><img aria-describedby=\"caption-attachment-1783\" loading=\"lazy\" class=\"wp-image-1783\" src=\"http:\/\/www.nature-comminges.asso.fr\/wp-content\/uploads\/2015\/06\/0142-heron-cendre.jpg\" alt=\"0142 heron-cendre\" width=\"462\" height=\"289\" srcset=\"http:\/\/www.nature-comminges.asso.fr\/wp-content\/uploads\/2015\/06\/0142-heron-cendre.jpg 1280w, http:\/\/www.nature-comminges.asso.fr\/wp-content\/uploads\/2015\/06\/0142-heron-cendre-300x188.jpg 300w, http:\/\/www.nature-comminges.asso.fr\/wp-content\/uploads\/2015\/06\/0142-heron-cendre-1024x640.jpg 1024w, http:\/\/www.nature-comminges.asso.fr\/wp-content\/uploads\/2015\/06\/0142-heron-cendre-624x390.jpg 624w\" sizes=\"(max-width: 462px) 100vw, 462px\" \/><\/a><p id=\"caption-attachment-1783\" class=\"wp-caption-text\">H\u00e9ron cendr\u00e9<\/p><\/div>\n<p align=\"justify\"><span style=\"font-family: Liberation Serif,serif;\"><span style=\"font-size: large;\"><span style=\"color: #000000;\">\u00a0<br class=' sb-br' \/> <br class=' sb-br' \/> Passereaux, martins p\u00eacheurs, huppes fasci\u00e9es, grandes aigrettes<\/span><span style=\"color: #000000;\">, h\u00e9rons bihoreaux, cendr\u00e9s, pourpr\u00e9s, milans noirs et autres rapaces l&#8217;utilisent comme habitat, <\/span><span style=\"color: #000000;\">ou pour certains comme une<\/span><span style=\"color: #000000;\"> halte sur le long parcours de la migration. <br class=' sb-br' \/>\u00a0 <br class=' sb-br' \/>\u00a0 <br class=' sb-br' \/>\u00a0 <br class=' sb-br' \/>\u00a0 <br class=' sb-br' \/>\u00a0<\/span><\/span><\/span><\/p>\n<div id=\"attachment_1784\" style=\"width: 471px\" class=\"wp-caption alignleft\"><a href=\"http:\/\/www.nature-comminges.asso.fr\/wp-content\/uploads\/2015\/06\/0120-cigogne-blanche.jpg\" rel=\"lightbox[264]\"><img aria-describedby=\"caption-attachment-1784\" loading=\"lazy\" class=\"wp-image-1784\" src=\"http:\/\/www.nature-comminges.asso.fr\/wp-content\/uploads\/2015\/06\/0120-cigogne-blanche.jpg\" alt=\"0120 cigogne-blanche\" width=\"461\" height=\"288\" srcset=\"http:\/\/www.nature-comminges.asso.fr\/wp-content\/uploads\/2015\/06\/0120-cigogne-blanche.jpg 1000w, http:\/\/www.nature-comminges.asso.fr\/wp-content\/uploads\/2015\/06\/0120-cigogne-blanche-300x188.jpg 300w, http:\/\/www.nature-comminges.asso.fr\/wp-content\/uploads\/2015\/06\/0120-cigogne-blanche-624x390.jpg 624w\" sizes=\"(max-width: 461px) 100vw, 461px\" \/><\/a><p id=\"caption-attachment-1784\" class=\"wp-caption-text\">Cigognes blanches<\/p><\/div>\n<p align=\"justify\"><span style=\"font-family: Liberation Serif,serif;\"><span style=\"font-size: large;\"><span style=\"color: #000000;\">\u00a0<br class=' sb-br' \/> <br class=' sb-br' \/>En bordure de la plaine de Garonne, appel\u00e9e plaine de Rivi\u00e8re, ce sont des cigognes blanches qui \u00e9lisent domicile chaque ann\u00e9e. <br class=' sb-br' \/>\u00a0 <br class=' sb-br' \/>\u00a0 <br class=' sb-br' \/>\u00a0 <br class=' sb-br' \/>\u00a0 <br class=' sb-br' \/> <br class=' sb-br' \/> \u00a0<\/span><\/span><\/span><\/p>\n<div id=\"attachment_1821\" style=\"width: 470px\" class=\"wp-caption alignright\"><a href=\"http:\/\/www.nature-comminges.asso.fr\/wp-content\/uploads\/2015\/06\/PRAIRIE-HUMIDE-A-JONCS1.jpg\" rel=\"lightbox[264]\"><img aria-describedby=\"caption-attachment-1821\" loading=\"lazy\" class=\"wp-image-1821 \" src=\"http:\/\/www.nature-comminges.asso.fr\/wp-content\/uploads\/2015\/06\/PRAIRIE-HUMIDE-A-JONCS1.jpg\" alt=\"PRAIRIE HUMIDE A JONCS\" width=\"460\" height=\"288\" srcset=\"http:\/\/www.nature-comminges.asso.fr\/wp-content\/uploads\/2015\/06\/PRAIRIE-HUMIDE-A-JONCS1.jpg 800w, http:\/\/www.nature-comminges.asso.fr\/wp-content\/uploads\/2015\/06\/PRAIRIE-HUMIDE-A-JONCS1-300x188.jpg 300w, http:\/\/www.nature-comminges.asso.fr\/wp-content\/uploads\/2015\/06\/PRAIRIE-HUMIDE-A-JONCS1-624x391.jpg 624w\" sizes=\"(max-width: 460px) 100vw, 460px\" \/><\/a><p id=\"caption-attachment-1821\" class=\"wp-caption-text\">Prairie humide \u00e0 joncs<\/p><\/div>\n<p align=\"justify\"><span style=\"font-family: Liberation Serif,serif;\"><span style=\"font-size: large;\">\u00a0<br class=' sb-br' \/> <br class=' sb-br' \/> <br class=' sb-br' \/> Sur nombre des affluents du fleuve, comme le Lavet, la zone d&#8217;expansion des crues a \u00e9galement cr\u00e9\u00e9 des zones humides <\/span><\/span><span style=\"font-family: Liberation Serif,serif;\"><span style=\"font-size: large;\">et paratourbeuses <\/span><\/span><span style=\"font-family: Liberation Serif,serif;\"><span style=\"font-size: large;\">d&#8217;une grande richesse <\/span><\/span><span style=\"font-family: Liberation Serif,serif;\"><span style=\"font-size: large;\">floristique<\/span><\/span><span style=\"font-family: Liberation Serif,serif;\"><span style=\"font-size: large;\">. <br class=' sb-br' \/>\u00a0<\/span><\/span><\/p>\n<p align=\"justify\"><span style=\"font-family: Liberation Serif,serif;\"><span style=\"font-size: large;\">\u00a0<br class=' sb-br' \/> <br class=' sb-br' \/> <br class=' sb-br' \/> <br class=' sb-br' \/> <a href=\"http:\/\/www.nature-comminges.asso.fr\/wp-content\/uploads\/2015\/06\/renard4.jpg\" rel=\"lightbox[264]\"><img loading=\"lazy\" class=\"alignleft wp-image-1823 \" src=\"http:\/\/www.nature-comminges.asso.fr\/wp-content\/uploads\/2015\/06\/renard4.jpg\" alt=\"renard4\" width=\"460\" height=\"307\" srcset=\"http:\/\/www.nature-comminges.asso.fr\/wp-content\/uploads\/2015\/06\/renard4.jpg 809w, http:\/\/www.nature-comminges.asso.fr\/wp-content\/uploads\/2015\/06\/renard4-300x200.jpg 300w, http:\/\/www.nature-comminges.asso.fr\/wp-content\/uploads\/2015\/06\/renard4-624x417.jpg 624w\" sizes=\"(max-width: 460px) 100vw, 460px\" \/><\/a>\u00a0<br class=' sb-br' \/> <br class=' sb-br' \/> <br class=' sb-br' \/> Ici comme dans toute la r\u00e9gion, d<\/span><\/span><span style=\"font-family: Liberation Serif,serif;\"><span style=\"font-size: large;\">e nombreuses esp\u00e8ces de mammif\u00e8res sauvages sont pr\u00e9sentes comme par exemple le chevreuil, le renard, <\/span><\/span><span style=\"font-family: Liberation Serif,serif;\"><span style=\"font-size: large;\">le blaireau<\/span><\/span><span style=\"font-family: Liberation Serif,serif;\"><span style=\"font-size: large;\"> ou encore le sanglier. <\/span><\/span><span style=\"font-family: Liberation Serif,serif;\"><span style=\"font-size: large;\">Ils sont plus particuli\u00e8rement visibles le soir \u00ab\u00a0entre chien et loup\u00a0\u00bb, ainsi que l<\/span><\/span><span style=\"font-family: Liberation Serif,serif;\"><span style=\"font-size: large;\">e matin <\/span><\/span><span style=\"font-family: Liberation Serif,serif;\"><span style=\"font-size: large;\">en<\/span><\/span><span style=\"font-family: Liberation Serif,serif;\"><span style=\"font-size: large;\"> lisi\u00e8re <\/span><\/span><span style=\"font-family: Liberation Serif,serif;\"><span style=\"font-size: large;\">foresti\u00e8re, au<\/span><\/span><span style=\"font-family: Liberation Serif,serif;\"><span style=\"font-size: large;\"> lev<\/span><\/span><span style=\"font-family: Liberation Serif,serif;\"><span style=\"font-size: large;\">er<\/span><\/span><span style=\"font-family: Liberation Serif,serif;\"><span style=\"font-size: large;\"> du soleil. <br class=' sb-br' \/>\u00a0 <br class=' sb-br' \/>\u00a0 <br class=' sb-br' \/>\u00a0<\/span><\/span><\/p>\n<p align=\"justify\"><span style=\"font-family: Liberation Serif,serif;\"><span style=\"font-size: large;\"><span style=\"color: #000000;\">\u00a0<br class=' sb-br' \/> L<\/span><span style=\"color: #000000;\">e territoire du Pays Comminges Pyr\u00e9n\u00e9es poss\u00e8de <\/span><span style=\"color: #000000;\">donc <\/span><span style=\"color: #000000;\">dans sa zone de<\/span><span style=\"color: #000000;\"> pi\u00e9mont <\/span><span style=\"color: #000000;\">de <\/span><span style=\"color: #000000;\">grandes valeurs paysag\u00e8res cl\u00e9s : une forte pr\u00e9sence de l\u2019agriculture, gestionnaire de <\/span><span style=\"color: #000000;\">la majorit\u00e9 de <\/span><span style=\"color: #000000;\">l\u2019espace, <\/span><span style=\"color: #000000;\">avec<\/span><span style=\"color: #000000;\"> des milieux naturels d&#8217;une grande qualit\u00e9 \u00e9cologique, vari\u00e9s mais aussi fragiles. <br class=' sb-br' \/>\u00a0 <br class=' sb-br' \/>\u00a0<\/span><\/span><\/span><\/p>\n<p align=\"justify\">Toutes photos : Membres de Nature Comminges<\/p>\n","protected":false},"excerpt":{"rendered":"<p>\u00a0 La formation des Pyr\u00e9n\u00e9es s\u2019est effectu\u00e9e lors de la premi\u00e8re moiti\u00e9 de l&#8217;\u00e8re tertiaire. Par la suite, l\u2019\u00e9rosion de la cha\u00eene a entra\u00een\u00e9 l\u2019accumulation dans l\u2019avant-pays de s\u00e9diments appel\u00e9s molasses, m\u00e9langes d\u2019argiles et de sables. En pi\u00e9mont, le plissement, alternant de petits cha\u00eenons s\u2019\u00e9levant en moyenne de 500 \u00e0 1000 m\u00e8tres d&#8217;altitude, est orient\u00e9 [&hellip;]<\/p>\n","protected":false},"author":1,"featured_media":0,"parent":0,"menu_order":0,"comment_status":"closed","ping_status":"closed","template":"","meta":[],"_links":{"self":[{"href":"http:\/\/www.nature-comminges.asso.fr\/index.php\/wp-json\/wp\/v2\/pages\/264"}],"collection":[{"href":"http:\/\/www.nature-comminges.asso.fr\/index.php\/wp-json\/wp\/v2\/pages"}],"about":[{"href":"http:\/\/www.nature-comminges.asso.fr\/index.php\/wp-json\/wp\/v2\/types\/page"}],"author":[{"embeddable":true,"href":"http:\/\/www.nature-comminges.asso.fr\/index.php\/wp-json\/wp\/v2\/users\/1"}],"replies":[{"embeddable":true,"href":"http:\/\/www.nature-comminges.asso.fr\/index.php\/wp-json\/wp\/v2\/comments?post=264"}],"version-history":[{"count":57,"href":"http:\/\/www.nature-comminges.asso.fr\/index.php\/wp-json\/wp\/v2\/pages\/264\/revisions"}],"predecessor-version":[{"id":2021,"href":"http:\/\/www.nature-comminges.asso.fr\/index.php\/wp-json\/wp\/v2\/pages\/264\/revisions\/2021"}],"wp:attachment":[{"href":"http:\/\/www.nature-comminges.asso.fr\/index.php\/wp-json\/wp\/v2\/media?parent=264"}],"curies":[{"name":"wp","href":"https:\/\/api.w.org\/{rel}","templated":true}]}}