{"id":1990,"date":"2015-10-07T15:35:15","date_gmt":"2015-10-07T14:35:15","guid":{"rendered":"http:\/\/www.nature-comminges.asso.fr\/?page_id=1990"},"modified":"2021-11-22T14:36:13","modified_gmt":"2021-11-22T13:36:13","slug":"faune-sauvage-blessee","status":"publish","type":"page","link":"http:\/\/www.nature-comminges.asso.fr\/index.php\/faune-sauvage-blessee\/","title":{"rendered":"Faune sauvage bless\u00e9e"},"content":{"rendered":"<p align=\"justify\"><span style=\"font-family: Liberation Serif,serif;\"><span style=\"font-size: large;\">\u00a0<br class=' sb-br' \/> Si vous trouvez un animal ou un oiseau bless\u00e9s dans la nature, notre r\u00f4le n&#8217;est ni de l&#8217;accueillir, ni de vous aider \u00e0 le transporter. <\/span><\/span><\/p>\n<p align=\"justify\"><span style=\"font-family: Liberation Serif,serif;\"><span style=\"font-size: large;\">Cette page vise \u00e0 vous conseiller sur les organismes \u00e0 contacter\u00a0: <br class=' sb-br' \/>\u00a0<\/span><\/span><\/p>\n<p align=\"justify\"><span style=\"font-family: Liberation Serif,serif;\"><span style=\"font-size: large;\"><strong>Pour toute esp\u00e8ce prot\u00e9g\u00e9e et sur laquelle <span style=\"color: #000080;\"><span style=\"color: #000000;\">l&#8217;OFB<\/span>\u00a0<\/span><\/strong>(Office fran\u00e7ais de la biodiversit\u00e9) <strong>coordonne un suivi<\/strong>, merci de les appeler pour une prise en charge directement dans le Comminges.<\/span><\/span><\/p>\n<p align=\"justify\"><span style=\"font-family: Liberation Serif,serif;\"><span style=\"font-size: large;\">OFB Impasse de la chapelle 31800 Villeneuve de Rivi\u00e8re T\u00e9l\u00e9phone : 05 62 00 81 00 ou 08 <br class=' sb-br' \/>\u00a0<\/span><\/span><\/p>\n<p align=\"justify\"><span style=\"font-family: Liberation Serif,serif;\"><span style=\"font-size: large;\">Exemple d&#8217;esp\u00e8ces concern\u00e9es : Cigogne blanche, galliformes de montagne, ours, gypa\u00e8te barbu, milan royal, vautour percnopt\u00e8re, etc. <br class=' sb-br' \/> <\/span><\/span><\/p>\n<p align=\"justify\"><span style=\"font-family: Liberation Serif,serif;\"><span style=\"font-size: large;\">Vous trouverez <span style=\"color: #0000ff;\"><a style=\"color: #0000ff;\" href=\"https:\/\/www.hegalaldia.org\/les-centres-de-soins-de-la-faune-sauvage-francais\/\">sur le lien suivant<\/a><\/span> la liste des centres de soins par d\u00e9partement.<br class=' sb-br' \/>\u00a0<\/span><\/span><\/p>\n<p>&nbsp;<\/p>\n","protected":false},"excerpt":{"rendered":"<p>\u00a0 Si vous trouvez un animal ou un oiseau bless\u00e9s dans la nature, notre r\u00f4le n&#8217;est ni de l&#8217;accueillir, ni de vous aider \u00e0 le transporter. Cette page vise \u00e0 vous conseiller sur les organismes \u00e0 contacter\u00a0: \u00a0 Pour toute esp\u00e8ce prot\u00e9g\u00e9e et sur laquelle l&#8217;OFB\u00a0(Office fran\u00e7ais de la biodiversit\u00e9) coordonne un suivi, merci de [&hellip;]<\/p>\n","protected":false},"author":2,"featured_media":0,"parent":0,"menu_order":0,"comment_status":"closed","ping_status":"closed","template":"","meta":[],"_links":{"self":[{"href":"http:\/\/www.nature-comminges.asso.fr\/index.php\/wp-json\/wp\/v2\/pages\/1990"}],"collection":[{"href":"http:\/\/www.nature-comminges.asso.fr\/index.php\/wp-json\/wp\/v2\/pages"}],"about":[{"href":"http:\/\/www.nature-comminges.asso.fr\/index.php\/wp-json\/wp\/v2\/types\/page"}],"author":[{"embeddable":true,"href":"http:\/\/www.nature-comminges.asso.fr\/index.php\/wp-json\/wp\/v2\/users\/2"}],"replies":[{"embeddable":true,"href":"http:\/\/www.nature-comminges.asso.fr\/index.php\/wp-json\/wp\/v2\/comments?post=1990"}],"version-history":[{"count":47,"href":"http:\/\/www.nature-comminges.asso.fr\/index.php\/wp-json\/wp\/v2\/pages\/1990\/revisions"}],"predecessor-version":[{"id":4741,"href":"http:\/\/www.nature-comminges.asso.fr\/index.php\/wp-json\/wp\/v2\/pages\/1990\/revisions\/4741"}],"wp:attachment":[{"href":"http:\/\/www.nature-comminges.asso.fr\/index.php\/wp-json\/wp\/v2\/media?parent=1990"}],"curies":[{"name":"wp","href":"https:\/\/api.w.org\/{rel}","templated":true}]}}