{"id":192,"date":"2015-06-17T15:19:11","date_gmt":"2015-06-17T14:19:11","guid":{"rendered":"http:\/\/www.nature-comminges.asso.fr\/?page_id=192"},"modified":"2023-12-16T21:58:26","modified_gmt":"2023-12-16T20:58:26","slug":"sorties-nature-comminges","status":"publish","type":"page","link":"http:\/\/www.nature-comminges.asso.fr\/index.php\/sorties-nature-comminges\/","title":{"rendered":"Sorties Nature"},"content":{"rendered":"<p style=\"text-align: center;\"><span style=\"font-family: DejaVu Sans,sans-serif;\"><span style=\"font-size: medium;\">\u00a0<br class=' sb-br' \/><\/span><\/span><span style=\"font-size: x-large;\"><span style=\"font-family: Liberation Serif,serif;\">Les sorties nature sont anim\u00e9es par des b\u00e9n\u00e9voles de l&#8217;association. <\/span><\/span><\/p>\n<p style=\"text-align: center;\"><span style=\"font-size: x-large;\"><span style=\"font-family: Liberation Serif,serif;\">Elles sont gratuites pour les adh\u00e9rents. <br class=' sb-br' \/>\u00a0<\/span><\/span><\/p>\n<div id=\"attachment_1433\" style=\"width: 481px\" class=\"wp-caption aligncenter\"><a href=\"http:\/\/www.nature-comminges.asso.fr\/wp-content\/uploads\/2015\/06\/Samuran2.jpg\" rel=\"lightbox[192]\"><img aria-describedby=\"caption-attachment-1433\" loading=\"lazy\" class=\"wp-image-1433\" src=\"http:\/\/www.nature-comminges.asso.fr\/wp-content\/uploads\/2015\/06\/Samuran2.jpg\" alt=\"\" width=\"471\" height=\"314\" srcset=\"http:\/\/www.nature-comminges.asso.fr\/wp-content\/uploads\/2015\/06\/Samuran2.jpg 1200w, http:\/\/www.nature-comminges.asso.fr\/wp-content\/uploads\/2015\/06\/Samuran2-300x200.jpg 300w, http:\/\/www.nature-comminges.asso.fr\/wp-content\/uploads\/2015\/06\/Samuran2-1024x683.jpg 1024w, http:\/\/www.nature-comminges.asso.fr\/wp-content\/uploads\/2015\/06\/Samuran2-624x416.jpg 624w\" sizes=\"(max-width: 471px) 100vw, 471px\" \/><\/a><p id=\"caption-attachment-1433\" class=\"wp-caption-text\">\u00a9 Joel Duvernay<\/p><\/div>\n<p style=\"text-align: center;\">\n","protected":false},"excerpt":{"rendered":"<p>\u00a0Les sorties nature sont anim\u00e9es par des b\u00e9n\u00e9voles de l&#8217;association. Elles sont gratuites pour les adh\u00e9rents. \u00a0<\/p>\n","protected":false},"author":1,"featured_media":0,"parent":0,"menu_order":0,"comment_status":"closed","ping_status":"closed","template":"","meta":[],"_links":{"self":[{"href":"http:\/\/www.nature-comminges.asso.fr\/index.php\/wp-json\/wp\/v2\/pages\/192"}],"collection":[{"href":"http:\/\/www.nature-comminges.asso.fr\/index.php\/wp-json\/wp\/v2\/pages"}],"about":[{"href":"http:\/\/www.nature-comminges.asso.fr\/index.php\/wp-json\/wp\/v2\/types\/page"}],"author":[{"embeddable":true,"href":"http:\/\/www.nature-comminges.asso.fr\/index.php\/wp-json\/wp\/v2\/users\/1"}],"replies":[{"embeddable":true,"href":"http:\/\/www.nature-comminges.asso.fr\/index.php\/wp-json\/wp\/v2\/comments?post=192"}],"version-history":[{"count":57,"href":"http:\/\/www.nature-comminges.asso.fr\/index.php\/wp-json\/wp\/v2\/pages\/192\/revisions"}],"predecessor-version":[{"id":5041,"href":"http:\/\/www.nature-comminges.asso.fr\/index.php\/wp-json\/wp\/v2\/pages\/192\/revisions\/5041"}],"wp:attachment":[{"href":"http:\/\/www.nature-comminges.asso.fr\/index.php\/wp-json\/wp\/v2\/media?parent=192"}],"curies":[{"name":"wp","href":"https:\/\/api.w.org\/{rel}","templated":true}]}}