{"id":182,"date":"2015-06-17T15:16:02","date_gmt":"2015-06-17T14:16:02","guid":{"rendered":"http:\/\/www.nature-comminges.asso.fr\/?page_id=182"},"modified":"2016-03-31T17:01:20","modified_gmt":"2016-03-31T16:01:20","slug":"nos-partenaires","status":"publish","type":"page","link":"http:\/\/www.nature-comminges.asso.fr\/index.php\/nos-partenaires\/","title":{"rendered":"CAP OURS"},"content":{"rendered":"<h5 class=\"western\" align=\"justify\"><span style=\"font-family: Liberation Serif,serif;\"><span style=\"font-size: large;\">\u00a0<br class=' sb-br' \/>\u00a0\u00a0 CAP-Ours est la Coordination Associative Pyr\u00e9n\u00e9enne pour l\u2019Ours.<\/span><\/span><\/h5>\n<p align=\"justify\"><span style=\"font-family: Liberation Serif,serif;\"><span style=\"font-size: large;\"><br \/>\nElle regroupe sur l\u2019ensemble de la cha\u00eene pyr\u00e9n\u00e9enne des associations de divers horizons (protection de la nature, communes, \u00e9leveurs, accompagnateurs\u2026).<\/span><\/span><\/p>\n<p align=\"justify\"><span style=\"font-family: Liberation Serif,serif;\"><span style=\"font-size: large;\"> L\u2019objectif de cette coordination est de faire valoir la pr\u00e9sence de l\u2019ours sur l\u2019ensemble du territoire : prot\u00e9ger l\u2019esp\u00e8ce mais aussi la faire accepter au travers d\u2019actions de sensibilisation, en soutenant des activit\u00e9s humaines viables et \u00e9quitables. <br class=' sb-br' \/> Notre association fait partie de la coordination, s&#8217;investit dans les r\u00e9unions, communiqu\u00e9s et divers dossiers Cap Ours. <br class=' sb-br' \/> Plusieurs dossiers sont t\u00e9l\u00e9chargeables sur cette page : <br class=' sb-br' \/> <br class=' sb-br' \/> <span style=\"color: #333399;\"><strong><a style=\"color: #333399;\" href=\"http:\/\/www.nature-comminges.asso.fr\/wp-content\/uploads\/2016\/03\/CHARTE CAP OURS.pdf\" target=\"_blank\">La charte Cap Ours<\/a><\/strong><\/span> <br class=' sb-br' \/>\u00a0<\/span><\/span><\/p>\n<p align=\"justify\"><span style=\"font-family: Liberation Serif,serif;\"><span style=\"font-size: large;\"><span style=\"color: #333399;\"><strong><a style=\"color: #333399;\" href=\"http:\/\/www.nature-comminges.asso.fr\/wp-content\/uploads\/2016\/03\/ManifesteOursFNE.pdf\" target=\"_blank\">Le Manifeste pour la Pr\u00e9servation de l&#8217;Ours Brun en France<\/a><\/strong><\/span> de France Nature Environnement <br class=' sb-br' \/>\u00a0 <br class=' sb-br' \/><br \/>\n<\/span><\/span><\/p>\n<p><span style=\"font-family: Liberation Serif,serif;\"><span style=\"font-size: large;\"><em><strong>Associations ayant sign\u00e9 la charte CAP-Ours<\/strong><\/em>\u00a0 : <br class=' sb-br' \/>\u00a0<\/span><\/span><\/p>\n<p><span style=\"font-family: Liberation Serif,serif;\"><span style=\"font-size: large;\">Associations D\u00e9partementales des Accompagnateurs en Montagne des d\u00e9partements 09 et 66<br \/>\nAssociation Nature Comminges (ANC)<\/span><\/span><\/p>\n<p><span style=\"font-family: Liberation Serif,serif;\"><span style=\"font-size: large;\">Comit\u00e9 Ecologique Ari\u00e9geois (CEA)<\/span><\/span><\/p>\n<p><span style=\"font-family: Liberation Serif,serif;\"><span style=\"font-size: large;\">Conseil International Associatif pour la Protection des Pyr\u00e9n\u00e9es (CIAPP)<\/span><\/span><\/p>\n<p><span style=\"font-family: Liberation Serif,serif;\"><span style=\"font-size: large;\">FERUS<br \/>\nFonds d&#8217;intervention Eco-Pastoral \u2013 Groupe Ours Pyr\u00e9n\u00e9es (FIEP)<br \/>\nFrance Nature Environnement et FNE 65<br \/>\nL\u2019\u0153il aux aguets<br \/>\nMille Traces<br \/>\n<\/span><\/span><\/p>\n<p><span style=\"font-family: Liberation Serif,serif;\"><span style=\"font-size: large;\">Nature Midi-Pyr\u00e9n\u00e9es (NMP) et son comit\u00e9 65 (CL 65)<\/span><\/span><\/p>\n<p><span style=\"font-family: Liberation Serif,serif;\"><span style=\"font-size: large;\">Pays de l\u2019Ours-ADET<br \/>\nSoci\u00e9t\u00e9 d\u2019Etude de Protection et d\u2019Am\u00e9nagement de la Nature dans le Sud Ouest-64 (SEPANSO)<br \/>\nSoci\u00e9t\u00e9 Fran\u00e7aise d\u2019Etude et de Protection des Mammif\u00e8res (SFEPM)<br \/>\nS&#8217;Ours<br \/>\nWWF France<\/span><\/span><\/p>\n<p>&nbsp;<\/p>\n<p><br class=' sb-br' \/> <br class=' sb-br' \/><\/p>\n","protected":false},"excerpt":{"rendered":"<p>\u00a0\u00a0\u00a0 CAP-Ours est la Coordination Associative Pyr\u00e9n\u00e9enne pour l\u2019Ours. Elle regroupe sur l\u2019ensemble de la cha\u00eene pyr\u00e9n\u00e9enne des associations de divers horizons (protection de la nature, communes, \u00e9leveurs, accompagnateurs\u2026). L\u2019objectif de cette coordination est de faire valoir la pr\u00e9sence de l\u2019ours sur l\u2019ensemble du territoire : prot\u00e9ger l\u2019esp\u00e8ce mais aussi la faire accepter au travers [&hellip;]<\/p>\n","protected":false},"author":1,"featured_media":0,"parent":0,"menu_order":0,"comment_status":"closed","ping_status":"closed","template":"","meta":[],"_links":{"self":[{"href":"http:\/\/www.nature-comminges.asso.fr\/index.php\/wp-json\/wp\/v2\/pages\/182"}],"collection":[{"href":"http:\/\/www.nature-comminges.asso.fr\/index.php\/wp-json\/wp\/v2\/pages"}],"about":[{"href":"http:\/\/www.nature-comminges.asso.fr\/index.php\/wp-json\/wp\/v2\/types\/page"}],"author":[{"embeddable":true,"href":"http:\/\/www.nature-comminges.asso.fr\/index.php\/wp-json\/wp\/v2\/users\/1"}],"replies":[{"embeddable":true,"href":"http:\/\/www.nature-comminges.asso.fr\/index.php\/wp-json\/wp\/v2\/comments?post=182"}],"version-history":[{"count":15,"href":"http:\/\/www.nature-comminges.asso.fr\/index.php\/wp-json\/wp\/v2\/pages\/182\/revisions"}],"predecessor-version":[{"id":2488,"href":"http:\/\/www.nature-comminges.asso.fr\/index.php\/wp-json\/wp\/v2\/pages\/182\/revisions\/2488"}],"wp:attachment":[{"href":"http:\/\/www.nature-comminges.asso.fr\/index.php\/wp-json\/wp\/v2\/media?parent=182"}],"curies":[{"name":"wp","href":"https:\/\/api.w.org\/{rel}","templated":true}]}}