{"id":1040,"date":"2015-08-13T12:12:21","date_gmt":"2015-08-13T11:12:21","guid":{"rendered":"http:\/\/www.nature-comminges.asso.fr\/?page_id=1040"},"modified":"2021-12-05T10:57:58","modified_gmt":"2021-12-05T09:57:58","slug":"journal-le-grand-tetras","status":"publish","type":"page","link":"http:\/\/www.nature-comminges.asso.fr\/index.php\/journal-le-grand-tetras\/","title":{"rendered":"Journal Le Grand T\u00e9tras"},"content":{"rendered":"<p style=\"text-align: left;\"><span style=\"font-family: Liberation Serif,serif;\"><span style=\"font-size: large;\">\u00a0<br class=' sb-br' \/> <a href=\"http:\/\/www.nature-comminges.asso.fr\/wp-content\/uploads\/2015\/08\/DSC02732.jpg\" rel=\"lightbox[1040]\"><img loading=\"lazy\" class=\"alignleft wp-image-2078\" src=\"http:\/\/www.nature-comminges.asso.fr\/wp-content\/uploads\/2015\/08\/DSC02732-300x225.jpg\" alt=\"DSC02732\" width=\"267\" height=\"201\" srcset=\"http:\/\/www.nature-comminges.asso.fr\/wp-content\/uploads\/2015\/08\/DSC02732-300x225.jpg 300w, http:\/\/www.nature-comminges.asso.fr\/wp-content\/uploads\/2015\/08\/DSC02732.jpg 500w\" sizes=\"(max-width: 267px) 100vw, 267px\" \/><\/a>\u00a0<br class=' sb-br' \/> Le Grand T\u00e9tras est le bulletin d&#8217;information de notre association. \u00a0<br class=' sb-br' \/>\u00a0\u00a0\u00a0\u00a0\u00a0\u00a0\u00a0\u00a0\u00a0\u00a0 \u00a0 \u00a0 \u00a0 \u00a0\u00a0\u00a0\u00a0\u00a0\u00a0 <\/span><\/span><\/p>\n<p style=\"text-align: center;\"><span style=\"font-family: Liberation Serif,serif;\"><span style=\"font-size: large;\">\u00a0<br class=' sb-br' \/> <br class=' sb-br' \/>\u00a0\u00a0\u00a0\u00a0 <br class=' sb-br' \/> <br class=' sb-br' \/> <br class=' sb-br' \/> \u00a0\u00a0\u00a0 Ces num\u00e9ros sont consultables en ligne :<br \/>\n<\/span><\/span><\/p>\n<p style=\"text-align: center;\"><span style=\"font-family: Liberation Serif,serif;\"><span style=\"font-size: large;\"><a href=\"http:\/\/www.nature-comminges.asso.fr\/wp-content\/uploads\/2021\/12\/Journ-Grand-tetras-n\u00b019-juillet2021.pdf\" target=\"_blank\" rel=\"noopener noreferrer\"><strong>Num\u00e9ro 19<\/strong><\/a><\/span><\/span><\/p>\n<p style=\"text-align: center;\"><span style=\"font-family: Liberation Serif,serif;\"><span style=\"font-size: large;\"><a href=\"http:\/\/www.nature-comminges.asso.fr\/wp-content\/uploads\/2021\/12\/Journ-Grand-tetras-n\u00b0182020.pdf\" target=\"_blank\" rel=\"noopener noreferrer\"><strong>Num\u00e9ro 18<\/strong><\/a><\/span><\/span><\/p>\n<p style=\"text-align: center;\"><span style=\"font-family: Liberation Serif,serif;\"><span style=\"font-size: large;\"><a href=\"http:\/\/www.nature-comminges.asso.fr\/wp-content\/uploads\/2021\/12\/Journ-Grand-tetras-n\u00b0172018.pdf\" target=\"_blank\" rel=\"noopener noreferrer\"><strong>Num\u00e9ro 17<\/strong><\/a><\/span><\/span><\/p>\n<p style=\"text-align: center;\"><span style=\"font-family: Liberation Serif,serif;\"><span style=\"font-size: large;\"><a href=\"http:\/\/www.nature-comminges.asso.fr\/wp-content\/uploads\/2016\/11\/Journ Grand-t\u00e9tras n\u00b016.pdf\" target=\"_blank\" rel=\"noopener noreferrer\"><strong>Num\u00e9ro 16<\/strong><\/a><\/span><\/span><\/p>\n<p style=\"text-align: center;\"><span style=\"font-family: Liberation Serif,serif;\"><span style=\"font-size: large;\"><a href=\"http:\/\/www.nature-comminges.asso.fr\/wp-content\/uploads\/PDF\/Journ%20Grand-t\u00e9tras n\u00b015.pdf\" target=\"_blank\" rel=\"noopener noreferrer\"><strong>Num\u00e9ro 15<\/strong><\/a><\/span><\/span><\/p>\n<p style=\"text-align: center;\"><strong><a href=\"http:\/\/www.nature-comminges.asso.fr\/wp-content\/uploads\/PDF\/journal_le_grand_tetras_14.pdf\" target=\"_blank\" rel=\"noopener noreferrer\"><span style=\"font-family: Liberation Serif,serif;\"><span style=\"font-size: large;\">Num\u00e9ro 14 <\/span><\/span><\/a><\/strong><\/p>\n<p style=\"text-align: center;\"><strong><a href=\"http:\/\/www.nature-comminges.asso.fr\/wp-content\/uploads\/PDF\/journal_le_grand_tetras_13.pdf\" target=\"_blank\" rel=\"noopener noreferrer\"><span style=\"font-family: Liberation Serif,serif;\"><span style=\"font-size: large;\">Num\u00e9ro 13<\/span><\/span><\/a><\/strong><\/p>\n<p style=\"text-align: center;\"><strong><a href=\"http:\/\/www.nature-comminges.asso.fr\/wp-content\/uploads\/wp-content\/uploads\/PDF\/journal_le_grand-tetras_12.pdf\" target=\"_blank\" rel=\"noopener noreferrer\"><span style=\"font-family: Liberation Serif,serif;\"><span style=\"font-size: large;\">Num\u00e9ro 12<\/span><\/span><\/a><\/strong><\/p>\n<p style=\"text-align: center;\"><strong><a href=\"http:\/\/www.nature-comminges.asso.fr\/wp-content\/uploads\/PDF\/journal_le_grand_tetras_11.pdf\" target=\"_blank\" rel=\"noopener noreferrer\"><span style=\"font-family: Liberation Serif,serif;\"><span style=\"font-size: large;\"> Num\u00e9ro 11<\/span><\/span><\/a><\/strong><\/p>\n<p style=\"text-align: center;\"><strong><a href=\"http:\/\/www.nature-comminges.asso.fr\/wp-content\/uploads\/PDF\/GRAND_TETRAS__10.pdf\" target=\"_blank\" rel=\"noopener noreferrer\"><span style=\"font-family: Liberation Serif,serif;\"><span style=\"font-size: large;\"> Num\u00e9ro 10<\/span><\/span><\/a><\/strong><\/p>\n<p style=\"text-align: center;\"><strong><a href=\"http:\/\/www.nature-comminges.asso.fr\/wp-content\/uploads\/PDF\/journal_le_grand_tetras_9.pdf\" target=\"_blank\" rel=\"noopener noreferrer\"><span style=\"font-family: Liberation Serif,serif;\"><span style=\"font-size: large;\"> Num\u00e9ro 9<\/span><\/span><\/a><\/strong><\/p>\n<p style=\"text-align: center;\"><strong><a href=\"http:\/\/www.nature-comminges.asso.fr\/wp-content\/uploads\/PDF\/journal_le_grand_tetras_8.pdf\" target=\"_blank\" rel=\"noopener noreferrer\"><span style=\"font-family: Liberation Serif,serif;\"><span style=\"font-size: large;\"> Num\u00e9ro 8<\/span><\/span><\/a><\/strong><\/p>\n<p style=\"text-align: center;\"><strong><a href=\"http:\/\/www.nature-comminges.asso.fr\/wp-content\/uploads\/PDF\/journal_le_grand_tetras_7.pdf\" target=\"_blank\" rel=\"noopener noreferrer\"><span style=\"font-family: Liberation Serif,serif;\"><span style=\"font-size: large;\"> Num\u00e9ro 7<\/span><\/span><\/a><\/strong><\/p>\n<p style=\"text-align: center;\"><strong><a href=\"http:\/\/www.nature-comminges.asso.fr\/wp-content\/uploads\/PDF\/journal_le_grand_tetras_6.pdf\" target=\"_blank\" rel=\"noopener noreferrer\"><span style=\"font-family: Liberation Serif,serif;\"><span style=\"font-size: large;\"> Num\u00e9ro 6<\/span><\/span><\/a><\/strong><\/p>\n<p style=\"text-align: center;\"><strong><a href=\"http:\/\/www.nature-comminges.asso.fr\/wp-content\/uploads\/PDF\/Grand Tetras n\u00b05 2001.pdf\" target=\"_blank\" rel=\"noopener noreferrer\"><span style=\"font-family: Liberation Serif,serif;\"><span style=\"font-size: large;\"> Num\u00e9ro 5<\/span><\/span><\/a><\/strong><\/p>\n<p style=\"text-align: center;\"><strong><a href=\"http:\/\/www.nature-comminges.asso.fr\/wp-content\/uploads\/PDF\/GRANDTETRAS N\u00b04.pdf\" target=\"_blank\" rel=\"noopener noreferrer\"><span style=\"font-family: Liberation Serif,serif;\"><span style=\"font-size: large;\"> Num\u00e9ro 4<\/span><\/span><\/a><\/strong><\/p>\n<p style=\"text-align: center;\"><span style=\"font-family: Liberation Serif,serif;\"><span style=\"font-size: large;\">\u00a0<\/span><\/span><\/p>\n","protected":false},"excerpt":{"rendered":"<p>\u00a0 \u00a0 Le Grand T\u00e9tras est le bulletin d&#8217;information de notre association. \u00a0\u00a0\u00a0\u00a0\u00a0\u00a0\u00a0\u00a0\u00a0\u00a0\u00a0 \u00a0 \u00a0 \u00a0 \u00a0\u00a0\u00a0\u00a0\u00a0\u00a0 \u00a0 \u00a0\u00a0\u00a0\u00a0 \u00a0\u00a0\u00a0 Ces num\u00e9ros sont consultables en ligne : Num\u00e9ro 19 Num\u00e9ro 18 Num\u00e9ro 17 Num\u00e9ro 16 Num\u00e9ro 15 Num\u00e9ro 14 Num\u00e9ro 13 Num\u00e9ro 12 Num\u00e9ro 11 Num\u00e9ro 10 Num\u00e9ro 9 Num\u00e9ro 8 Num\u00e9ro 7 Num\u00e9ro 6 [&hellip;]<\/p>\n","protected":false},"author":2,"featured_media":0,"parent":0,"menu_order":0,"comment_status":"closed","ping_status":"closed","template":"","meta":[],"_links":{"self":[{"href":"http:\/\/www.nature-comminges.asso.fr\/index.php\/wp-json\/wp\/v2\/pages\/1040"}],"collection":[{"href":"http:\/\/www.nature-comminges.asso.fr\/index.php\/wp-json\/wp\/v2\/pages"}],"about":[{"href":"http:\/\/www.nature-comminges.asso.fr\/index.php\/wp-json\/wp\/v2\/types\/page"}],"author":[{"embeddable":true,"href":"http:\/\/www.nature-comminges.asso.fr\/index.php\/wp-json\/wp\/v2\/users\/2"}],"replies":[{"embeddable":true,"href":"http:\/\/www.nature-comminges.asso.fr\/index.php\/wp-json\/wp\/v2\/comments?post=1040"}],"version-history":[{"count":75,"href":"http:\/\/www.nature-comminges.asso.fr\/index.php\/wp-json\/wp\/v2\/pages\/1040\/revisions"}],"predecessor-version":[{"id":4750,"href":"http:\/\/www.nature-comminges.asso.fr\/index.php\/wp-json\/wp\/v2\/pages\/1040\/revisions\/4750"}],"wp:attachment":[{"href":"http:\/\/www.nature-comminges.asso.fr\/index.php\/wp-json\/wp\/v2\/media?parent=1040"}],"curies":[{"name":"wp","href":"https:\/\/api.w.org\/{rel}","templated":true}]}}